{"id":7134,"date":"2021-06-14T20:00:06","date_gmt":"2021-06-14T20:00:06","guid":{"rendered":"https:\/\/traumasolutions.pe\/tienda\/?page_id=7134"},"modified":"2021-06-27T01:35:40","modified_gmt":"2021-06-27T01:35:40","slug":"preguntas-frecuentes","status":"publish","type":"page","link":"https:\/\/traumasolutions.pe\/tienda\/preguntas-frecuentes\/","title":{"rendered":"Preguntas frecuentes"},"content":{"rendered":"<h3 style=\"text-align: center;\"><a href=\"https:\/\/traumasolutions.pe\/tienda\/etiqueta-producto\/incrediwear\/\"><strong>Incrediwear<\/strong><\/a><\/h3>\n<p><img fetchpriority=\"high\" decoding=\"async\" class=\"size-medium wp-image-6486 aligncenter\" src=\"https:\/\/traumasolutions.pe\/tienda\/wp-content\/uploads\/2021\/04\/deportivo3-300x183.jpg\" alt=\"Preguntas frecuentas Incrediwear\" width=\"300\" height=\"183\" srcset=\"https:\/\/traumasolutions.pe\/tienda\/wp-content\/uploads\/2021\/04\/deportivo3-300x183.jpg 300w, https:\/\/traumasolutions.pe\/tienda\/wp-content\/uploads\/2021\/04\/deportivo3.jpg 410w\" sizes=\"(max-width: 300px) 100vw, 300px\" \/><\/p>\n<h5><strong>\u00bfC\u00d3MO LAVAS TUS PRODUCTOS?<\/strong><\/h5>\n<p>La mayor\u00eda de los productos Incrediwear se pueden lavar con agua tibia o fr\u00eda, secar en secadora a baja temperatura.\u00a0No usar lej\u00eda, planchar ni limpiar en seco.<\/p>\n<h5><strong>\u00bfC\u00d3MO DECIDO QU\u00c9 TALLA CONSEGUIR?<\/strong><\/h5>\n<p>Nuestro tama\u00f1o de productos es un poco peque\u00f1o, por ejemplo; Si tiene una talla peque\u00f1a, en realidad puede ser una talla mediana en nuestra l\u00ednea de productos de recuperaci\u00f3n.\u00a0Por lo tanto, consulte a nuestros especialistas por nuestras redes sociales.<\/p>\n<h5><strong>\u00bfINCREDIWEAR TIENE L\u00c1TEX?<\/strong><\/h5>\n<p>No. Si alguno de nuestros productos tuviera l\u00e1tex;\u00a0Es nuestra pol\u00edtica etiquetar claramente cualquier producto que lleve l\u00e1tex.<\/p>\n<h6><strong>\u00bfCU\u00c1NTO TIEMPO SE TARDA EN FUNCIONAR\u00a0?<\/strong><\/h6>\n<p>Algunas personas notan una diferencia inmediata en su dolor o molestias.\u00a0Sin embargo, por lo general se necesitan unos 20 minutos en promedio para notar una diferencia.<\/p>\n<h5><strong>\u00bfCU\u00c1NTO TIEMPO DEBO USARLO?<\/strong><\/h5>\n<p>Puede usar nuestros productos durante el tiempo que se sienta c\u00f3modo. Si\u00a0se produce alguna molestia por el uso del producto, qu\u00edtelo y duerma bien por la noche.<\/p>\n","protected":false},"excerpt":{"rendered":"<p>Incrediwear \u00bfC\u00d3MO LAVAS TUS PRODUCTOS? La mayor\u00eda de los productos Incrediwear se pueden lavar con agua tibia o fr\u00eda, secar en secadora a baja temperatura.\u00a0No usar lej\u00eda, planchar ni limpiar en seco. \u00bfC\u00d3MO DECIDO QU\u00c9 TALLA CONSEGUIR? Nuestro tama\u00f1o de productos es un poco peque\u00f1o, por ejemplo; Si tiene una talla peque\u00f1a, en realidad puede [&hellip;]<\/p>\n","protected":false},"author":1,"featured_media":0,"parent":0,"menu_order":0,"comment_status":"closed","ping_status":"closed","template":"","meta":{"_acf_changed":false,"inline_featured_image":false,"_joinchat":[],"footnotes":""},"class_list":["post-7134","page","type-page","status-publish","hentry"],"acf":[],"yoast_head":"<!-- This site is optimized with the Yoast SEO plugin v27.2 - https:\/\/yoast.com\/product\/yoast-seo-wordpress\/ -->\n<title>Preguntas frecuentes - Trauma Solutions<\/title>\n<meta name=\"robots\" content=\"index, follow, max-snippet:-1, max-image-preview:large, max-video-preview:-1\" \/>\n<link rel=\"canonical\" href=\"https:\/\/traumasolutions.pe\/tienda\/preguntas-frecuentes\/\" \/>\n<meta property=\"og:locale\" content=\"es_ES\" \/>\n<meta property=\"og:type\" content=\"article\" \/>\n<meta property=\"og:title\" content=\"Preguntas frecuentes - Trauma Solutions\" \/>\n<meta property=\"og:description\" content=\"Incrediwear \u00bfC\u00d3MO LAVAS TUS PRODUCTOS? La mayor\u00eda de los productos Incrediwear se pueden lavar con agua tibia o fr\u00eda, secar en secadora a baja temperatura.\u00a0No usar lej\u00eda, planchar ni limpiar en seco. \u00bfC\u00d3MO DECIDO QU\u00c9 TALLA CONSEGUIR? Nuestro tama\u00f1o de productos es un poco peque\u00f1o, por ejemplo; Si tiene una talla peque\u00f1a, en realidad puede [&hellip;]\" \/>\n<meta property=\"og:url\" content=\"https:\/\/traumasolutions.pe\/tienda\/preguntas-frecuentes\/\" \/>\n<meta property=\"og:site_name\" content=\"Trauma Solutions\" \/>\n<meta property=\"article:modified_time\" content=\"2021-06-27T01:35:40+00:00\" \/>\n<meta property=\"og:image\" content=\"https:\/\/traumasolutions.pe\/tienda\/wp-content\/uploads\/2021\/04\/deportivo3-300x183.jpg\" \/>\n<meta name=\"twitter:card\" content=\"summary_large_image\" \/>\n<meta name=\"twitter:label1\" content=\"Tiempo de lectura\" \/>\n\t<meta name=\"twitter:data1\" content=\"1 minuto\" \/>\n<script type=\"application\/ld+json\" class=\"yoast-schema-graph\">{\"@context\":\"https:\/\/schema.org\",\"@graph\":[{\"@type\":\"WebPage\",\"@id\":\"https:\/\/traumasolutions.pe\/tienda\/preguntas-frecuentes\/\",\"url\":\"https:\/\/traumasolutions.pe\/tienda\/preguntas-frecuentes\/\",\"name\":\"Preguntas frecuentes - Trauma Solutions\",\"isPartOf\":{\"@id\":\"https:\/\/traumasolutions.pe\/tienda\/#website\"},\"primaryImageOfPage\":{\"@id\":\"https:\/\/traumasolutions.pe\/tienda\/preguntas-frecuentes\/#primaryimage\"},\"image\":{\"@id\":\"https:\/\/traumasolutions.pe\/tienda\/preguntas-frecuentes\/#primaryimage\"},\"thumbnailUrl\":\"https:\/\/traumasolutions.pe\/tienda\/wp-content\/uploads\/2021\/04\/deportivo3-300x183.jpg\",\"datePublished\":\"2021-06-14T20:00:06+00:00\",\"dateModified\":\"2021-06-27T01:35:40+00:00\",\"breadcrumb\":{\"@id\":\"https:\/\/traumasolutions.pe\/tienda\/preguntas-frecuentes\/#breadcrumb\"},\"inLanguage\":\"es\",\"potentialAction\":[{\"@type\":\"ReadAction\",\"target\":[\"https:\/\/traumasolutions.pe\/tienda\/preguntas-frecuentes\/\"]}]},{\"@type\":\"ImageObject\",\"inLanguage\":\"es\",\"@id\":\"https:\/\/traumasolutions.pe\/tienda\/preguntas-frecuentes\/#primaryimage\",\"url\":\"https:\/\/traumasolutions.pe\/tienda\/wp-content\/uploads\/2021\/04\/deportivo3.jpg\",\"contentUrl\":\"https:\/\/traumasolutions.pe\/tienda\/wp-content\/uploads\/2021\/04\/deportivo3.jpg\",\"width\":410,\"height\":250,\"caption\":\"Preguntas frecuentas Incrediwear\"},{\"@type\":\"BreadcrumbList\",\"@id\":\"https:\/\/traumasolutions.pe\/tienda\/preguntas-frecuentes\/#breadcrumb\",\"itemListElement\":[{\"@type\":\"ListItem\",\"position\":1,\"name\":\"Portada\",\"item\":\"https:\/\/traumasolutions.pe\/tienda\/\"},{\"@type\":\"ListItem\",\"position\":2,\"name\":\"Preguntas frecuentes\"}]},{\"@type\":\"WebSite\",\"@id\":\"https:\/\/traumasolutions.pe\/tienda\/#website\",\"url\":\"https:\/\/traumasolutions.pe\/tienda\/\",\"name\":\"Trauma Solutions\",\"description\":\"Sitio Web Oficial\",\"potentialAction\":[{\"@type\":\"SearchAction\",\"target\":{\"@type\":\"EntryPoint\",\"urlTemplate\":\"https:\/\/traumasolutions.pe\/tienda\/?s={search_term_string}\"},\"query-input\":{\"@type\":\"PropertyValueSpecification\",\"valueRequired\":true,\"valueName\":\"search_term_string\"}}],\"inLanguage\":\"es\"}]}<\/script>\n<!-- \/ Yoast SEO plugin. -->","yoast_head_json":{"title":"Preguntas frecuentes - Trauma Solutions","robots":{"index":"index","follow":"follow","max-snippet":"max-snippet:-1","max-image-preview":"max-image-preview:large","max-video-preview":"max-video-preview:-1"},"canonical":"https:\/\/traumasolutions.pe\/tienda\/preguntas-frecuentes\/","og_locale":"es_ES","og_type":"article","og_title":"Preguntas frecuentes - Trauma Solutions","og_description":"Incrediwear \u00bfC\u00d3MO LAVAS TUS PRODUCTOS? La mayor\u00eda de los productos Incrediwear se pueden lavar con agua tibia o fr\u00eda, secar en secadora a baja temperatura.\u00a0No usar lej\u00eda, planchar ni limpiar en seco. \u00bfC\u00d3MO DECIDO QU\u00c9 TALLA CONSEGUIR? Nuestro tama\u00f1o de productos es un poco peque\u00f1o, por ejemplo; Si tiene una talla peque\u00f1a, en realidad puede [&hellip;]","og_url":"https:\/\/traumasolutions.pe\/tienda\/preguntas-frecuentes\/","og_site_name":"Trauma Solutions","article_modified_time":"2021-06-27T01:35:40+00:00","og_image":[{"url":"https:\/\/traumasolutions.pe\/tienda\/wp-content\/uploads\/2021\/04\/deportivo3-300x183.jpg","type":"","width":"","height":""}],"twitter_card":"summary_large_image","twitter_misc":{"Tiempo de lectura":"1 minuto"},"schema":{"@context":"https:\/\/schema.org","@graph":[{"@type":"WebPage","@id":"https:\/\/traumasolutions.pe\/tienda\/preguntas-frecuentes\/","url":"https:\/\/traumasolutions.pe\/tienda\/preguntas-frecuentes\/","name":"Preguntas frecuentes - Trauma Solutions","isPartOf":{"@id":"https:\/\/traumasolutions.pe\/tienda\/#website"},"primaryImageOfPage":{"@id":"https:\/\/traumasolutions.pe\/tienda\/preguntas-frecuentes\/#primaryimage"},"image":{"@id":"https:\/\/traumasolutions.pe\/tienda\/preguntas-frecuentes\/#primaryimage"},"thumbnailUrl":"https:\/\/traumasolutions.pe\/tienda\/wp-content\/uploads\/2021\/04\/deportivo3-300x183.jpg","datePublished":"2021-06-14T20:00:06+00:00","dateModified":"2021-06-27T01:35:40+00:00","breadcrumb":{"@id":"https:\/\/traumasolutions.pe\/tienda\/preguntas-frecuentes\/#breadcrumb"},"inLanguage":"es","potentialAction":[{"@type":"ReadAction","target":["https:\/\/traumasolutions.pe\/tienda\/preguntas-frecuentes\/"]}]},{"@type":"ImageObject","inLanguage":"es","@id":"https:\/\/traumasolutions.pe\/tienda\/preguntas-frecuentes\/#primaryimage","url":"https:\/\/traumasolutions.pe\/tienda\/wp-content\/uploads\/2021\/04\/deportivo3.jpg","contentUrl":"https:\/\/traumasolutions.pe\/tienda\/wp-content\/uploads\/2021\/04\/deportivo3.jpg","width":410,"height":250,"caption":"Preguntas frecuentas Incrediwear"},{"@type":"BreadcrumbList","@id":"https:\/\/traumasolutions.pe\/tienda\/preguntas-frecuentes\/#breadcrumb","itemListElement":[{"@type":"ListItem","position":1,"name":"Portada","item":"https:\/\/traumasolutions.pe\/tienda\/"},{"@type":"ListItem","position":2,"name":"Preguntas frecuentes"}]},{"@type":"WebSite","@id":"https:\/\/traumasolutions.pe\/tienda\/#website","url":"https:\/\/traumasolutions.pe\/tienda\/","name":"Trauma Solutions","description":"Sitio Web Oficial","potentialAction":[{"@type":"SearchAction","target":{"@type":"EntryPoint","urlTemplate":"https:\/\/traumasolutions.pe\/tienda\/?s={search_term_string}"},"query-input":{"@type":"PropertyValueSpecification","valueRequired":true,"valueName":"search_term_string"}}],"inLanguage":"es"}]}},"_links":{"self":[{"href":"https:\/\/traumasolutions.pe\/tienda\/wp-json\/wp\/v2\/pages\/7134","targetHints":{"allow":["GET"]}}],"collection":[{"href":"https:\/\/traumasolutions.pe\/tienda\/wp-json\/wp\/v2\/pages"}],"about":[{"href":"https:\/\/traumasolutions.pe\/tienda\/wp-json\/wp\/v2\/types\/page"}],"author":[{"embeddable":true,"href":"https:\/\/traumasolutions.pe\/tienda\/wp-json\/wp\/v2\/users\/1"}],"replies":[{"embeddable":true,"href":"https:\/\/traumasolutions.pe\/tienda\/wp-json\/wp\/v2\/comments?post=7134"}],"version-history":[{"count":3,"href":"https:\/\/traumasolutions.pe\/tienda\/wp-json\/wp\/v2\/pages\/7134\/revisions"}],"predecessor-version":[{"id":7791,"href":"https:\/\/traumasolutions.pe\/tienda\/wp-json\/wp\/v2\/pages\/7134\/revisions\/7791"}],"wp:attachment":[{"href":"https:\/\/traumasolutions.pe\/tienda\/wp-json\/wp\/v2\/media?parent=7134"}],"curies":[{"name":"wp","href":"https:\/\/api.w.org\/{rel}","templated":true}]}}