{"id":6577,"date":"2021-05-13T20:15:37","date_gmt":"2021-05-13T20:15:37","guid":{"rendered":"https:\/\/traumasolutions.pe\/tienda\/?post_type=product&#038;p=6577"},"modified":"2024-02-05T20:46:40","modified_gmt":"2024-02-05T20:46:40","slug":"dh-active-offloading-walker-zapato-post-op-para-pie-diabetico","status":"publish","type":"product","link":"https:\/\/traumasolutions.pe\/tienda\/producto\/dh-active-offloading-walker-zapato-post-op-para-pie-diabetico\/","title":{"rendered":"DH Active Offloading Walker\u00ae zapato post OP para pie diab\u00e9tico, zapato post operatorio para pie diab\u00e9tico"},"content":{"rendered":"","protected":false},"excerpt":{"rendered":"<p>La DH Offloading Walker\u00a0 est\u00e1 dise\u00f1ado para el pie derecho o izquierdo, proporcionando una descarga en la zona afectada. Se ha demostrado que este producto cura \u00falceras plantares.<\/p>\n<ul>\n<li>Pacientes diab\u00e9ticos con \u00falceras en la planta del pie.<\/li>\n<li>Pacientes diab\u00e9ticos con riesgo de \u00falceras en la planta del pie.<\/li>\n<li>Juanetes<\/li>\n<li>Dedos en martillo<\/li>\n<\/ul>\n","protected":false},"featured_media":7954,"comment_status":"open","ping_status":"closed","template":"","meta":{"_acf_changed":false,"inline_featured_image":false,"_joinchat":[]},"product_brand":[],"product_cat":[184,172,177],"product_tag":[318,161,306,317,316,315],"class_list":{"0":"post-6577","1":"product","2":"type-product","3":"status-publish","4":"has-post-thumbnail","6":"product_cat-ossur","7":"product_cat-parte-inferior-del-cuerpo","8":"product_cat-pies","9":"product_tag-diabetes","10":"product_tag-ossur","11":"product_tag-pie","12":"product_tag-pie-diabetico","13":"product_tag-zapato","14":"product_tag-zapato-postoperatorio","16":"first","17":"instock","18":"shipping-taxable","19":"purchasable","20":"product-type-variable"},"acf":[],"yoast_head":"<!-- This site is optimized with the Yoast SEO plugin v27.2 - https:\/\/yoast.com\/product\/yoast-seo-wordpress\/ -->\n<title>DH Active Offloading Walker\u00ae zapato post OP para pie diab\u00e9tico, zapato post operatorio para pie diab\u00e9tico - Trauma Solutions<\/title>\n<meta name=\"robots\" content=\"index, follow, max-snippet:-1, max-image-preview:large, max-video-preview:-1\" \/>\n<link rel=\"canonical\" href=\"https:\/\/traumasolutions.pe\/tienda\/producto\/dh-active-offloading-walker-zapato-post-op-para-pie-diabetico\/\" \/>\n<meta property=\"og:locale\" content=\"es_ES\" \/>\n<meta property=\"og:type\" content=\"article\" \/>\n<meta property=\"og:title\" content=\"DH Active Offloading Walker\u00ae zapato post OP para pie diab\u00e9tico, zapato post operatorio para pie diab\u00e9tico - Trauma Solutions\" \/>\n<meta property=\"og:description\" content=\"La DH Offloading Walker\u00a0 est\u00e1 dise\u00f1ado para el pie derecho o izquierdo, proporcionando una descarga en la zona afectada. Se ha demostrado que este producto cura \u00falceras plantares.   Pacientes diab\u00e9ticos con \u00falceras en la planta del pie.  Pacientes diab\u00e9ticos con riesgo de \u00falceras en la planta del pie.  Juanetes  Dedos en martillo\" \/>\n<meta property=\"og:url\" content=\"https:\/\/traumasolutions.pe\/tienda\/producto\/dh-active-offloading-walker-zapato-post-op-para-pie-diabetico\/\" \/>\n<meta property=\"og:site_name\" content=\"Trauma Solutions\" \/>\n<meta property=\"article:modified_time\" content=\"2024-02-05T20:46:40+00:00\" \/>\n<meta property=\"og:image\" content=\"https:\/\/traumasolutions.pe\/tienda\/wp-content\/uploads\/2021\/05\/ZAPATO-POST-OPERATORIO.jpg\" \/>\n\t<meta property=\"og:image:width\" content=\"2000\" \/>\n\t<meta property=\"og:image:height\" content=\"2000\" \/>\n\t<meta property=\"og:image:type\" content=\"image\/jpeg\" \/>\n<meta name=\"twitter:card\" content=\"summary_large_image\" \/>\n<script type=\"application\/ld+json\" class=\"yoast-schema-graph\">{\"@context\":\"https:\/\/schema.org\",\"@graph\":[{\"@type\":\"WebPage\",\"@id\":\"https:\/\/traumasolutions.pe\/tienda\/producto\/dh-active-offloading-walker-zapato-post-op-para-pie-diabetico\/\",\"url\":\"https:\/\/traumasolutions.pe\/tienda\/producto\/dh-active-offloading-walker-zapato-post-op-para-pie-diabetico\/\",\"name\":\"DH Active Offloading Walker\u00ae zapato post OP para pie diab\u00e9tico, zapato post operatorio para pie diab\u00e9tico - Trauma Solutions\",\"isPartOf\":{\"@id\":\"https:\/\/traumasolutions.pe\/tienda\/#website\"},\"primaryImageOfPage\":{\"@id\":\"https:\/\/traumasolutions.pe\/tienda\/producto\/dh-active-offloading-walker-zapato-post-op-para-pie-diabetico\/#primaryimage\"},\"image\":{\"@id\":\"https:\/\/traumasolutions.pe\/tienda\/producto\/dh-active-offloading-walker-zapato-post-op-para-pie-diabetico\/#primaryimage\"},\"thumbnailUrl\":\"https:\/\/traumasolutions.pe\/tienda\/wp-content\/uploads\/2021\/05\/ZAPATO-POST-OPERATORIO.jpg\",\"datePublished\":\"2021-05-13T20:15:37+00:00\",\"dateModified\":\"2024-02-05T20:46:40+00:00\",\"breadcrumb\":{\"@id\":\"https:\/\/traumasolutions.pe\/tienda\/producto\/dh-active-offloading-walker-zapato-post-op-para-pie-diabetico\/#breadcrumb\"},\"inLanguage\":\"es\",\"potentialAction\":[{\"@type\":\"ReadAction\",\"target\":[\"https:\/\/traumasolutions.pe\/tienda\/producto\/dh-active-offloading-walker-zapato-post-op-para-pie-diabetico\/\"]}]},{\"@type\":\"ImageObject\",\"inLanguage\":\"es\",\"@id\":\"https:\/\/traumasolutions.pe\/tienda\/producto\/dh-active-offloading-walker-zapato-post-op-para-pie-diabetico\/#primaryimage\",\"url\":\"https:\/\/traumasolutions.pe\/tienda\/wp-content\/uploads\/2021\/05\/ZAPATO-POST-OPERATORIO.jpg\",\"contentUrl\":\"https:\/\/traumasolutions.pe\/tienda\/wp-content\/uploads\/2021\/05\/ZAPATO-POST-OPERATORIO.jpg\",\"width\":2000,\"height\":2000,\"caption\":\"Zapato postoperatorio para pie diab\u00e9tico, zapato postoperatorio, pie diab\u00e9tico, pie, zapato\"},{\"@type\":\"BreadcrumbList\",\"@id\":\"https:\/\/traumasolutions.pe\/tienda\/producto\/dh-active-offloading-walker-zapato-post-op-para-pie-diabetico\/#breadcrumb\",\"itemListElement\":[{\"@type\":\"ListItem\",\"position\":1,\"name\":\"Portada\",\"item\":\"https:\/\/traumasolutions.pe\/tienda\/\"},{\"@type\":\"ListItem\",\"position\":2,\"name\":\"Shop\",\"item\":\"https:\/\/traumasolutions.pe\/tienda\/shop\/\"},{\"@type\":\"ListItem\",\"position\":3,\"name\":\"DH Active Offloading Walker\u00ae zapato post OP para pie diab\u00e9tico, zapato post operatorio para pie diab\u00e9tico\"}]},{\"@type\":\"WebSite\",\"@id\":\"https:\/\/traumasolutions.pe\/tienda\/#website\",\"url\":\"https:\/\/traumasolutions.pe\/tienda\/\",\"name\":\"Trauma Solutions\",\"description\":\"Sitio Web Oficial\",\"potentialAction\":[{\"@type\":\"SearchAction\",\"target\":{\"@type\":\"EntryPoint\",\"urlTemplate\":\"https:\/\/traumasolutions.pe\/tienda\/?s={search_term_string}\"},\"query-input\":{\"@type\":\"PropertyValueSpecification\",\"valueRequired\":true,\"valueName\":\"search_term_string\"}}],\"inLanguage\":\"es\"}]}<\/script>\n<!-- \/ Yoast SEO plugin. -->","yoast_head_json":{"title":"DH Active Offloading Walker\u00ae zapato post OP para pie diab\u00e9tico, zapato post operatorio para pie diab\u00e9tico - Trauma Solutions","robots":{"index":"index","follow":"follow","max-snippet":"max-snippet:-1","max-image-preview":"max-image-preview:large","max-video-preview":"max-video-preview:-1"},"canonical":"https:\/\/traumasolutions.pe\/tienda\/producto\/dh-active-offloading-walker-zapato-post-op-para-pie-diabetico\/","og_locale":"es_ES","og_type":"article","og_title":"DH Active Offloading Walker\u00ae zapato post OP para pie diab\u00e9tico, zapato post operatorio para pie diab\u00e9tico - Trauma Solutions","og_description":"La DH Offloading Walker\u00a0 est\u00e1 dise\u00f1ado para el pie derecho o izquierdo, proporcionando una descarga en la zona afectada. Se ha demostrado que este producto cura \u00falceras plantares.   Pacientes diab\u00e9ticos con \u00falceras en la planta del pie.  Pacientes diab\u00e9ticos con riesgo de \u00falceras en la planta del pie.  Juanetes  Dedos en martillo","og_url":"https:\/\/traumasolutions.pe\/tienda\/producto\/dh-active-offloading-walker-zapato-post-op-para-pie-diabetico\/","og_site_name":"Trauma Solutions","article_modified_time":"2024-02-05T20:46:40+00:00","og_image":[{"width":2000,"height":2000,"url":"https:\/\/traumasolutions.pe\/tienda\/wp-content\/uploads\/2021\/05\/ZAPATO-POST-OPERATORIO.jpg","type":"image\/jpeg"}],"twitter_card":"summary_large_image","schema":{"@context":"https:\/\/schema.org","@graph":[{"@type":"WebPage","@id":"https:\/\/traumasolutions.pe\/tienda\/producto\/dh-active-offloading-walker-zapato-post-op-para-pie-diabetico\/","url":"https:\/\/traumasolutions.pe\/tienda\/producto\/dh-active-offloading-walker-zapato-post-op-para-pie-diabetico\/","name":"DH Active Offloading Walker\u00ae zapato post OP para pie diab\u00e9tico, zapato post operatorio para pie diab\u00e9tico - Trauma Solutions","isPartOf":{"@id":"https:\/\/traumasolutions.pe\/tienda\/#website"},"primaryImageOfPage":{"@id":"https:\/\/traumasolutions.pe\/tienda\/producto\/dh-active-offloading-walker-zapato-post-op-para-pie-diabetico\/#primaryimage"},"image":{"@id":"https:\/\/traumasolutions.pe\/tienda\/producto\/dh-active-offloading-walker-zapato-post-op-para-pie-diabetico\/#primaryimage"},"thumbnailUrl":"https:\/\/traumasolutions.pe\/tienda\/wp-content\/uploads\/2021\/05\/ZAPATO-POST-OPERATORIO.jpg","datePublished":"2021-05-13T20:15:37+00:00","dateModified":"2024-02-05T20:46:40+00:00","breadcrumb":{"@id":"https:\/\/traumasolutions.pe\/tienda\/producto\/dh-active-offloading-walker-zapato-post-op-para-pie-diabetico\/#breadcrumb"},"inLanguage":"es","potentialAction":[{"@type":"ReadAction","target":["https:\/\/traumasolutions.pe\/tienda\/producto\/dh-active-offloading-walker-zapato-post-op-para-pie-diabetico\/"]}]},{"@type":"ImageObject","inLanguage":"es","@id":"https:\/\/traumasolutions.pe\/tienda\/producto\/dh-active-offloading-walker-zapato-post-op-para-pie-diabetico\/#primaryimage","url":"https:\/\/traumasolutions.pe\/tienda\/wp-content\/uploads\/2021\/05\/ZAPATO-POST-OPERATORIO.jpg","contentUrl":"https:\/\/traumasolutions.pe\/tienda\/wp-content\/uploads\/2021\/05\/ZAPATO-POST-OPERATORIO.jpg","width":2000,"height":2000,"caption":"Zapato postoperatorio para pie diab\u00e9tico, zapato postoperatorio, pie diab\u00e9tico, pie, zapato"},{"@type":"BreadcrumbList","@id":"https:\/\/traumasolutions.pe\/tienda\/producto\/dh-active-offloading-walker-zapato-post-op-para-pie-diabetico\/#breadcrumb","itemListElement":[{"@type":"ListItem","position":1,"name":"Portada","item":"https:\/\/traumasolutions.pe\/tienda\/"},{"@type":"ListItem","position":2,"name":"Shop","item":"https:\/\/traumasolutions.pe\/tienda\/shop\/"},{"@type":"ListItem","position":3,"name":"DH Active Offloading Walker\u00ae zapato post OP para pie diab\u00e9tico, zapato post operatorio para pie diab\u00e9tico"}]},{"@type":"WebSite","@id":"https:\/\/traumasolutions.pe\/tienda\/#website","url":"https:\/\/traumasolutions.pe\/tienda\/","name":"Trauma Solutions","description":"Sitio Web Oficial","potentialAction":[{"@type":"SearchAction","target":{"@type":"EntryPoint","urlTemplate":"https:\/\/traumasolutions.pe\/tienda\/?s={search_term_string}"},"query-input":{"@type":"PropertyValueSpecification","valueRequired":true,"valueName":"search_term_string"}}],"inLanguage":"es"}]}},"_links":{"self":[{"href":"https:\/\/traumasolutions.pe\/tienda\/wp-json\/wp\/v2\/product\/6577","targetHints":{"allow":["GET"]}}],"collection":[{"href":"https:\/\/traumasolutions.pe\/tienda\/wp-json\/wp\/v2\/product"}],"about":[{"href":"https:\/\/traumasolutions.pe\/tienda\/wp-json\/wp\/v2\/types\/product"}],"replies":[{"embeddable":true,"href":"https:\/\/traumasolutions.pe\/tienda\/wp-json\/wp\/v2\/comments?post=6577"}],"version-history":[{"count":5,"href":"https:\/\/traumasolutions.pe\/tienda\/wp-json\/wp\/v2\/product\/6577\/revisions"}],"predecessor-version":[{"id":7955,"href":"https:\/\/traumasolutions.pe\/tienda\/wp-json\/wp\/v2\/product\/6577\/revisions\/7955"}],"wp:featuredmedia":[{"embeddable":true,"href":"https:\/\/traumasolutions.pe\/tienda\/wp-json\/wp\/v2\/media\/7954"}],"wp:attachment":[{"href":"https:\/\/traumasolutions.pe\/tienda\/wp-json\/wp\/v2\/media?parent=6577"}],"wp:term":[{"taxonomy":"product_brand","embeddable":true,"href":"https:\/\/traumasolutions.pe\/tienda\/wp-json\/wp\/v2\/product_brand?post=6577"},{"taxonomy":"product_cat","embeddable":true,"href":"https:\/\/traumasolutions.pe\/tienda\/wp-json\/wp\/v2\/product_cat?post=6577"},{"taxonomy":"product_tag","embeddable":true,"href":"https:\/\/traumasolutions.pe\/tienda\/wp-json\/wp\/v2\/product_tag?post=6577"}],"curies":[{"name":"wp","href":"https:\/\/api.w.org\/{rel}","templated":true}]}}