{"id":6581,"date":"2021-05-13T20:23:08","date_gmt":"2021-05-13T20:23:08","guid":{"rendered":"https:\/\/traumasolutions.pe\/tienda\/?post_type=product&#038;p=6581"},"modified":"2024-01-26T14:23:32","modified_gmt":"2024-01-26T14:23:32","slug":"zapato-post-op-con-parte-superior-blanda-para-caballeros-m-pn-18015-r2","status":"publish","type":"product","link":"https:\/\/traumasolutions.pe\/tienda\/producto\/zapato-post-op-con-parte-superior-blanda-para-caballeros-m-pn-18015-r2\/","title":{"rendered":"Zapato Post OP con parte superior blanda para caballeros &#8220;M&#8221;"},"content":{"rendered":"","protected":false},"excerpt":{"rendered":"<p>La suela semirr\u00edgida proporciona una protecci\u00f3n y un control superiores despu\u00e9s de las osteotom\u00edas.<\/p>\n<p>La correa extendida y el sistema de cierre de dos lados se adaptan a ap\u00f3sitos extra voluminosos.<\/p>\n<p>Disponible en tallas para hombres y mujeres.<\/p>\n","protected":false},"featured_media":7898,"comment_status":"open","ping_status":"closed","template":"","meta":{"_acf_changed":false,"inline_featured_image":false,"_joinchat":[]},"product_brand":[],"product_cat":[184,172,177],"product_tag":[161,347,316,321],"class_list":{"0":"post-6581","1":"product","2":"type-product","3":"status-publish","4":"has-post-thumbnail","6":"product_cat-ossur","7":"product_cat-parte-inferior-del-cuerpo","8":"product_cat-pies","9":"product_tag-ossur","10":"product_tag-zapata-postoperatorio","11":"product_tag-zapato","12":"product_tag-zapato-para-caballero","14":"first","15":"outofstock","16":"shipping-taxable","17":"purchasable","18":"product-type-simple"},"acf":[],"yoast_head":"<!-- This site is optimized with the Yoast SEO plugin v27.2 - https:\/\/yoast.com\/product\/yoast-seo-wordpress\/ -->\n<title>Zapato Post OP con parte superior blanda para caballeros &quot;M&quot; - Trauma Solutions<\/title>\n<meta name=\"robots\" content=\"index, follow, max-snippet:-1, max-image-preview:large, max-video-preview:-1\" \/>\n<link rel=\"canonical\" href=\"https:\/\/traumasolutions.pe\/tienda\/producto\/zapato-post-op-con-parte-superior-blanda-para-caballeros-m-pn-18015-r2\/\" \/>\n<meta property=\"og:locale\" content=\"es_ES\" \/>\n<meta property=\"og:type\" content=\"article\" \/>\n<meta property=\"og:title\" content=\"Zapato Post OP con parte superior blanda para caballeros &quot;M&quot; - Trauma Solutions\" \/>\n<meta property=\"og:description\" content=\"La suela semirr\u00edgida proporciona una protecci\u00f3n y un control superiores despu\u00e9s de las osteotom\u00edas.  La correa extendida y el sistema de cierre de dos lados se adaptan a ap\u00f3sitos extra voluminosos.  Disponible en tallas para hombres y mujeres.\" \/>\n<meta property=\"og:url\" content=\"https:\/\/traumasolutions.pe\/tienda\/producto\/zapato-post-op-con-parte-superior-blanda-para-caballeros-m-pn-18015-r2\/\" \/>\n<meta property=\"og:site_name\" content=\"Trauma Solutions\" \/>\n<meta property=\"article:modified_time\" content=\"2024-01-26T14:23:32+00:00\" \/>\n<meta property=\"og:image\" content=\"https:\/\/traumasolutions.pe\/tienda\/wp-content\/uploads\/2020\/02\/ZAPATO-POST-OP-CON-PARTE-SUPERIOR-BLANDA-PARA-CABALLEROS-1.jpg\" \/>\n\t<meta property=\"og:image:width\" content=\"2000\" \/>\n\t<meta property=\"og:image:height\" content=\"2000\" \/>\n\t<meta property=\"og:image:type\" content=\"image\/jpeg\" \/>\n<meta name=\"twitter:card\" content=\"summary_large_image\" \/>\n<script type=\"application\/ld+json\" class=\"yoast-schema-graph\">{\"@context\":\"https:\/\/schema.org\",\"@graph\":[{\"@type\":\"WebPage\",\"@id\":\"https:\/\/traumasolutions.pe\/tienda\/producto\/zapato-post-op-con-parte-superior-blanda-para-caballeros-m-pn-18015-r2\/\",\"url\":\"https:\/\/traumasolutions.pe\/tienda\/producto\/zapato-post-op-con-parte-superior-blanda-para-caballeros-m-pn-18015-r2\/\",\"name\":\"Zapato Post OP con parte superior blanda para caballeros \\\"M\\\" - Trauma Solutions\",\"isPartOf\":{\"@id\":\"https:\/\/traumasolutions.pe\/tienda\/#website\"},\"primaryImageOfPage\":{\"@id\":\"https:\/\/traumasolutions.pe\/tienda\/producto\/zapato-post-op-con-parte-superior-blanda-para-caballeros-m-pn-18015-r2\/#primaryimage\"},\"image\":{\"@id\":\"https:\/\/traumasolutions.pe\/tienda\/producto\/zapato-post-op-con-parte-superior-blanda-para-caballeros-m-pn-18015-r2\/#primaryimage\"},\"thumbnailUrl\":\"https:\/\/traumasolutions.pe\/tienda\/wp-content\/uploads\/2020\/02\/ZAPATO-POST-OP-CON-PARTE-SUPERIOR-BLANDA-PARA-CABALLEROS-1.jpg\",\"datePublished\":\"2021-05-13T20:23:08+00:00\",\"dateModified\":\"2024-01-26T14:23:32+00:00\",\"breadcrumb\":{\"@id\":\"https:\/\/traumasolutions.pe\/tienda\/producto\/zapato-post-op-con-parte-superior-blanda-para-caballeros-m-pn-18015-r2\/#breadcrumb\"},\"inLanguage\":\"es\",\"potentialAction\":[{\"@type\":\"ReadAction\",\"target\":[\"https:\/\/traumasolutions.pe\/tienda\/producto\/zapato-post-op-con-parte-superior-blanda-para-caballeros-m-pn-18015-r2\/\"]}]},{\"@type\":\"ImageObject\",\"inLanguage\":\"es\",\"@id\":\"https:\/\/traumasolutions.pe\/tienda\/producto\/zapato-post-op-con-parte-superior-blanda-para-caballeros-m-pn-18015-r2\/#primaryimage\",\"url\":\"https:\/\/traumasolutions.pe\/tienda\/wp-content\/uploads\/2020\/02\/ZAPATO-POST-OP-CON-PARTE-SUPERIOR-BLANDA-PARA-CABALLEROS-1.jpg\",\"contentUrl\":\"https:\/\/traumasolutions.pe\/tienda\/wp-content\/uploads\/2020\/02\/ZAPATO-POST-OP-CON-PARTE-SUPERIOR-BLANDA-PARA-CABALLEROS-1.jpg\",\"width\":2000,\"height\":2000,\"caption\":\"Zapato postoperatorio, zapato para caballero, zapato\"},{\"@type\":\"BreadcrumbList\",\"@id\":\"https:\/\/traumasolutions.pe\/tienda\/producto\/zapato-post-op-con-parte-superior-blanda-para-caballeros-m-pn-18015-r2\/#breadcrumb\",\"itemListElement\":[{\"@type\":\"ListItem\",\"position\":1,\"name\":\"Portada\",\"item\":\"https:\/\/traumasolutions.pe\/tienda\/\"},{\"@type\":\"ListItem\",\"position\":2,\"name\":\"Shop\",\"item\":\"https:\/\/traumasolutions.pe\/tienda\/shop\/\"},{\"@type\":\"ListItem\",\"position\":3,\"name\":\"Zapato Post OP con parte superior blanda para caballeros \u00abM\u00bb\"}]},{\"@type\":\"WebSite\",\"@id\":\"https:\/\/traumasolutions.pe\/tienda\/#website\",\"url\":\"https:\/\/traumasolutions.pe\/tienda\/\",\"name\":\"Trauma Solutions\",\"description\":\"Sitio Web Oficial\",\"potentialAction\":[{\"@type\":\"SearchAction\",\"target\":{\"@type\":\"EntryPoint\",\"urlTemplate\":\"https:\/\/traumasolutions.pe\/tienda\/?s={search_term_string}\"},\"query-input\":{\"@type\":\"PropertyValueSpecification\",\"valueRequired\":true,\"valueName\":\"search_term_string\"}}],\"inLanguage\":\"es\"}]}<\/script>\n<!-- \/ Yoast SEO plugin. -->","yoast_head_json":{"title":"Zapato Post OP con parte superior blanda para caballeros \"M\" - Trauma Solutions","robots":{"index":"index","follow":"follow","max-snippet":"max-snippet:-1","max-image-preview":"max-image-preview:large","max-video-preview":"max-video-preview:-1"},"canonical":"https:\/\/traumasolutions.pe\/tienda\/producto\/zapato-post-op-con-parte-superior-blanda-para-caballeros-m-pn-18015-r2\/","og_locale":"es_ES","og_type":"article","og_title":"Zapato Post OP con parte superior blanda para caballeros \"M\" - Trauma Solutions","og_description":"La suela semirr\u00edgida proporciona una protecci\u00f3n y un control superiores despu\u00e9s de las osteotom\u00edas.  La correa extendida y el sistema de cierre de dos lados se adaptan a ap\u00f3sitos extra voluminosos.  Disponible en tallas para hombres y mujeres.","og_url":"https:\/\/traumasolutions.pe\/tienda\/producto\/zapato-post-op-con-parte-superior-blanda-para-caballeros-m-pn-18015-r2\/","og_site_name":"Trauma Solutions","article_modified_time":"2024-01-26T14:23:32+00:00","og_image":[{"width":2000,"height":2000,"url":"https:\/\/traumasolutions.pe\/tienda\/wp-content\/uploads\/2020\/02\/ZAPATO-POST-OP-CON-PARTE-SUPERIOR-BLANDA-PARA-CABALLEROS-1.jpg","type":"image\/jpeg"}],"twitter_card":"summary_large_image","schema":{"@context":"https:\/\/schema.org","@graph":[{"@type":"WebPage","@id":"https:\/\/traumasolutions.pe\/tienda\/producto\/zapato-post-op-con-parte-superior-blanda-para-caballeros-m-pn-18015-r2\/","url":"https:\/\/traumasolutions.pe\/tienda\/producto\/zapato-post-op-con-parte-superior-blanda-para-caballeros-m-pn-18015-r2\/","name":"Zapato Post OP con parte superior blanda para caballeros \"M\" - Trauma Solutions","isPartOf":{"@id":"https:\/\/traumasolutions.pe\/tienda\/#website"},"primaryImageOfPage":{"@id":"https:\/\/traumasolutions.pe\/tienda\/producto\/zapato-post-op-con-parte-superior-blanda-para-caballeros-m-pn-18015-r2\/#primaryimage"},"image":{"@id":"https:\/\/traumasolutions.pe\/tienda\/producto\/zapato-post-op-con-parte-superior-blanda-para-caballeros-m-pn-18015-r2\/#primaryimage"},"thumbnailUrl":"https:\/\/traumasolutions.pe\/tienda\/wp-content\/uploads\/2020\/02\/ZAPATO-POST-OP-CON-PARTE-SUPERIOR-BLANDA-PARA-CABALLEROS-1.jpg","datePublished":"2021-05-13T20:23:08+00:00","dateModified":"2024-01-26T14:23:32+00:00","breadcrumb":{"@id":"https:\/\/traumasolutions.pe\/tienda\/producto\/zapato-post-op-con-parte-superior-blanda-para-caballeros-m-pn-18015-r2\/#breadcrumb"},"inLanguage":"es","potentialAction":[{"@type":"ReadAction","target":["https:\/\/traumasolutions.pe\/tienda\/producto\/zapato-post-op-con-parte-superior-blanda-para-caballeros-m-pn-18015-r2\/"]}]},{"@type":"ImageObject","inLanguage":"es","@id":"https:\/\/traumasolutions.pe\/tienda\/producto\/zapato-post-op-con-parte-superior-blanda-para-caballeros-m-pn-18015-r2\/#primaryimage","url":"https:\/\/traumasolutions.pe\/tienda\/wp-content\/uploads\/2020\/02\/ZAPATO-POST-OP-CON-PARTE-SUPERIOR-BLANDA-PARA-CABALLEROS-1.jpg","contentUrl":"https:\/\/traumasolutions.pe\/tienda\/wp-content\/uploads\/2020\/02\/ZAPATO-POST-OP-CON-PARTE-SUPERIOR-BLANDA-PARA-CABALLEROS-1.jpg","width":2000,"height":2000,"caption":"Zapato postoperatorio, zapato para caballero, zapato"},{"@type":"BreadcrumbList","@id":"https:\/\/traumasolutions.pe\/tienda\/producto\/zapato-post-op-con-parte-superior-blanda-para-caballeros-m-pn-18015-r2\/#breadcrumb","itemListElement":[{"@type":"ListItem","position":1,"name":"Portada","item":"https:\/\/traumasolutions.pe\/tienda\/"},{"@type":"ListItem","position":2,"name":"Shop","item":"https:\/\/traumasolutions.pe\/tienda\/shop\/"},{"@type":"ListItem","position":3,"name":"Zapato Post OP con parte superior blanda para caballeros \u00abM\u00bb"}]},{"@type":"WebSite","@id":"https:\/\/traumasolutions.pe\/tienda\/#website","url":"https:\/\/traumasolutions.pe\/tienda\/","name":"Trauma Solutions","description":"Sitio Web Oficial","potentialAction":[{"@type":"SearchAction","target":{"@type":"EntryPoint","urlTemplate":"https:\/\/traumasolutions.pe\/tienda\/?s={search_term_string}"},"query-input":{"@type":"PropertyValueSpecification","valueRequired":true,"valueName":"search_term_string"}}],"inLanguage":"es"}]}},"_links":{"self":[{"href":"https:\/\/traumasolutions.pe\/tienda\/wp-json\/wp\/v2\/product\/6581","targetHints":{"allow":["GET"]}}],"collection":[{"href":"https:\/\/traumasolutions.pe\/tienda\/wp-json\/wp\/v2\/product"}],"about":[{"href":"https:\/\/traumasolutions.pe\/tienda\/wp-json\/wp\/v2\/types\/product"}],"replies":[{"embeddable":true,"href":"https:\/\/traumasolutions.pe\/tienda\/wp-json\/wp\/v2\/comments?post=6581"}],"version-history":[{"count":4,"href":"https:\/\/traumasolutions.pe\/tienda\/wp-json\/wp\/v2\/product\/6581\/revisions"}],"predecessor-version":[{"id":7950,"href":"https:\/\/traumasolutions.pe\/tienda\/wp-json\/wp\/v2\/product\/6581\/revisions\/7950"}],"wp:featuredmedia":[{"embeddable":true,"href":"https:\/\/traumasolutions.pe\/tienda\/wp-json\/wp\/v2\/media\/7898"}],"wp:attachment":[{"href":"https:\/\/traumasolutions.pe\/tienda\/wp-json\/wp\/v2\/media?parent=6581"}],"wp:term":[{"taxonomy":"product_brand","embeddable":true,"href":"https:\/\/traumasolutions.pe\/tienda\/wp-json\/wp\/v2\/product_brand?post=6581"},{"taxonomy":"product_cat","embeddable":true,"href":"https:\/\/traumasolutions.pe\/tienda\/wp-json\/wp\/v2\/product_cat?post=6581"},{"taxonomy":"product_tag","embeddable":true,"href":"https:\/\/traumasolutions.pe\/tienda\/wp-json\/wp\/v2\/product_tag?post=6581"}],"curies":[{"name":"wp","href":"https:\/\/api.w.org\/{rel}","templated":true}]}}