{"id":6589,"date":"2021-05-13T20:44:48","date_gmt":"2021-05-13T20:44:48","guid":{"rendered":"https:\/\/traumasolutions.pe\/tienda\/?post_type=product&#038;p=6589"},"modified":"2024-02-05T20:41:25","modified_gmt":"2024-02-05T20:41:25","slug":"exoform-full-inmobilizador-de-rodilla-pn-222000","status":"publish","type":"product","link":"https:\/\/traumasolutions.pe\/tienda\/producto\/exoform-full-inmobilizador-de-rodilla-pn-222000\/","title":{"rendered":"EXOFORM\u00ae full inmovilizador de rodilla, rodillera"},"content":{"rendered":"","protected":false},"excerpt":{"rendered":"<p>Tras una lesi\u00f3n. Traumatismos.<\/p>\n<p>El ajuste por deslizamiento le permite proporcionar el ajuste perfecto a la mayor variedad de longitudes y anchos de pacientes.<\/p>\n<p>La almohadilla popl\u00edtea proporciona un ajuste superior y limite a la migraci\u00f3n.<\/p>\n<p>La versi\u00f3n Full foam proporciona calor y compresi\u00f3n.<\/p>\n","protected":false},"featured_media":7909,"comment_status":"open","ping_status":"closed","template":"","meta":{"_acf_changed":false,"inline_featured_image":false,"_joinchat":[]},"product_brand":[],"product_cat":[184,172,173],"product_tag":[324,161,299,198],"class_list":{"0":"post-6589","1":"product","2":"type-product","3":"status-publish","4":"has-post-thumbnail","6":"product_cat-ossur","7":"product_cat-parte-inferior-del-cuerpo","8":"product_cat-rodilla","9":"product_tag-inmovilizador-de-rodilla","10":"product_tag-ossur","11":"product_tag-rodilla","12":"product_tag-rodillera","14":"first","15":"instock","16":"shipping-taxable","17":"purchasable","18":"product-type-simple"},"acf":[],"yoast_head":"<!-- This site is optimized with the Yoast SEO plugin v27.2 - https:\/\/yoast.com\/product\/yoast-seo-wordpress\/ -->\n<title>EXOFORM\u00ae full inmovilizador de rodilla, rodillera - Trauma Solutions<\/title>\n<meta name=\"robots\" content=\"index, follow, max-snippet:-1, max-image-preview:large, max-video-preview:-1\" \/>\n<link rel=\"canonical\" href=\"https:\/\/traumasolutions.pe\/tienda\/producto\/exoform-full-inmobilizador-de-rodilla-pn-222000\/\" \/>\n<meta property=\"og:locale\" content=\"es_ES\" \/>\n<meta property=\"og:type\" content=\"article\" \/>\n<meta property=\"og:title\" content=\"EXOFORM\u00ae full inmovilizador de rodilla, rodillera - Trauma Solutions\" \/>\n<meta property=\"og:description\" content=\"Tras una lesi\u00f3n. Traumatismos.  El ajuste por deslizamiento le permite proporcionar el ajuste perfecto a la mayor variedad de longitudes y anchos de pacientes.  La almohadilla popl\u00edtea proporciona un ajuste superior y limite a la migraci\u00f3n.  La versi\u00f3n Full foam proporciona calor y compresi\u00f3n.\" \/>\n<meta property=\"og:url\" content=\"https:\/\/traumasolutions.pe\/tienda\/producto\/exoform-full-inmobilizador-de-rodilla-pn-222000\/\" \/>\n<meta property=\"og:site_name\" content=\"Trauma Solutions\" \/>\n<meta property=\"article:modified_time\" content=\"2024-02-05T20:41:25+00:00\" \/>\n<meta property=\"og:image\" content=\"https:\/\/traumasolutions.pe\/tienda\/wp-content\/uploads\/2020\/02\/EXOFORM-FULL-INMOBILIZADOR-DE-RODILLA-3.jpg\" \/>\n\t<meta property=\"og:image:width\" content=\"2000\" \/>\n\t<meta property=\"og:image:height\" content=\"2000\" \/>\n\t<meta property=\"og:image:type\" content=\"image\/jpeg\" \/>\n<meta name=\"twitter:card\" content=\"summary_large_image\" \/>\n<script type=\"application\/ld+json\" class=\"yoast-schema-graph\">{\"@context\":\"https:\/\/schema.org\",\"@graph\":[{\"@type\":\"WebPage\",\"@id\":\"https:\/\/traumasolutions.pe\/tienda\/producto\/exoform-full-inmobilizador-de-rodilla-pn-222000\/\",\"url\":\"https:\/\/traumasolutions.pe\/tienda\/producto\/exoform-full-inmobilizador-de-rodilla-pn-222000\/\",\"name\":\"EXOFORM\u00ae full inmovilizador de rodilla, rodillera - Trauma Solutions\",\"isPartOf\":{\"@id\":\"https:\/\/traumasolutions.pe\/tienda\/#website\"},\"primaryImageOfPage\":{\"@id\":\"https:\/\/traumasolutions.pe\/tienda\/producto\/exoform-full-inmobilizador-de-rodilla-pn-222000\/#primaryimage\"},\"image\":{\"@id\":\"https:\/\/traumasolutions.pe\/tienda\/producto\/exoform-full-inmobilizador-de-rodilla-pn-222000\/#primaryimage\"},\"thumbnailUrl\":\"https:\/\/traumasolutions.pe\/tienda\/wp-content\/uploads\/2020\/02\/EXOFORM-FULL-INMOBILIZADOR-DE-RODILLA-3.jpg\",\"datePublished\":\"2021-05-13T20:44:48+00:00\",\"dateModified\":\"2024-02-05T20:41:25+00:00\",\"breadcrumb\":{\"@id\":\"https:\/\/traumasolutions.pe\/tienda\/producto\/exoform-full-inmobilizador-de-rodilla-pn-222000\/#breadcrumb\"},\"inLanguage\":\"es\",\"potentialAction\":[{\"@type\":\"ReadAction\",\"target\":[\"https:\/\/traumasolutions.pe\/tienda\/producto\/exoform-full-inmobilizador-de-rodilla-pn-222000\/\"]}]},{\"@type\":\"ImageObject\",\"inLanguage\":\"es\",\"@id\":\"https:\/\/traumasolutions.pe\/tienda\/producto\/exoform-full-inmobilizador-de-rodilla-pn-222000\/#primaryimage\",\"url\":\"https:\/\/traumasolutions.pe\/tienda\/wp-content\/uploads\/2020\/02\/EXOFORM-FULL-INMOBILIZADOR-DE-RODILLA-3.jpg\",\"contentUrl\":\"https:\/\/traumasolutions.pe\/tienda\/wp-content\/uploads\/2020\/02\/EXOFORM-FULL-INMOBILIZADOR-DE-RODILLA-3.jpg\",\"width\":2000,\"height\":2000,\"caption\":\"Inmovilizador de rodilla, rodillera, rodilla\"},{\"@type\":\"BreadcrumbList\",\"@id\":\"https:\/\/traumasolutions.pe\/tienda\/producto\/exoform-full-inmobilizador-de-rodilla-pn-222000\/#breadcrumb\",\"itemListElement\":[{\"@type\":\"ListItem\",\"position\":1,\"name\":\"Portada\",\"item\":\"https:\/\/traumasolutions.pe\/tienda\/\"},{\"@type\":\"ListItem\",\"position\":2,\"name\":\"Shop\",\"item\":\"https:\/\/traumasolutions.pe\/tienda\/shop\/\"},{\"@type\":\"ListItem\",\"position\":3,\"name\":\"EXOFORM\u00ae full inmovilizador de rodilla, rodillera\"}]},{\"@type\":\"WebSite\",\"@id\":\"https:\/\/traumasolutions.pe\/tienda\/#website\",\"url\":\"https:\/\/traumasolutions.pe\/tienda\/\",\"name\":\"Trauma Solutions\",\"description\":\"Sitio Web Oficial\",\"potentialAction\":[{\"@type\":\"SearchAction\",\"target\":{\"@type\":\"EntryPoint\",\"urlTemplate\":\"https:\/\/traumasolutions.pe\/tienda\/?s={search_term_string}\"},\"query-input\":{\"@type\":\"PropertyValueSpecification\",\"valueRequired\":true,\"valueName\":\"search_term_string\"}}],\"inLanguage\":\"es\"}]}<\/script>\n<!-- \/ Yoast SEO plugin. -->","yoast_head_json":{"title":"EXOFORM\u00ae full inmovilizador de rodilla, rodillera - Trauma Solutions","robots":{"index":"index","follow":"follow","max-snippet":"max-snippet:-1","max-image-preview":"max-image-preview:large","max-video-preview":"max-video-preview:-1"},"canonical":"https:\/\/traumasolutions.pe\/tienda\/producto\/exoform-full-inmobilizador-de-rodilla-pn-222000\/","og_locale":"es_ES","og_type":"article","og_title":"EXOFORM\u00ae full inmovilizador de rodilla, rodillera - Trauma Solutions","og_description":"Tras una lesi\u00f3n. Traumatismos.  El ajuste por deslizamiento le permite proporcionar el ajuste perfecto a la mayor variedad de longitudes y anchos de pacientes.  La almohadilla popl\u00edtea proporciona un ajuste superior y limite a la migraci\u00f3n.  La versi\u00f3n Full foam proporciona calor y compresi\u00f3n.","og_url":"https:\/\/traumasolutions.pe\/tienda\/producto\/exoform-full-inmobilizador-de-rodilla-pn-222000\/","og_site_name":"Trauma Solutions","article_modified_time":"2024-02-05T20:41:25+00:00","og_image":[{"width":2000,"height":2000,"url":"https:\/\/traumasolutions.pe\/tienda\/wp-content\/uploads\/2020\/02\/EXOFORM-FULL-INMOBILIZADOR-DE-RODILLA-3.jpg","type":"image\/jpeg"}],"twitter_card":"summary_large_image","schema":{"@context":"https:\/\/schema.org","@graph":[{"@type":"WebPage","@id":"https:\/\/traumasolutions.pe\/tienda\/producto\/exoform-full-inmobilizador-de-rodilla-pn-222000\/","url":"https:\/\/traumasolutions.pe\/tienda\/producto\/exoform-full-inmobilizador-de-rodilla-pn-222000\/","name":"EXOFORM\u00ae full inmovilizador de rodilla, rodillera - Trauma Solutions","isPartOf":{"@id":"https:\/\/traumasolutions.pe\/tienda\/#website"},"primaryImageOfPage":{"@id":"https:\/\/traumasolutions.pe\/tienda\/producto\/exoform-full-inmobilizador-de-rodilla-pn-222000\/#primaryimage"},"image":{"@id":"https:\/\/traumasolutions.pe\/tienda\/producto\/exoform-full-inmobilizador-de-rodilla-pn-222000\/#primaryimage"},"thumbnailUrl":"https:\/\/traumasolutions.pe\/tienda\/wp-content\/uploads\/2020\/02\/EXOFORM-FULL-INMOBILIZADOR-DE-RODILLA-3.jpg","datePublished":"2021-05-13T20:44:48+00:00","dateModified":"2024-02-05T20:41:25+00:00","breadcrumb":{"@id":"https:\/\/traumasolutions.pe\/tienda\/producto\/exoform-full-inmobilizador-de-rodilla-pn-222000\/#breadcrumb"},"inLanguage":"es","potentialAction":[{"@type":"ReadAction","target":["https:\/\/traumasolutions.pe\/tienda\/producto\/exoform-full-inmobilizador-de-rodilla-pn-222000\/"]}]},{"@type":"ImageObject","inLanguage":"es","@id":"https:\/\/traumasolutions.pe\/tienda\/producto\/exoform-full-inmobilizador-de-rodilla-pn-222000\/#primaryimage","url":"https:\/\/traumasolutions.pe\/tienda\/wp-content\/uploads\/2020\/02\/EXOFORM-FULL-INMOBILIZADOR-DE-RODILLA-3.jpg","contentUrl":"https:\/\/traumasolutions.pe\/tienda\/wp-content\/uploads\/2020\/02\/EXOFORM-FULL-INMOBILIZADOR-DE-RODILLA-3.jpg","width":2000,"height":2000,"caption":"Inmovilizador de rodilla, rodillera, rodilla"},{"@type":"BreadcrumbList","@id":"https:\/\/traumasolutions.pe\/tienda\/producto\/exoform-full-inmobilizador-de-rodilla-pn-222000\/#breadcrumb","itemListElement":[{"@type":"ListItem","position":1,"name":"Portada","item":"https:\/\/traumasolutions.pe\/tienda\/"},{"@type":"ListItem","position":2,"name":"Shop","item":"https:\/\/traumasolutions.pe\/tienda\/shop\/"},{"@type":"ListItem","position":3,"name":"EXOFORM\u00ae full inmovilizador de rodilla, rodillera"}]},{"@type":"WebSite","@id":"https:\/\/traumasolutions.pe\/tienda\/#website","url":"https:\/\/traumasolutions.pe\/tienda\/","name":"Trauma Solutions","description":"Sitio Web Oficial","potentialAction":[{"@type":"SearchAction","target":{"@type":"EntryPoint","urlTemplate":"https:\/\/traumasolutions.pe\/tienda\/?s={search_term_string}"},"query-input":{"@type":"PropertyValueSpecification","valueRequired":true,"valueName":"search_term_string"}}],"inLanguage":"es"}]}},"_links":{"self":[{"href":"https:\/\/traumasolutions.pe\/tienda\/wp-json\/wp\/v2\/product\/6589","targetHints":{"allow":["GET"]}}],"collection":[{"href":"https:\/\/traumasolutions.pe\/tienda\/wp-json\/wp\/v2\/product"}],"about":[{"href":"https:\/\/traumasolutions.pe\/tienda\/wp-json\/wp\/v2\/types\/product"}],"replies":[{"embeddable":true,"href":"https:\/\/traumasolutions.pe\/tienda\/wp-json\/wp\/v2\/comments?post=6589"}],"version-history":[{"count":4,"href":"https:\/\/traumasolutions.pe\/tienda\/wp-json\/wp\/v2\/product\/6589\/revisions"}],"predecessor-version":[{"id":7947,"href":"https:\/\/traumasolutions.pe\/tienda\/wp-json\/wp\/v2\/product\/6589\/revisions\/7947"}],"wp:featuredmedia":[{"embeddable":true,"href":"https:\/\/traumasolutions.pe\/tienda\/wp-json\/wp\/v2\/media\/7909"}],"wp:attachment":[{"href":"https:\/\/traumasolutions.pe\/tienda\/wp-json\/wp\/v2\/media?parent=6589"}],"wp:term":[{"taxonomy":"product_brand","embeddable":true,"href":"https:\/\/traumasolutions.pe\/tienda\/wp-json\/wp\/v2\/product_brand?post=6589"},{"taxonomy":"product_cat","embeddable":true,"href":"https:\/\/traumasolutions.pe\/tienda\/wp-json\/wp\/v2\/product_cat?post=6589"},{"taxonomy":"product_tag","embeddable":true,"href":"https:\/\/traumasolutions.pe\/tienda\/wp-json\/wp\/v2\/product_tag?post=6589"}],"curies":[{"name":"wp","href":"https:\/\/api.w.org\/{rel}","templated":true}]}}