{"id":6640,"date":"2021-05-14T01:11:42","date_gmt":"2021-05-14T01:11:42","guid":{"rendered":"https:\/\/traumasolutions.pe\/tienda\/?post_type=product&#038;p=6640"},"modified":"2025-11-24T20:46:56","modified_gmt":"2025-11-24T20:46:56","slug":"form-fit-tobillera-simple-xs-pn-b-212010001","status":"publish","type":"product","link":"https:\/\/traumasolutions.pe\/tienda\/producto\/form-fit-tobillera-simple-xs-pn-b-212010001\/","title":{"rendered":"FORM FIT\u00ae Tobillera simple"},"content":{"rendered":"","protected":false},"excerpt":{"rendered":"<p>El soporte de tobillo Form Fit esta fabricado con nuestra tecnolog\u00eda de moldeado patentada Exoform para crear un &#8220;hibrido&#8221; entre una f\u00e9rula r\u00edgida y una tobillera blanda. Usos:<\/p>\n<ul>\n<li>Esguince de tobillo<\/li>\n<li>Artritis<\/li>\n<li>Tendinitis<\/li>\n<\/ul>\n<p>Medida necesaria: contorno desde el tal\u00f3n al empeine<\/p>\n","protected":false},"featured_media":7123,"comment_status":"open","ping_status":"closed","template":"","meta":{"_acf_changed":false,"inline_featured_image":false,"_joinchat":[]},"product_brand":[],"product_cat":[184,172,175],"product_tag":[161,196,307],"class_list":{"0":"post-6640","1":"product","2":"type-product","3":"status-publish","4":"has-post-thumbnail","6":"product_cat-ossur","7":"product_cat-parte-inferior-del-cuerpo","8":"product_cat-tobillo","9":"product_tag-ossur","10":"product_tag-tobillera","11":"product_tag-tobillo","13":"first","14":"instock","15":"shipping-taxable","16":"purchasable","17":"product-type-variable"},"acf":[],"yoast_head":"<!-- This site is optimized with the Yoast SEO plugin v27.2 - https:\/\/yoast.com\/product\/yoast-seo-wordpress\/ -->\n<title>FORM FIT\u00ae Tobillera simple - Trauma Solutions<\/title>\n<meta name=\"robots\" content=\"index, follow, max-snippet:-1, max-image-preview:large, max-video-preview:-1\" \/>\n<link rel=\"canonical\" href=\"https:\/\/traumasolutions.pe\/tienda\/producto\/form-fit-tobillera-simple-xs-pn-b-212010001\/\" \/>\n<meta property=\"og:locale\" content=\"es_ES\" \/>\n<meta property=\"og:type\" content=\"article\" \/>\n<meta property=\"og:title\" content=\"FORM FIT\u00ae Tobillera simple - Trauma Solutions\" \/>\n<meta property=\"og:description\" content=\"El soporte de tobillo Form Fit esta fabricado con nuestra tecnolog\u00eda de moldeado patentada Exoform para crear un &quot;hibrido&quot; entre una f\u00e9rula r\u00edgida y una tobillera blanda. Usos:   Esguince de tobillo  Artritis  Tendinitis  Medida necesaria: contorno desde el tal\u00f3n al empeine\" \/>\n<meta property=\"og:url\" content=\"https:\/\/traumasolutions.pe\/tienda\/producto\/form-fit-tobillera-simple-xs-pn-b-212010001\/\" \/>\n<meta property=\"og:site_name\" content=\"Trauma Solutions\" \/>\n<meta property=\"article:modified_time\" content=\"2025-11-24T20:46:56+00:00\" \/>\n<meta property=\"og:image\" content=\"https:\/\/traumasolutions.pe\/tienda\/wp-content\/uploads\/2021\/05\/Form_Fit_Tobillera_Simple.jpg\" \/>\n\t<meta property=\"og:image:width\" content=\"2000\" \/>\n\t<meta property=\"og:image:height\" content=\"2000\" \/>\n\t<meta property=\"og:image:type\" content=\"image\/jpeg\" \/>\n<meta name=\"twitter:card\" content=\"summary_large_image\" \/>\n<script type=\"application\/ld+json\" class=\"yoast-schema-graph\">{\"@context\":\"https:\/\/schema.org\",\"@graph\":[{\"@type\":\"WebPage\",\"@id\":\"https:\/\/traumasolutions.pe\/tienda\/producto\/form-fit-tobillera-simple-xs-pn-b-212010001\/\",\"url\":\"https:\/\/traumasolutions.pe\/tienda\/producto\/form-fit-tobillera-simple-xs-pn-b-212010001\/\",\"name\":\"FORM FIT\u00ae Tobillera simple - Trauma Solutions\",\"isPartOf\":{\"@id\":\"https:\/\/traumasolutions.pe\/tienda\/#website\"},\"primaryImageOfPage\":{\"@id\":\"https:\/\/traumasolutions.pe\/tienda\/producto\/form-fit-tobillera-simple-xs-pn-b-212010001\/#primaryimage\"},\"image\":{\"@id\":\"https:\/\/traumasolutions.pe\/tienda\/producto\/form-fit-tobillera-simple-xs-pn-b-212010001\/#primaryimage\"},\"thumbnailUrl\":\"https:\/\/traumasolutions.pe\/tienda\/wp-content\/uploads\/2021\/05\/Form_Fit_Tobillera_Simple.jpg\",\"datePublished\":\"2021-05-14T01:11:42+00:00\",\"dateModified\":\"2025-11-24T20:46:56+00:00\",\"breadcrumb\":{\"@id\":\"https:\/\/traumasolutions.pe\/tienda\/producto\/form-fit-tobillera-simple-xs-pn-b-212010001\/#breadcrumb\"},\"inLanguage\":\"es\",\"potentialAction\":[{\"@type\":\"ReadAction\",\"target\":[\"https:\/\/traumasolutions.pe\/tienda\/producto\/form-fit-tobillera-simple-xs-pn-b-212010001\/\"]}]},{\"@type\":\"ImageObject\",\"inLanguage\":\"es\",\"@id\":\"https:\/\/traumasolutions.pe\/tienda\/producto\/form-fit-tobillera-simple-xs-pn-b-212010001\/#primaryimage\",\"url\":\"https:\/\/traumasolutions.pe\/tienda\/wp-content\/uploads\/2021\/05\/Form_Fit_Tobillera_Simple.jpg\",\"contentUrl\":\"https:\/\/traumasolutions.pe\/tienda\/wp-content\/uploads\/2021\/05\/Form_Fit_Tobillera_Simple.jpg\",\"width\":2000,\"height\":2000},{\"@type\":\"BreadcrumbList\",\"@id\":\"https:\/\/traumasolutions.pe\/tienda\/producto\/form-fit-tobillera-simple-xs-pn-b-212010001\/#breadcrumb\",\"itemListElement\":[{\"@type\":\"ListItem\",\"position\":1,\"name\":\"Portada\",\"item\":\"https:\/\/traumasolutions.pe\/tienda\/\"},{\"@type\":\"ListItem\",\"position\":2,\"name\":\"Shop\",\"item\":\"https:\/\/traumasolutions.pe\/tienda\/shop\/\"},{\"@type\":\"ListItem\",\"position\":3,\"name\":\"FORM FIT\u00ae Tobillera simple\"}]},{\"@type\":\"WebSite\",\"@id\":\"https:\/\/traumasolutions.pe\/tienda\/#website\",\"url\":\"https:\/\/traumasolutions.pe\/tienda\/\",\"name\":\"Trauma Solutions\",\"description\":\"Sitio Web Oficial\",\"potentialAction\":[{\"@type\":\"SearchAction\",\"target\":{\"@type\":\"EntryPoint\",\"urlTemplate\":\"https:\/\/traumasolutions.pe\/tienda\/?s={search_term_string}\"},\"query-input\":{\"@type\":\"PropertyValueSpecification\",\"valueRequired\":true,\"valueName\":\"search_term_string\"}}],\"inLanguage\":\"es\"}]}<\/script>\n<!-- \/ Yoast SEO plugin. -->","yoast_head_json":{"title":"FORM FIT\u00ae Tobillera simple - Trauma Solutions","robots":{"index":"index","follow":"follow","max-snippet":"max-snippet:-1","max-image-preview":"max-image-preview:large","max-video-preview":"max-video-preview:-1"},"canonical":"https:\/\/traumasolutions.pe\/tienda\/producto\/form-fit-tobillera-simple-xs-pn-b-212010001\/","og_locale":"es_ES","og_type":"article","og_title":"FORM FIT\u00ae Tobillera simple - Trauma Solutions","og_description":"El soporte de tobillo Form Fit esta fabricado con nuestra tecnolog\u00eda de moldeado patentada Exoform para crear un \"hibrido\" entre una f\u00e9rula r\u00edgida y una tobillera blanda. Usos:   Esguince de tobillo  Artritis  Tendinitis  Medida necesaria: contorno desde el tal\u00f3n al empeine","og_url":"https:\/\/traumasolutions.pe\/tienda\/producto\/form-fit-tobillera-simple-xs-pn-b-212010001\/","og_site_name":"Trauma Solutions","article_modified_time":"2025-11-24T20:46:56+00:00","og_image":[{"width":2000,"height":2000,"url":"https:\/\/traumasolutions.pe\/tienda\/wp-content\/uploads\/2021\/05\/Form_Fit_Tobillera_Simple.jpg","type":"image\/jpeg"}],"twitter_card":"summary_large_image","schema":{"@context":"https:\/\/schema.org","@graph":[{"@type":"WebPage","@id":"https:\/\/traumasolutions.pe\/tienda\/producto\/form-fit-tobillera-simple-xs-pn-b-212010001\/","url":"https:\/\/traumasolutions.pe\/tienda\/producto\/form-fit-tobillera-simple-xs-pn-b-212010001\/","name":"FORM FIT\u00ae Tobillera simple - Trauma Solutions","isPartOf":{"@id":"https:\/\/traumasolutions.pe\/tienda\/#website"},"primaryImageOfPage":{"@id":"https:\/\/traumasolutions.pe\/tienda\/producto\/form-fit-tobillera-simple-xs-pn-b-212010001\/#primaryimage"},"image":{"@id":"https:\/\/traumasolutions.pe\/tienda\/producto\/form-fit-tobillera-simple-xs-pn-b-212010001\/#primaryimage"},"thumbnailUrl":"https:\/\/traumasolutions.pe\/tienda\/wp-content\/uploads\/2021\/05\/Form_Fit_Tobillera_Simple.jpg","datePublished":"2021-05-14T01:11:42+00:00","dateModified":"2025-11-24T20:46:56+00:00","breadcrumb":{"@id":"https:\/\/traumasolutions.pe\/tienda\/producto\/form-fit-tobillera-simple-xs-pn-b-212010001\/#breadcrumb"},"inLanguage":"es","potentialAction":[{"@type":"ReadAction","target":["https:\/\/traumasolutions.pe\/tienda\/producto\/form-fit-tobillera-simple-xs-pn-b-212010001\/"]}]},{"@type":"ImageObject","inLanguage":"es","@id":"https:\/\/traumasolutions.pe\/tienda\/producto\/form-fit-tobillera-simple-xs-pn-b-212010001\/#primaryimage","url":"https:\/\/traumasolutions.pe\/tienda\/wp-content\/uploads\/2021\/05\/Form_Fit_Tobillera_Simple.jpg","contentUrl":"https:\/\/traumasolutions.pe\/tienda\/wp-content\/uploads\/2021\/05\/Form_Fit_Tobillera_Simple.jpg","width":2000,"height":2000},{"@type":"BreadcrumbList","@id":"https:\/\/traumasolutions.pe\/tienda\/producto\/form-fit-tobillera-simple-xs-pn-b-212010001\/#breadcrumb","itemListElement":[{"@type":"ListItem","position":1,"name":"Portada","item":"https:\/\/traumasolutions.pe\/tienda\/"},{"@type":"ListItem","position":2,"name":"Shop","item":"https:\/\/traumasolutions.pe\/tienda\/shop\/"},{"@type":"ListItem","position":3,"name":"FORM FIT\u00ae Tobillera simple"}]},{"@type":"WebSite","@id":"https:\/\/traumasolutions.pe\/tienda\/#website","url":"https:\/\/traumasolutions.pe\/tienda\/","name":"Trauma Solutions","description":"Sitio Web Oficial","potentialAction":[{"@type":"SearchAction","target":{"@type":"EntryPoint","urlTemplate":"https:\/\/traumasolutions.pe\/tienda\/?s={search_term_string}"},"query-input":{"@type":"PropertyValueSpecification","valueRequired":true,"valueName":"search_term_string"}}],"inLanguage":"es"}]}},"_links":{"self":[{"href":"https:\/\/traumasolutions.pe\/tienda\/wp-json\/wp\/v2\/product\/6640","targetHints":{"allow":["GET"]}}],"collection":[{"href":"https:\/\/traumasolutions.pe\/tienda\/wp-json\/wp\/v2\/product"}],"about":[{"href":"https:\/\/traumasolutions.pe\/tienda\/wp-json\/wp\/v2\/types\/product"}],"replies":[{"embeddable":true,"href":"https:\/\/traumasolutions.pe\/tienda\/wp-json\/wp\/v2\/comments?post=6640"}],"version-history":[{"count":5,"href":"https:\/\/traumasolutions.pe\/tienda\/wp-json\/wp\/v2\/product\/6640\/revisions"}],"predecessor-version":[{"id":8261,"href":"https:\/\/traumasolutions.pe\/tienda\/wp-json\/wp\/v2\/product\/6640\/revisions\/8261"}],"wp:featuredmedia":[{"embeddable":true,"href":"https:\/\/traumasolutions.pe\/tienda\/wp-json\/wp\/v2\/media\/7123"}],"wp:attachment":[{"href":"https:\/\/traumasolutions.pe\/tienda\/wp-json\/wp\/v2\/media?parent=6640"}],"wp:term":[{"taxonomy":"product_brand","embeddable":true,"href":"https:\/\/traumasolutions.pe\/tienda\/wp-json\/wp\/v2\/product_brand?post=6640"},{"taxonomy":"product_cat","embeddable":true,"href":"https:\/\/traumasolutions.pe\/tienda\/wp-json\/wp\/v2\/product_cat?post=6640"},{"taxonomy":"product_tag","embeddable":true,"href":"https:\/\/traumasolutions.pe\/tienda\/wp-json\/wp\/v2\/product_tag?post=6640"}],"curies":[{"name":"wp","href":"https:\/\/api.w.org\/{rel}","templated":true}]}}