{"id":6662,"date":"2021-05-14T01:35:57","date_gmt":"2021-05-14T01:35:57","guid":{"rendered":"https:\/\/traumasolutions.pe\/tienda\/?post_type=product&#038;p=6662"},"modified":"2026-02-11T15:34:52","modified_gmt":"2026-02-11T15:34:52","slug":"rebound-rodillera-dual-con-soporte-funcional","status":"publish","type":"product","link":"https:\/\/traumasolutions.pe\/tienda\/producto\/rebound-rodillera-dual-con-soporte-funcional\/","title":{"rendered":"REBOUND\u00ae Rodillera dual \u00d6ssur con soporte funcional"},"content":{"rendered":"","protected":false},"excerpt":{"rendered":"<p>Las correas extra\u00edbles permiten la aplicaci\u00f3n desde el lado derecho o izquierdo, y la leng\u00fceta de la correa permite el ajuste correcto por parte del paciente. Indicado para:<\/p>\n<ul>\n<li>Esguinces y torceduras de tipo leve a moderado<\/li>\n<li>Distensiones de tipo leve a moderado del ligamento cruzado anterior (LCA) y del ligamento cruzado posterior (LCP)<\/li>\n<li>Distensiones del ligamento colateral medial (LCM) y del ligamento colateral lateral (LCL)<\/li>\n<\/ul>\n<p>Medida necesaria: medida del Contorno 15 cm por encima del centro de la rodilla<\/p>\n","protected":false},"featured_media":7074,"comment_status":"open","ping_status":"closed","template":"","meta":{"_acf_changed":false,"inline_featured_image":false,"_joinchat":[]},"product_brand":[],"product_cat":[184,172,173],"product_tag":[161,203,204],"class_list":{"0":"post-6662","1":"product","2":"type-product","3":"status-publish","4":"has-post-thumbnail","6":"product_cat-ossur","7":"product_cat-parte-inferior-del-cuerpo","8":"product_cat-rodilla","9":"product_tag-ossur","10":"product_tag-rebound","11":"product_tag-rodillera-dual-ossur","13":"first","14":"instock","15":"shipping-taxable","16":"purchasable","17":"product-type-variable"},"acf":[],"yoast_head":"<!-- This site is optimized with the Yoast SEO plugin v27.2 - https:\/\/yoast.com\/product\/yoast-seo-wordpress\/ -->\n<title>REBOUND\u00ae Rodillera dual \u00d6ssur con soporte funcional - Trauma Solutions<\/title>\n<meta name=\"robots\" content=\"index, follow, max-snippet:-1, max-image-preview:large, max-video-preview:-1\" \/>\n<link rel=\"canonical\" href=\"https:\/\/traumasolutions.pe\/tienda\/producto\/rebound-rodillera-dual-con-soporte-funcional\/\" \/>\n<meta property=\"og:locale\" content=\"es_ES\" \/>\n<meta property=\"og:type\" content=\"article\" \/>\n<meta property=\"og:title\" content=\"REBOUND\u00ae Rodillera dual \u00d6ssur con soporte funcional - Trauma Solutions\" \/>\n<meta property=\"og:description\" content=\"Las correas extra\u00edbles permiten la aplicaci\u00f3n desde el lado derecho o izquierdo, y la leng\u00fceta de la correa permite el ajuste correcto por parte del paciente. Indicado para:   Esguinces y torceduras de tipo leve a moderado  Distensiones de tipo leve a moderado del ligamento cruzado anterior (LCA) y del ligamento cruzado posterior (LCP)  Distensiones del ligamento colateral medial (LCM) y del ligamento colateral lateral (LCL)  Medida necesaria: medida del Contorno 15 cm por encima del centro de la rodilla\" \/>\n<meta property=\"og:url\" content=\"https:\/\/traumasolutions.pe\/tienda\/producto\/rebound-rodillera-dual-con-soporte-funcional\/\" \/>\n<meta property=\"og:site_name\" content=\"Trauma Solutions\" \/>\n<meta property=\"article:modified_time\" content=\"2026-02-11T15:34:52+00:00\" \/>\n<meta property=\"og:image\" content=\"https:\/\/traumasolutions.pe\/tienda\/wp-content\/uploads\/2020\/02\/REBOUND-RODILLERA-DUAL-CON-SOPORTE-FUNCIONAL-5.jpg\" \/>\n\t<meta property=\"og:image:width\" content=\"2000\" \/>\n\t<meta property=\"og:image:height\" content=\"2000\" \/>\n\t<meta property=\"og:image:type\" content=\"image\/jpeg\" \/>\n<meta name=\"twitter:card\" content=\"summary_large_image\" \/>\n<script type=\"application\/ld+json\" class=\"yoast-schema-graph\">{\"@context\":\"https:\/\/schema.org\",\"@graph\":[{\"@type\":\"WebPage\",\"@id\":\"https:\/\/traumasolutions.pe\/tienda\/producto\/rebound-rodillera-dual-con-soporte-funcional\/\",\"url\":\"https:\/\/traumasolutions.pe\/tienda\/producto\/rebound-rodillera-dual-con-soporte-funcional\/\",\"name\":\"REBOUND\u00ae Rodillera dual \u00d6ssur con soporte funcional - Trauma Solutions\",\"isPartOf\":{\"@id\":\"https:\/\/traumasolutions.pe\/tienda\/#website\"},\"primaryImageOfPage\":{\"@id\":\"https:\/\/traumasolutions.pe\/tienda\/producto\/rebound-rodillera-dual-con-soporte-funcional\/#primaryimage\"},\"image\":{\"@id\":\"https:\/\/traumasolutions.pe\/tienda\/producto\/rebound-rodillera-dual-con-soporte-funcional\/#primaryimage\"},\"thumbnailUrl\":\"https:\/\/traumasolutions.pe\/tienda\/wp-content\/uploads\/2020\/02\/REBOUND-RODILLERA-DUAL-CON-SOPORTE-FUNCIONAL-5.jpg\",\"datePublished\":\"2021-05-14T01:35:57+00:00\",\"dateModified\":\"2026-02-11T15:34:52+00:00\",\"breadcrumb\":{\"@id\":\"https:\/\/traumasolutions.pe\/tienda\/producto\/rebound-rodillera-dual-con-soporte-funcional\/#breadcrumb\"},\"inLanguage\":\"es\",\"potentialAction\":[{\"@type\":\"ReadAction\",\"target\":[\"https:\/\/traumasolutions.pe\/tienda\/producto\/rebound-rodillera-dual-con-soporte-funcional\/\"]}]},{\"@type\":\"ImageObject\",\"inLanguage\":\"es\",\"@id\":\"https:\/\/traumasolutions.pe\/tienda\/producto\/rebound-rodillera-dual-con-soporte-funcional\/#primaryimage\",\"url\":\"https:\/\/traumasolutions.pe\/tienda\/wp-content\/uploads\/2020\/02\/REBOUND-RODILLERA-DUAL-CON-SOPORTE-FUNCIONAL-5.jpg\",\"contentUrl\":\"https:\/\/traumasolutions.pe\/tienda\/wp-content\/uploads\/2020\/02\/REBOUND-RODILLERA-DUAL-CON-SOPORTE-FUNCIONAL-5.jpg\",\"width\":2000,\"height\":2000},{\"@type\":\"BreadcrumbList\",\"@id\":\"https:\/\/traumasolutions.pe\/tienda\/producto\/rebound-rodillera-dual-con-soporte-funcional\/#breadcrumb\",\"itemListElement\":[{\"@type\":\"ListItem\",\"position\":1,\"name\":\"Portada\",\"item\":\"https:\/\/traumasolutions.pe\/tienda\/\"},{\"@type\":\"ListItem\",\"position\":2,\"name\":\"Shop\",\"item\":\"https:\/\/traumasolutions.pe\/tienda\/shop\/\"},{\"@type\":\"ListItem\",\"position\":3,\"name\":\"REBOUND\u00ae Rodillera dual \u00d6ssur con soporte funcional\"}]},{\"@type\":\"WebSite\",\"@id\":\"https:\/\/traumasolutions.pe\/tienda\/#website\",\"url\":\"https:\/\/traumasolutions.pe\/tienda\/\",\"name\":\"Trauma Solutions\",\"description\":\"Sitio Web Oficial\",\"potentialAction\":[{\"@type\":\"SearchAction\",\"target\":{\"@type\":\"EntryPoint\",\"urlTemplate\":\"https:\/\/traumasolutions.pe\/tienda\/?s={search_term_string}\"},\"query-input\":{\"@type\":\"PropertyValueSpecification\",\"valueRequired\":true,\"valueName\":\"search_term_string\"}}],\"inLanguage\":\"es\"}]}<\/script>\n<!-- \/ Yoast SEO plugin. -->","yoast_head_json":{"title":"REBOUND\u00ae Rodillera dual \u00d6ssur con soporte funcional - Trauma Solutions","robots":{"index":"index","follow":"follow","max-snippet":"max-snippet:-1","max-image-preview":"max-image-preview:large","max-video-preview":"max-video-preview:-1"},"canonical":"https:\/\/traumasolutions.pe\/tienda\/producto\/rebound-rodillera-dual-con-soporte-funcional\/","og_locale":"es_ES","og_type":"article","og_title":"REBOUND\u00ae Rodillera dual \u00d6ssur con soporte funcional - Trauma Solutions","og_description":"Las correas extra\u00edbles permiten la aplicaci\u00f3n desde el lado derecho o izquierdo, y la leng\u00fceta de la correa permite el ajuste correcto por parte del paciente. Indicado para:   Esguinces y torceduras de tipo leve a moderado  Distensiones de tipo leve a moderado del ligamento cruzado anterior (LCA) y del ligamento cruzado posterior (LCP)  Distensiones del ligamento colateral medial (LCM) y del ligamento colateral lateral (LCL)  Medida necesaria: medida del Contorno 15 cm por encima del centro de la rodilla","og_url":"https:\/\/traumasolutions.pe\/tienda\/producto\/rebound-rodillera-dual-con-soporte-funcional\/","og_site_name":"Trauma Solutions","article_modified_time":"2026-02-11T15:34:52+00:00","og_image":[{"width":2000,"height":2000,"url":"https:\/\/traumasolutions.pe\/tienda\/wp-content\/uploads\/2020\/02\/REBOUND-RODILLERA-DUAL-CON-SOPORTE-FUNCIONAL-5.jpg","type":"image\/jpeg"}],"twitter_card":"summary_large_image","schema":{"@context":"https:\/\/schema.org","@graph":[{"@type":"WebPage","@id":"https:\/\/traumasolutions.pe\/tienda\/producto\/rebound-rodillera-dual-con-soporte-funcional\/","url":"https:\/\/traumasolutions.pe\/tienda\/producto\/rebound-rodillera-dual-con-soporte-funcional\/","name":"REBOUND\u00ae Rodillera dual \u00d6ssur con soporte funcional - Trauma Solutions","isPartOf":{"@id":"https:\/\/traumasolutions.pe\/tienda\/#website"},"primaryImageOfPage":{"@id":"https:\/\/traumasolutions.pe\/tienda\/producto\/rebound-rodillera-dual-con-soporte-funcional\/#primaryimage"},"image":{"@id":"https:\/\/traumasolutions.pe\/tienda\/producto\/rebound-rodillera-dual-con-soporte-funcional\/#primaryimage"},"thumbnailUrl":"https:\/\/traumasolutions.pe\/tienda\/wp-content\/uploads\/2020\/02\/REBOUND-RODILLERA-DUAL-CON-SOPORTE-FUNCIONAL-5.jpg","datePublished":"2021-05-14T01:35:57+00:00","dateModified":"2026-02-11T15:34:52+00:00","breadcrumb":{"@id":"https:\/\/traumasolutions.pe\/tienda\/producto\/rebound-rodillera-dual-con-soporte-funcional\/#breadcrumb"},"inLanguage":"es","potentialAction":[{"@type":"ReadAction","target":["https:\/\/traumasolutions.pe\/tienda\/producto\/rebound-rodillera-dual-con-soporte-funcional\/"]}]},{"@type":"ImageObject","inLanguage":"es","@id":"https:\/\/traumasolutions.pe\/tienda\/producto\/rebound-rodillera-dual-con-soporte-funcional\/#primaryimage","url":"https:\/\/traumasolutions.pe\/tienda\/wp-content\/uploads\/2020\/02\/REBOUND-RODILLERA-DUAL-CON-SOPORTE-FUNCIONAL-5.jpg","contentUrl":"https:\/\/traumasolutions.pe\/tienda\/wp-content\/uploads\/2020\/02\/REBOUND-RODILLERA-DUAL-CON-SOPORTE-FUNCIONAL-5.jpg","width":2000,"height":2000},{"@type":"BreadcrumbList","@id":"https:\/\/traumasolutions.pe\/tienda\/producto\/rebound-rodillera-dual-con-soporte-funcional\/#breadcrumb","itemListElement":[{"@type":"ListItem","position":1,"name":"Portada","item":"https:\/\/traumasolutions.pe\/tienda\/"},{"@type":"ListItem","position":2,"name":"Shop","item":"https:\/\/traumasolutions.pe\/tienda\/shop\/"},{"@type":"ListItem","position":3,"name":"REBOUND\u00ae Rodillera dual \u00d6ssur con soporte funcional"}]},{"@type":"WebSite","@id":"https:\/\/traumasolutions.pe\/tienda\/#website","url":"https:\/\/traumasolutions.pe\/tienda\/","name":"Trauma Solutions","description":"Sitio Web Oficial","potentialAction":[{"@type":"SearchAction","target":{"@type":"EntryPoint","urlTemplate":"https:\/\/traumasolutions.pe\/tienda\/?s={search_term_string}"},"query-input":{"@type":"PropertyValueSpecification","valueRequired":true,"valueName":"search_term_string"}}],"inLanguage":"es"}]}},"_links":{"self":[{"href":"https:\/\/traumasolutions.pe\/tienda\/wp-json\/wp\/v2\/product\/6662","targetHints":{"allow":["GET"]}}],"collection":[{"href":"https:\/\/traumasolutions.pe\/tienda\/wp-json\/wp\/v2\/product"}],"about":[{"href":"https:\/\/traumasolutions.pe\/tienda\/wp-json\/wp\/v2\/types\/product"}],"replies":[{"embeddable":true,"href":"https:\/\/traumasolutions.pe\/tienda\/wp-json\/wp\/v2\/comments?post=6662"}],"version-history":[{"count":5,"href":"https:\/\/traumasolutions.pe\/tienda\/wp-json\/wp\/v2\/product\/6662\/revisions"}],"predecessor-version":[{"id":8242,"href":"https:\/\/traumasolutions.pe\/tienda\/wp-json\/wp\/v2\/product\/6662\/revisions\/8242"}],"wp:featuredmedia":[{"embeddable":true,"href":"https:\/\/traumasolutions.pe\/tienda\/wp-json\/wp\/v2\/media\/7074"}],"wp:attachment":[{"href":"https:\/\/traumasolutions.pe\/tienda\/wp-json\/wp\/v2\/media?parent=6662"}],"wp:term":[{"taxonomy":"product_brand","embeddable":true,"href":"https:\/\/traumasolutions.pe\/tienda\/wp-json\/wp\/v2\/product_brand?post=6662"},{"taxonomy":"product_cat","embeddable":true,"href":"https:\/\/traumasolutions.pe\/tienda\/wp-json\/wp\/v2\/product_cat?post=6662"},{"taxonomy":"product_tag","embeddable":true,"href":"https:\/\/traumasolutions.pe\/tienda\/wp-json\/wp\/v2\/product_tag?post=6662"}],"curies":[{"name":"wp","href":"https:\/\/api.w.org\/{rel}","templated":true}]}}