{"id":6669,"date":"2021-05-14T02:02:08","date_gmt":"2021-05-14T02:02:08","guid":{"rendered":"https:\/\/traumasolutions.pe\/tienda\/?post_type=product&#038;p=6669"},"modified":"2026-03-03T21:16:49","modified_gmt":"2026-03-03T21:16:49","slug":"rebound-air-walker-bota-con-camara-de-aire-lateral-larga","status":"publish","type":"product","link":"https:\/\/traumasolutions.pe\/tienda\/producto\/rebound-air-walker-bota-con-camara-de-aire-lateral-larga\/","title":{"rendered":"REBOUND\u00ae Air Walker bota con c\u00e1mara de aire lateral larga"},"content":{"rendered":"","protected":false},"excerpt":{"rendered":"<p>La base totalmente basculante est\u00e2 especialmente dise\u00f1ada para ser baja y ancha y favorecer el paso natural. Indicado para:<\/p>\n<ul>\n<li>Esguinces de tobillo de grado 2 y 3<\/li>\n<li>Tras traumatismos Fracturas estables<\/li>\n<li>Rehabilitaci\u00f3n Postoperatorio<\/li>\n<li>Reparaci\u00f3n del tend\u00f3n de Aquiles<\/li>\n<\/ul>\n<p>Medida necesaria: talla de zapato<\/p>\n","protected":false},"featured_media":7924,"comment_status":"open","ping_status":"closed","template":"","meta":{"_acf_changed":false,"inline_featured_image":false,"_joinchat":[]},"product_brand":[],"product_cat":[184,172,177,175],"product_tag":[305,161,306],"class_list":{"0":"post-6669","1":"product","2":"type-product","3":"status-publish","4":"has-post-thumbnail","6":"product_cat-ossur","7":"product_cat-parte-inferior-del-cuerpo","8":"product_cat-pies","9":"product_cat-tobillo","10":"product_tag-bota","11":"product_tag-ossur","12":"product_tag-pie","14":"first","15":"instock","16":"shipping-taxable","17":"purchasable","18":"product-type-variable"},"acf":[],"yoast_head":"<!-- This site is optimized with the Yoast SEO plugin v27.2 - https:\/\/yoast.com\/product\/yoast-seo-wordpress\/ -->\n<title>REBOUND\u00ae Air Walker bota con c\u00e1mara de aire lateral larga - Trauma Solutions<\/title>\n<meta name=\"robots\" content=\"index, follow, max-snippet:-1, max-image-preview:large, max-video-preview:-1\" \/>\n<link rel=\"canonical\" href=\"https:\/\/traumasolutions.pe\/tienda\/producto\/rebound-air-walker-bota-con-camara-de-aire-lateral-larga\/\" \/>\n<meta property=\"og:locale\" content=\"es_ES\" \/>\n<meta property=\"og:type\" content=\"article\" \/>\n<meta property=\"og:title\" content=\"REBOUND\u00ae Air Walker bota con c\u00e1mara de aire lateral larga - Trauma Solutions\" \/>\n<meta property=\"og:description\" content=\"La base totalmente basculante est\u00e2 especialmente dise\u00f1ada para ser baja y ancha y favorecer el paso natural. Indicado para:   Esguinces de tobillo de grado 2 y 3  Tras traumatismos Fracturas estables  Rehabilitaci\u00f3n Postoperatorio  Reparaci\u00f3n del tend\u00f3n de Aquiles  Medida necesaria: talla de zapato\" \/>\n<meta property=\"og:url\" content=\"https:\/\/traumasolutions.pe\/tienda\/producto\/rebound-air-walker-bota-con-camara-de-aire-lateral-larga\/\" \/>\n<meta property=\"og:site_name\" content=\"Trauma Solutions\" \/>\n<meta property=\"article:modified_time\" content=\"2026-03-03T21:16:49+00:00\" \/>\n<meta property=\"og:image\" content=\"https:\/\/traumasolutions.pe\/tienda\/wp-content\/uploads\/2020\/02\/REBOUND-AIR-WALKER-BOTA-CON-CAMARA-DE-AIRE-LATERA.jpg\" \/>\n\t<meta property=\"og:image:width\" content=\"2000\" \/>\n\t<meta property=\"og:image:height\" content=\"2000\" \/>\n\t<meta property=\"og:image:type\" content=\"image\/jpeg\" \/>\n<meta name=\"twitter:card\" content=\"summary_large_image\" \/>\n<meta name=\"twitter:label1\" content=\"Tiempo de lectura\" \/>\n\t<meta name=\"twitter:data1\" content=\"1 minuto\" \/>\n<script type=\"application\/ld+json\" class=\"yoast-schema-graph\">{\"@context\":\"https:\/\/schema.org\",\"@graph\":[{\"@type\":\"WebPage\",\"@id\":\"https:\/\/traumasolutions.pe\/tienda\/producto\/rebound-air-walker-bota-con-camara-de-aire-lateral-larga\/\",\"url\":\"https:\/\/traumasolutions.pe\/tienda\/producto\/rebound-air-walker-bota-con-camara-de-aire-lateral-larga\/\",\"name\":\"REBOUND\u00ae Air Walker bota con c\u00e1mara de aire lateral larga - Trauma Solutions\",\"isPartOf\":{\"@id\":\"https:\/\/traumasolutions.pe\/tienda\/#website\"},\"primaryImageOfPage\":{\"@id\":\"https:\/\/traumasolutions.pe\/tienda\/producto\/rebound-air-walker-bota-con-camara-de-aire-lateral-larga\/#primaryimage\"},\"image\":{\"@id\":\"https:\/\/traumasolutions.pe\/tienda\/producto\/rebound-air-walker-bota-con-camara-de-aire-lateral-larga\/#primaryimage\"},\"thumbnailUrl\":\"https:\/\/traumasolutions.pe\/tienda\/wp-content\/uploads\/2020\/02\/REBOUND-AIR-WALKER-BOTA-CON-CAMARA-DE-AIRE-LATERA.jpg\",\"datePublished\":\"2021-05-14T02:02:08+00:00\",\"dateModified\":\"2026-03-03T21:16:49+00:00\",\"breadcrumb\":{\"@id\":\"https:\/\/traumasolutions.pe\/tienda\/producto\/rebound-air-walker-bota-con-camara-de-aire-lateral-larga\/#breadcrumb\"},\"inLanguage\":\"es\",\"potentialAction\":[{\"@type\":\"ReadAction\",\"target\":[\"https:\/\/traumasolutions.pe\/tienda\/producto\/rebound-air-walker-bota-con-camara-de-aire-lateral-larga\/\"]}]},{\"@type\":\"ImageObject\",\"inLanguage\":\"es\",\"@id\":\"https:\/\/traumasolutions.pe\/tienda\/producto\/rebound-air-walker-bota-con-camara-de-aire-lateral-larga\/#primaryimage\",\"url\":\"https:\/\/traumasolutions.pe\/tienda\/wp-content\/uploads\/2020\/02\/REBOUND-AIR-WALKER-BOTA-CON-CAMARA-DE-AIRE-LATERA.jpg\",\"contentUrl\":\"https:\/\/traumasolutions.pe\/tienda\/wp-content\/uploads\/2020\/02\/REBOUND-AIR-WALKER-BOTA-CON-CAMARA-DE-AIRE-LATERA.jpg\",\"width\":2000,\"height\":2000,\"caption\":\"Bota con c\u00e1mara de aire, bota\"},{\"@type\":\"BreadcrumbList\",\"@id\":\"https:\/\/traumasolutions.pe\/tienda\/producto\/rebound-air-walker-bota-con-camara-de-aire-lateral-larga\/#breadcrumb\",\"itemListElement\":[{\"@type\":\"ListItem\",\"position\":1,\"name\":\"Portada\",\"item\":\"https:\/\/traumasolutions.pe\/tienda\/\"},{\"@type\":\"ListItem\",\"position\":2,\"name\":\"Shop\",\"item\":\"https:\/\/traumasolutions.pe\/tienda\/shop\/\"},{\"@type\":\"ListItem\",\"position\":3,\"name\":\"REBOUND\u00ae Air Walker bota con c\u00e1mara de aire lateral larga\"}]},{\"@type\":\"WebSite\",\"@id\":\"https:\/\/traumasolutions.pe\/tienda\/#website\",\"url\":\"https:\/\/traumasolutions.pe\/tienda\/\",\"name\":\"Trauma Solutions\",\"description\":\"Sitio Web Oficial\",\"potentialAction\":[{\"@type\":\"SearchAction\",\"target\":{\"@type\":\"EntryPoint\",\"urlTemplate\":\"https:\/\/traumasolutions.pe\/tienda\/?s={search_term_string}\"},\"query-input\":{\"@type\":\"PropertyValueSpecification\",\"valueRequired\":true,\"valueName\":\"search_term_string\"}}],\"inLanguage\":\"es\"}]}<\/script>\n<!-- \/ Yoast SEO plugin. -->","yoast_head_json":{"title":"REBOUND\u00ae Air Walker bota con c\u00e1mara de aire lateral larga - Trauma Solutions","robots":{"index":"index","follow":"follow","max-snippet":"max-snippet:-1","max-image-preview":"max-image-preview:large","max-video-preview":"max-video-preview:-1"},"canonical":"https:\/\/traumasolutions.pe\/tienda\/producto\/rebound-air-walker-bota-con-camara-de-aire-lateral-larga\/","og_locale":"es_ES","og_type":"article","og_title":"REBOUND\u00ae Air Walker bota con c\u00e1mara de aire lateral larga - Trauma Solutions","og_description":"La base totalmente basculante est\u00e2 especialmente dise\u00f1ada para ser baja y ancha y favorecer el paso natural. Indicado para:   Esguinces de tobillo de grado 2 y 3  Tras traumatismos Fracturas estables  Rehabilitaci\u00f3n Postoperatorio  Reparaci\u00f3n del tend\u00f3n de Aquiles  Medida necesaria: talla de zapato","og_url":"https:\/\/traumasolutions.pe\/tienda\/producto\/rebound-air-walker-bota-con-camara-de-aire-lateral-larga\/","og_site_name":"Trauma Solutions","article_modified_time":"2026-03-03T21:16:49+00:00","og_image":[{"width":2000,"height":2000,"url":"https:\/\/traumasolutions.pe\/tienda\/wp-content\/uploads\/2020\/02\/REBOUND-AIR-WALKER-BOTA-CON-CAMARA-DE-AIRE-LATERA.jpg","type":"image\/jpeg"}],"twitter_card":"summary_large_image","twitter_misc":{"Tiempo de lectura":"1 minuto"},"schema":{"@context":"https:\/\/schema.org","@graph":[{"@type":"WebPage","@id":"https:\/\/traumasolutions.pe\/tienda\/producto\/rebound-air-walker-bota-con-camara-de-aire-lateral-larga\/","url":"https:\/\/traumasolutions.pe\/tienda\/producto\/rebound-air-walker-bota-con-camara-de-aire-lateral-larga\/","name":"REBOUND\u00ae Air Walker bota con c\u00e1mara de aire lateral larga - Trauma Solutions","isPartOf":{"@id":"https:\/\/traumasolutions.pe\/tienda\/#website"},"primaryImageOfPage":{"@id":"https:\/\/traumasolutions.pe\/tienda\/producto\/rebound-air-walker-bota-con-camara-de-aire-lateral-larga\/#primaryimage"},"image":{"@id":"https:\/\/traumasolutions.pe\/tienda\/producto\/rebound-air-walker-bota-con-camara-de-aire-lateral-larga\/#primaryimage"},"thumbnailUrl":"https:\/\/traumasolutions.pe\/tienda\/wp-content\/uploads\/2020\/02\/REBOUND-AIR-WALKER-BOTA-CON-CAMARA-DE-AIRE-LATERA.jpg","datePublished":"2021-05-14T02:02:08+00:00","dateModified":"2026-03-03T21:16:49+00:00","breadcrumb":{"@id":"https:\/\/traumasolutions.pe\/tienda\/producto\/rebound-air-walker-bota-con-camara-de-aire-lateral-larga\/#breadcrumb"},"inLanguage":"es","potentialAction":[{"@type":"ReadAction","target":["https:\/\/traumasolutions.pe\/tienda\/producto\/rebound-air-walker-bota-con-camara-de-aire-lateral-larga\/"]}]},{"@type":"ImageObject","inLanguage":"es","@id":"https:\/\/traumasolutions.pe\/tienda\/producto\/rebound-air-walker-bota-con-camara-de-aire-lateral-larga\/#primaryimage","url":"https:\/\/traumasolutions.pe\/tienda\/wp-content\/uploads\/2020\/02\/REBOUND-AIR-WALKER-BOTA-CON-CAMARA-DE-AIRE-LATERA.jpg","contentUrl":"https:\/\/traumasolutions.pe\/tienda\/wp-content\/uploads\/2020\/02\/REBOUND-AIR-WALKER-BOTA-CON-CAMARA-DE-AIRE-LATERA.jpg","width":2000,"height":2000,"caption":"Bota con c\u00e1mara de aire, bota"},{"@type":"BreadcrumbList","@id":"https:\/\/traumasolutions.pe\/tienda\/producto\/rebound-air-walker-bota-con-camara-de-aire-lateral-larga\/#breadcrumb","itemListElement":[{"@type":"ListItem","position":1,"name":"Portada","item":"https:\/\/traumasolutions.pe\/tienda\/"},{"@type":"ListItem","position":2,"name":"Shop","item":"https:\/\/traumasolutions.pe\/tienda\/shop\/"},{"@type":"ListItem","position":3,"name":"REBOUND\u00ae Air Walker bota con c\u00e1mara de aire lateral larga"}]},{"@type":"WebSite","@id":"https:\/\/traumasolutions.pe\/tienda\/#website","url":"https:\/\/traumasolutions.pe\/tienda\/","name":"Trauma Solutions","description":"Sitio Web Oficial","potentialAction":[{"@type":"SearchAction","target":{"@type":"EntryPoint","urlTemplate":"https:\/\/traumasolutions.pe\/tienda\/?s={search_term_string}"},"query-input":{"@type":"PropertyValueSpecification","valueRequired":true,"valueName":"search_term_string"}}],"inLanguage":"es"}]}},"_links":{"self":[{"href":"https:\/\/traumasolutions.pe\/tienda\/wp-json\/wp\/v2\/product\/6669","targetHints":{"allow":["GET"]}}],"collection":[{"href":"https:\/\/traumasolutions.pe\/tienda\/wp-json\/wp\/v2\/product"}],"about":[{"href":"https:\/\/traumasolutions.pe\/tienda\/wp-json\/wp\/v2\/types\/product"}],"replies":[{"embeddable":true,"href":"https:\/\/traumasolutions.pe\/tienda\/wp-json\/wp\/v2\/comments?post=6669"}],"version-history":[{"count":5,"href":"https:\/\/traumasolutions.pe\/tienda\/wp-json\/wp\/v2\/product\/6669\/revisions"}],"predecessor-version":[{"id":9203,"href":"https:\/\/traumasolutions.pe\/tienda\/wp-json\/wp\/v2\/product\/6669\/revisions\/9203"}],"wp:featuredmedia":[{"embeddable":true,"href":"https:\/\/traumasolutions.pe\/tienda\/wp-json\/wp\/v2\/media\/7924"}],"wp:attachment":[{"href":"https:\/\/traumasolutions.pe\/tienda\/wp-json\/wp\/v2\/media?parent=6669"}],"wp:term":[{"taxonomy":"product_brand","embeddable":true,"href":"https:\/\/traumasolutions.pe\/tienda\/wp-json\/wp\/v2\/product_brand?post=6669"},{"taxonomy":"product_cat","embeddable":true,"href":"https:\/\/traumasolutions.pe\/tienda\/wp-json\/wp\/v2\/product_cat?post=6669"},{"taxonomy":"product_tag","embeddable":true,"href":"https:\/\/traumasolutions.pe\/tienda\/wp-json\/wp\/v2\/product_tag?post=6669"}],"curies":[{"name":"wp","href":"https:\/\/api.w.org\/{rel}","templated":true}]}}