{"id":6672,"date":"2021-05-14T02:04:20","date_gmt":"2021-05-14T02:04:20","guid":{"rendered":"https:\/\/traumasolutions.pe\/tienda\/?post_type=product&#038;p=6672"},"modified":"2026-02-05T17:47:30","modified_gmt":"2026-02-05T17:47:30","slug":"rebound-air-walker-bota-con-camara-de-aire-lateral-corta-xs-pn-b-242900061","status":"publish","type":"product","link":"https:\/\/traumasolutions.pe\/tienda\/producto\/rebound-air-walker-bota-con-camara-de-aire-lateral-corta-xs-pn-b-242900061\/","title":{"rendered":"REBOUND\u00ae Air Walker bota con c\u00e1mara de aire lateral, corta"},"content":{"rendered":"","protected":false},"excerpt":{"rendered":"<p>La base totalmente basculante est\u00e2 especialmente dise\u00f1ada para ser baja y ancha y favorecer el paso natural. Indicado para:<\/p>\n<ul>\n<li>Esguinces de tobillo de grado 2 y 3<\/li>\n<li>Tras traumatismos Fracturas estales<\/li>\n<li>Rehabilitaci\u00f3n Postoperatorio<\/li>\n<li>Reparaci\u00f3n del tend\u00f3n de Aquiles<\/li>\n<\/ul>\n<p>Medida necesaria: talla de zapato<\/p>\n","protected":false},"featured_media":8240,"comment_status":"open","ping_status":"closed","template":"","meta":{"_acf_changed":false,"inline_featured_image":false,"_joinchat":[]},"product_brand":[],"product_cat":[184,172,177,175],"product_tag":[313,161,306,196,307,295],"class_list":{"0":"post-6672","1":"product","2":"type-product","3":"status-publish","4":"has-post-thumbnail","6":"product_cat-ossur","7":"product_cat-parte-inferior-del-cuerpo","8":"product_cat-pies","9":"product_cat-tobillo","10":"product_tag-air-walker","11":"product_tag-ossur","12":"product_tag-pie","13":"product_tag-tobillera","14":"product_tag-tobillo","15":"product_tag-walker","17":"first","18":"instock","19":"shipping-taxable","20":"purchasable","21":"product-type-variable"},"acf":[],"yoast_head":"<!-- This site is optimized with the Yoast SEO plugin v27.2 - https:\/\/yoast.com\/product\/yoast-seo-wordpress\/ -->\n<title>REBOUND\u00ae Air Walker bota con c\u00e1mara de aire lateral, corta - Trauma Solutions<\/title>\n<meta name=\"robots\" content=\"index, follow, max-snippet:-1, max-image-preview:large, max-video-preview:-1\" \/>\n<link rel=\"canonical\" href=\"https:\/\/traumasolutions.pe\/tienda\/producto\/rebound-air-walker-bota-con-camara-de-aire-lateral-corta-xs-pn-b-242900061\/\" \/>\n<meta property=\"og:locale\" content=\"es_ES\" \/>\n<meta property=\"og:type\" content=\"article\" \/>\n<meta property=\"og:title\" content=\"REBOUND\u00ae Air Walker bota con c\u00e1mara de aire lateral, corta - Trauma Solutions\" \/>\n<meta property=\"og:description\" content=\"La base totalmente basculante est\u00e2 especialmente dise\u00f1ada para ser baja y ancha y favorecer el paso natural. Indicado para:   Esguinces de tobillo de grado 2 y 3  Tras traumatismos Fracturas estales  Rehabilitaci\u00f3n Postoperatorio  Reparaci\u00f3n del tend\u00f3n de Aquiles  Medida necesaria: talla de zapato\" \/>\n<meta property=\"og:url\" content=\"https:\/\/traumasolutions.pe\/tienda\/producto\/rebound-air-walker-bota-con-camara-de-aire-lateral-corta-xs-pn-b-242900061\/\" \/>\n<meta property=\"og:site_name\" content=\"Trauma Solutions\" \/>\n<meta property=\"article:modified_time\" content=\"2026-02-05T17:47:30+00:00\" \/>\n<meta property=\"og:image\" content=\"https:\/\/traumasolutions.pe\/tienda\/wp-content\/uploads\/2021\/05\/rebound-air-walker-ossur-corta.jpg\" \/>\n\t<meta property=\"og:image:width\" content=\"225\" \/>\n\t<meta property=\"og:image:height\" content=\"225\" \/>\n\t<meta property=\"og:image:type\" content=\"image\/jpeg\" \/>\n<meta name=\"twitter:card\" content=\"summary_large_image\" \/>\n<script type=\"application\/ld+json\" class=\"yoast-schema-graph\">{\"@context\":\"https:\/\/schema.org\",\"@graph\":[{\"@type\":\"WebPage\",\"@id\":\"https:\/\/traumasolutions.pe\/tienda\/producto\/rebound-air-walker-bota-con-camara-de-aire-lateral-corta-xs-pn-b-242900061\/\",\"url\":\"https:\/\/traumasolutions.pe\/tienda\/producto\/rebound-air-walker-bota-con-camara-de-aire-lateral-corta-xs-pn-b-242900061\/\",\"name\":\"REBOUND\u00ae Air Walker bota con c\u00e1mara de aire lateral, corta - Trauma Solutions\",\"isPartOf\":{\"@id\":\"https:\/\/traumasolutions.pe\/tienda\/#website\"},\"primaryImageOfPage\":{\"@id\":\"https:\/\/traumasolutions.pe\/tienda\/producto\/rebound-air-walker-bota-con-camara-de-aire-lateral-corta-xs-pn-b-242900061\/#primaryimage\"},\"image\":{\"@id\":\"https:\/\/traumasolutions.pe\/tienda\/producto\/rebound-air-walker-bota-con-camara-de-aire-lateral-corta-xs-pn-b-242900061\/#primaryimage\"},\"thumbnailUrl\":\"https:\/\/traumasolutions.pe\/tienda\/wp-content\/uploads\/2021\/05\/rebound-air-walker-ossur-corta.jpg\",\"datePublished\":\"2021-05-14T02:04:20+00:00\",\"dateModified\":\"2026-02-05T17:47:30+00:00\",\"breadcrumb\":{\"@id\":\"https:\/\/traumasolutions.pe\/tienda\/producto\/rebound-air-walker-bota-con-camara-de-aire-lateral-corta-xs-pn-b-242900061\/#breadcrumb\"},\"inLanguage\":\"es\",\"potentialAction\":[{\"@type\":\"ReadAction\",\"target\":[\"https:\/\/traumasolutions.pe\/tienda\/producto\/rebound-air-walker-bota-con-camara-de-aire-lateral-corta-xs-pn-b-242900061\/\"]}]},{\"@type\":\"ImageObject\",\"inLanguage\":\"es\",\"@id\":\"https:\/\/traumasolutions.pe\/tienda\/producto\/rebound-air-walker-bota-con-camara-de-aire-lateral-corta-xs-pn-b-242900061\/#primaryimage\",\"url\":\"https:\/\/traumasolutions.pe\/tienda\/wp-content\/uploads\/2021\/05\/rebound-air-walker-ossur-corta.jpg\",\"contentUrl\":\"https:\/\/traumasolutions.pe\/tienda\/wp-content\/uploads\/2021\/05\/rebound-air-walker-ossur-corta.jpg\",\"width\":225,\"height\":225},{\"@type\":\"BreadcrumbList\",\"@id\":\"https:\/\/traumasolutions.pe\/tienda\/producto\/rebound-air-walker-bota-con-camara-de-aire-lateral-corta-xs-pn-b-242900061\/#breadcrumb\",\"itemListElement\":[{\"@type\":\"ListItem\",\"position\":1,\"name\":\"Portada\",\"item\":\"https:\/\/traumasolutions.pe\/tienda\/\"},{\"@type\":\"ListItem\",\"position\":2,\"name\":\"Shop\",\"item\":\"https:\/\/traumasolutions.pe\/tienda\/shop\/\"},{\"@type\":\"ListItem\",\"position\":3,\"name\":\"REBOUND\u00ae Air Walker bota con c\u00e1mara de aire lateral, corta\"}]},{\"@type\":\"WebSite\",\"@id\":\"https:\/\/traumasolutions.pe\/tienda\/#website\",\"url\":\"https:\/\/traumasolutions.pe\/tienda\/\",\"name\":\"Trauma Solutions\",\"description\":\"Sitio Web Oficial\",\"potentialAction\":[{\"@type\":\"SearchAction\",\"target\":{\"@type\":\"EntryPoint\",\"urlTemplate\":\"https:\/\/traumasolutions.pe\/tienda\/?s={search_term_string}\"},\"query-input\":{\"@type\":\"PropertyValueSpecification\",\"valueRequired\":true,\"valueName\":\"search_term_string\"}}],\"inLanguage\":\"es\"}]}<\/script>\n<!-- \/ Yoast SEO plugin. -->","yoast_head_json":{"title":"REBOUND\u00ae Air Walker bota con c\u00e1mara de aire lateral, corta - Trauma Solutions","robots":{"index":"index","follow":"follow","max-snippet":"max-snippet:-1","max-image-preview":"max-image-preview:large","max-video-preview":"max-video-preview:-1"},"canonical":"https:\/\/traumasolutions.pe\/tienda\/producto\/rebound-air-walker-bota-con-camara-de-aire-lateral-corta-xs-pn-b-242900061\/","og_locale":"es_ES","og_type":"article","og_title":"REBOUND\u00ae Air Walker bota con c\u00e1mara de aire lateral, corta - Trauma Solutions","og_description":"La base totalmente basculante est\u00e2 especialmente dise\u00f1ada para ser baja y ancha y favorecer el paso natural. Indicado para:   Esguinces de tobillo de grado 2 y 3  Tras traumatismos Fracturas estales  Rehabilitaci\u00f3n Postoperatorio  Reparaci\u00f3n del tend\u00f3n de Aquiles  Medida necesaria: talla de zapato","og_url":"https:\/\/traumasolutions.pe\/tienda\/producto\/rebound-air-walker-bota-con-camara-de-aire-lateral-corta-xs-pn-b-242900061\/","og_site_name":"Trauma Solutions","article_modified_time":"2026-02-05T17:47:30+00:00","og_image":[{"width":225,"height":225,"url":"https:\/\/traumasolutions.pe\/tienda\/wp-content\/uploads\/2021\/05\/rebound-air-walker-ossur-corta.jpg","type":"image\/jpeg"}],"twitter_card":"summary_large_image","schema":{"@context":"https:\/\/schema.org","@graph":[{"@type":"WebPage","@id":"https:\/\/traumasolutions.pe\/tienda\/producto\/rebound-air-walker-bota-con-camara-de-aire-lateral-corta-xs-pn-b-242900061\/","url":"https:\/\/traumasolutions.pe\/tienda\/producto\/rebound-air-walker-bota-con-camara-de-aire-lateral-corta-xs-pn-b-242900061\/","name":"REBOUND\u00ae Air Walker bota con c\u00e1mara de aire lateral, corta - Trauma Solutions","isPartOf":{"@id":"https:\/\/traumasolutions.pe\/tienda\/#website"},"primaryImageOfPage":{"@id":"https:\/\/traumasolutions.pe\/tienda\/producto\/rebound-air-walker-bota-con-camara-de-aire-lateral-corta-xs-pn-b-242900061\/#primaryimage"},"image":{"@id":"https:\/\/traumasolutions.pe\/tienda\/producto\/rebound-air-walker-bota-con-camara-de-aire-lateral-corta-xs-pn-b-242900061\/#primaryimage"},"thumbnailUrl":"https:\/\/traumasolutions.pe\/tienda\/wp-content\/uploads\/2021\/05\/rebound-air-walker-ossur-corta.jpg","datePublished":"2021-05-14T02:04:20+00:00","dateModified":"2026-02-05T17:47:30+00:00","breadcrumb":{"@id":"https:\/\/traumasolutions.pe\/tienda\/producto\/rebound-air-walker-bota-con-camara-de-aire-lateral-corta-xs-pn-b-242900061\/#breadcrumb"},"inLanguage":"es","potentialAction":[{"@type":"ReadAction","target":["https:\/\/traumasolutions.pe\/tienda\/producto\/rebound-air-walker-bota-con-camara-de-aire-lateral-corta-xs-pn-b-242900061\/"]}]},{"@type":"ImageObject","inLanguage":"es","@id":"https:\/\/traumasolutions.pe\/tienda\/producto\/rebound-air-walker-bota-con-camara-de-aire-lateral-corta-xs-pn-b-242900061\/#primaryimage","url":"https:\/\/traumasolutions.pe\/tienda\/wp-content\/uploads\/2021\/05\/rebound-air-walker-ossur-corta.jpg","contentUrl":"https:\/\/traumasolutions.pe\/tienda\/wp-content\/uploads\/2021\/05\/rebound-air-walker-ossur-corta.jpg","width":225,"height":225},{"@type":"BreadcrumbList","@id":"https:\/\/traumasolutions.pe\/tienda\/producto\/rebound-air-walker-bota-con-camara-de-aire-lateral-corta-xs-pn-b-242900061\/#breadcrumb","itemListElement":[{"@type":"ListItem","position":1,"name":"Portada","item":"https:\/\/traumasolutions.pe\/tienda\/"},{"@type":"ListItem","position":2,"name":"Shop","item":"https:\/\/traumasolutions.pe\/tienda\/shop\/"},{"@type":"ListItem","position":3,"name":"REBOUND\u00ae Air Walker bota con c\u00e1mara de aire lateral, corta"}]},{"@type":"WebSite","@id":"https:\/\/traumasolutions.pe\/tienda\/#website","url":"https:\/\/traumasolutions.pe\/tienda\/","name":"Trauma Solutions","description":"Sitio Web Oficial","potentialAction":[{"@type":"SearchAction","target":{"@type":"EntryPoint","urlTemplate":"https:\/\/traumasolutions.pe\/tienda\/?s={search_term_string}"},"query-input":{"@type":"PropertyValueSpecification","valueRequired":true,"valueName":"search_term_string"}}],"inLanguage":"es"}]}},"_links":{"self":[{"href":"https:\/\/traumasolutions.pe\/tienda\/wp-json\/wp\/v2\/product\/6672","targetHints":{"allow":["GET"]}}],"collection":[{"href":"https:\/\/traumasolutions.pe\/tienda\/wp-json\/wp\/v2\/product"}],"about":[{"href":"https:\/\/traumasolutions.pe\/tienda\/wp-json\/wp\/v2\/types\/product"}],"replies":[{"embeddable":true,"href":"https:\/\/traumasolutions.pe\/tienda\/wp-json\/wp\/v2\/comments?post=6672"}],"version-history":[{"count":4,"href":"https:\/\/traumasolutions.pe\/tienda\/wp-json\/wp\/v2\/product\/6672\/revisions"}],"predecessor-version":[{"id":7935,"href":"https:\/\/traumasolutions.pe\/tienda\/wp-json\/wp\/v2\/product\/6672\/revisions\/7935"}],"wp:featuredmedia":[{"embeddable":true,"href":"https:\/\/traumasolutions.pe\/tienda\/wp-json\/wp\/v2\/media\/8240"}],"wp:attachment":[{"href":"https:\/\/traumasolutions.pe\/tienda\/wp-json\/wp\/v2\/media?parent=6672"}],"wp:term":[{"taxonomy":"product_brand","embeddable":true,"href":"https:\/\/traumasolutions.pe\/tienda\/wp-json\/wp\/v2\/product_brand?post=6672"},{"taxonomy":"product_cat","embeddable":true,"href":"https:\/\/traumasolutions.pe\/tienda\/wp-json\/wp\/v2\/product_cat?post=6672"},{"taxonomy":"product_tag","embeddable":true,"href":"https:\/\/traumasolutions.pe\/tienda\/wp-json\/wp\/v2\/product_tag?post=6672"}],"curies":[{"name":"wp","href":"https:\/\/api.w.org\/{rel}","templated":true}]}}