{"id":6689,"date":"2021-05-14T02:13:15","date_gmt":"2021-05-14T02:13:15","guid":{"rendered":"https:\/\/traumasolutions.pe\/tienda\/?post_type=product&#038;p=6689"},"modified":"2024-11-30T17:00:16","modified_gmt":"2024-11-30T17:00:16","slug":"form-fit-ferula-para-muneca-universal-pediatrica-derecha","status":"publish","type":"product","link":"https:\/\/traumasolutions.pe\/tienda\/producto\/form-fit-ferula-para-muneca-universal-pediatrica-derecha\/","title":{"rendered":"FORM FIT\u00ae Ferula para mu\u00f1eca universal pedi\u00e1trica"},"content":{"rendered":"","protected":false},"excerpt":{"rendered":"<p>La tecnolog\u00eda de moldeado tridimensional patentada Form Fit nos permite variar el grosor del acolchado en lugares estrat\u00e9gicos para un ajuste y una comodidad superiores.<\/p>\n<ul>\n<li>Bursitis<\/li>\n<li>Lesiones de los tejidos blandos<\/li>\n<li>Tendinitis, esguines, fracturas<\/li>\n<li>Curaci\u00f3n tras la retirada de la escayola<\/li>\n<\/ul>\n<p>Medida necesaria: adaptable al tama\u00f1o de la mu\u00f1eca. Se diferencia por lado de mano.<\/p>\n","protected":false},"featured_media":0,"comment_status":"open","ping_status":"closed","template":"","meta":{"_acf_changed":false,"inline_featured_image":false,"_joinchat":[]},"product_brand":[],"product_cat":[178,184,171],"product_tag":[227,325,268,161],"class_list":{"0":"post-6689","1":"product","2":"type-product","3":"status-publish","5":"product_cat-muneca","6":"product_cat-ossur","7":"product_cat-parte-superior-del-cuerpo","8":"product_tag-ferula","9":"product_tag-ferula-para-muneca","10":"product_tag-muneca","11":"product_tag-ossur","13":"first","14":"instock","15":"shipping-taxable","16":"purchasable","17":"product-type-variable"},"acf":[],"yoast_head":"<!-- This site is optimized with the Yoast SEO plugin v27.2 - https:\/\/yoast.com\/product\/yoast-seo-wordpress\/ -->\n<title>FORM FIT\u00ae Ferula para mu\u00f1eca universal pedi\u00e1trica - Trauma Solutions<\/title>\n<meta name=\"robots\" content=\"index, follow, max-snippet:-1, max-image-preview:large, max-video-preview:-1\" \/>\n<link rel=\"canonical\" href=\"https:\/\/traumasolutions.pe\/tienda\/producto\/form-fit-ferula-para-muneca-universal-pediatrica-derecha\/\" \/>\n<meta property=\"og:locale\" content=\"es_ES\" \/>\n<meta property=\"og:type\" content=\"article\" \/>\n<meta property=\"og:title\" content=\"FORM FIT\u00ae Ferula para mu\u00f1eca universal pedi\u00e1trica - Trauma Solutions\" \/>\n<meta property=\"og:description\" content=\"La tecnolog\u00eda de moldeado tridimensional patentada Form Fit nos permite variar el grosor del acolchado en lugares estrat\u00e9gicos para un ajuste y una comodidad superiores.   Bursitis  Lesiones de los tejidos blandos  Tendinitis, esguines, fracturas  Curaci\u00f3n tras la retirada de la escayola  Medida necesaria: adaptable al tama\u00f1o de la mu\u00f1eca. Se diferencia por lado de mano.\" \/>\n<meta property=\"og:url\" content=\"https:\/\/traumasolutions.pe\/tienda\/producto\/form-fit-ferula-para-muneca-universal-pediatrica-derecha\/\" \/>\n<meta property=\"og:site_name\" content=\"Trauma Solutions\" \/>\n<meta property=\"article:modified_time\" content=\"2024-11-30T17:00:16+00:00\" \/>\n<meta name=\"twitter:card\" content=\"summary_large_image\" \/>\n<script type=\"application\/ld+json\" class=\"yoast-schema-graph\">{\"@context\":\"https:\/\/schema.org\",\"@graph\":[{\"@type\":\"WebPage\",\"@id\":\"https:\/\/traumasolutions.pe\/tienda\/producto\/form-fit-ferula-para-muneca-universal-pediatrica-derecha\/\",\"url\":\"https:\/\/traumasolutions.pe\/tienda\/producto\/form-fit-ferula-para-muneca-universal-pediatrica-derecha\/\",\"name\":\"FORM FIT\u00ae Ferula para mu\u00f1eca universal pedi\u00e1trica - Trauma Solutions\",\"isPartOf\":{\"@id\":\"https:\/\/traumasolutions.pe\/tienda\/#website\"},\"datePublished\":\"2021-05-14T02:13:15+00:00\",\"dateModified\":\"2024-11-30T17:00:16+00:00\",\"breadcrumb\":{\"@id\":\"https:\/\/traumasolutions.pe\/tienda\/producto\/form-fit-ferula-para-muneca-universal-pediatrica-derecha\/#breadcrumb\"},\"inLanguage\":\"es\",\"potentialAction\":[{\"@type\":\"ReadAction\",\"target\":[\"https:\/\/traumasolutions.pe\/tienda\/producto\/form-fit-ferula-para-muneca-universal-pediatrica-derecha\/\"]}]},{\"@type\":\"BreadcrumbList\",\"@id\":\"https:\/\/traumasolutions.pe\/tienda\/producto\/form-fit-ferula-para-muneca-universal-pediatrica-derecha\/#breadcrumb\",\"itemListElement\":[{\"@type\":\"ListItem\",\"position\":1,\"name\":\"Portada\",\"item\":\"https:\/\/traumasolutions.pe\/tienda\/\"},{\"@type\":\"ListItem\",\"position\":2,\"name\":\"Shop\",\"item\":\"https:\/\/traumasolutions.pe\/tienda\/shop\/\"},{\"@type\":\"ListItem\",\"position\":3,\"name\":\"FORM FIT\u00ae Ferula para mu\u00f1eca universal pedi\u00e1trica\"}]},{\"@type\":\"WebSite\",\"@id\":\"https:\/\/traumasolutions.pe\/tienda\/#website\",\"url\":\"https:\/\/traumasolutions.pe\/tienda\/\",\"name\":\"Trauma Solutions\",\"description\":\"Sitio Web Oficial\",\"potentialAction\":[{\"@type\":\"SearchAction\",\"target\":{\"@type\":\"EntryPoint\",\"urlTemplate\":\"https:\/\/traumasolutions.pe\/tienda\/?s={search_term_string}\"},\"query-input\":{\"@type\":\"PropertyValueSpecification\",\"valueRequired\":true,\"valueName\":\"search_term_string\"}}],\"inLanguage\":\"es\"}]}<\/script>\n<!-- \/ Yoast SEO plugin. -->","yoast_head_json":{"title":"FORM FIT\u00ae Ferula para mu\u00f1eca universal pedi\u00e1trica - Trauma Solutions","robots":{"index":"index","follow":"follow","max-snippet":"max-snippet:-1","max-image-preview":"max-image-preview:large","max-video-preview":"max-video-preview:-1"},"canonical":"https:\/\/traumasolutions.pe\/tienda\/producto\/form-fit-ferula-para-muneca-universal-pediatrica-derecha\/","og_locale":"es_ES","og_type":"article","og_title":"FORM FIT\u00ae Ferula para mu\u00f1eca universal pedi\u00e1trica - Trauma Solutions","og_description":"La tecnolog\u00eda de moldeado tridimensional patentada Form Fit nos permite variar el grosor del acolchado en lugares estrat\u00e9gicos para un ajuste y una comodidad superiores.   Bursitis  Lesiones de los tejidos blandos  Tendinitis, esguines, fracturas  Curaci\u00f3n tras la retirada de la escayola  Medida necesaria: adaptable al tama\u00f1o de la mu\u00f1eca. Se diferencia por lado de mano.","og_url":"https:\/\/traumasolutions.pe\/tienda\/producto\/form-fit-ferula-para-muneca-universal-pediatrica-derecha\/","og_site_name":"Trauma Solutions","article_modified_time":"2024-11-30T17:00:16+00:00","twitter_card":"summary_large_image","schema":{"@context":"https:\/\/schema.org","@graph":[{"@type":"WebPage","@id":"https:\/\/traumasolutions.pe\/tienda\/producto\/form-fit-ferula-para-muneca-universal-pediatrica-derecha\/","url":"https:\/\/traumasolutions.pe\/tienda\/producto\/form-fit-ferula-para-muneca-universal-pediatrica-derecha\/","name":"FORM FIT\u00ae Ferula para mu\u00f1eca universal pedi\u00e1trica - Trauma Solutions","isPartOf":{"@id":"https:\/\/traumasolutions.pe\/tienda\/#website"},"datePublished":"2021-05-14T02:13:15+00:00","dateModified":"2024-11-30T17:00:16+00:00","breadcrumb":{"@id":"https:\/\/traumasolutions.pe\/tienda\/producto\/form-fit-ferula-para-muneca-universal-pediatrica-derecha\/#breadcrumb"},"inLanguage":"es","potentialAction":[{"@type":"ReadAction","target":["https:\/\/traumasolutions.pe\/tienda\/producto\/form-fit-ferula-para-muneca-universal-pediatrica-derecha\/"]}]},{"@type":"BreadcrumbList","@id":"https:\/\/traumasolutions.pe\/tienda\/producto\/form-fit-ferula-para-muneca-universal-pediatrica-derecha\/#breadcrumb","itemListElement":[{"@type":"ListItem","position":1,"name":"Portada","item":"https:\/\/traumasolutions.pe\/tienda\/"},{"@type":"ListItem","position":2,"name":"Shop","item":"https:\/\/traumasolutions.pe\/tienda\/shop\/"},{"@type":"ListItem","position":3,"name":"FORM FIT\u00ae Ferula para mu\u00f1eca universal pedi\u00e1trica"}]},{"@type":"WebSite","@id":"https:\/\/traumasolutions.pe\/tienda\/#website","url":"https:\/\/traumasolutions.pe\/tienda\/","name":"Trauma Solutions","description":"Sitio Web Oficial","potentialAction":[{"@type":"SearchAction","target":{"@type":"EntryPoint","urlTemplate":"https:\/\/traumasolutions.pe\/tienda\/?s={search_term_string}"},"query-input":{"@type":"PropertyValueSpecification","valueRequired":true,"valueName":"search_term_string"}}],"inLanguage":"es"}]}},"_links":{"self":[{"href":"https:\/\/traumasolutions.pe\/tienda\/wp-json\/wp\/v2\/product\/6689","targetHints":{"allow":["GET"]}}],"collection":[{"href":"https:\/\/traumasolutions.pe\/tienda\/wp-json\/wp\/v2\/product"}],"about":[{"href":"https:\/\/traumasolutions.pe\/tienda\/wp-json\/wp\/v2\/types\/product"}],"replies":[{"embeddable":true,"href":"https:\/\/traumasolutions.pe\/tienda\/wp-json\/wp\/v2\/comments?post=6689"}],"version-history":[{"count":5,"href":"https:\/\/traumasolutions.pe\/tienda\/wp-json\/wp\/v2\/product\/6689\/revisions"}],"predecessor-version":[{"id":8263,"href":"https:\/\/traumasolutions.pe\/tienda\/wp-json\/wp\/v2\/product\/6689\/revisions\/8263"}],"wp:attachment":[{"href":"https:\/\/traumasolutions.pe\/tienda\/wp-json\/wp\/v2\/media?parent=6689"}],"wp:term":[{"taxonomy":"product_brand","embeddable":true,"href":"https:\/\/traumasolutions.pe\/tienda\/wp-json\/wp\/v2\/product_brand?post=6689"},{"taxonomy":"product_cat","embeddable":true,"href":"https:\/\/traumasolutions.pe\/tienda\/wp-json\/wp\/v2\/product_cat?post=6689"},{"taxonomy":"product_tag","embeddable":true,"href":"https:\/\/traumasolutions.pe\/tienda\/wp-json\/wp\/v2\/product_tag?post=6689"}],"curies":[{"name":"wp","href":"https:\/\/api.w.org\/{rel}","templated":true}]}}