{"id":6726,"date":"2021-05-15T02:37:59","date_gmt":"2021-05-15T02:37:59","guid":{"rendered":"https:\/\/traumasolutions.pe\/tienda\/?post_type=product&#038;p=6726"},"modified":"2024-02-05T19:34:55","modified_gmt":"2024-02-05T19:34:55","slug":"u1-rodillera-para-gonartrosis","status":"publish","type":"product","link":"https:\/\/traumasolutions.pe\/tienda\/producto\/u1-rodillera-para-gonartrosis\/","title":{"rendered":"U1\u00ae Rodillera para gonartrosis"},"content":{"rendered":"","protected":false},"excerpt":{"rendered":"<p>La rodillera Unloader One cuenta con 3 puntos de soporte mediante la incorporaci\u00f3n de Dual Dynamic Force Straps que se ajustan f\u00e1cilmente con el dial SmartDosing\u00ae. Las investigaciones recientes demuestran que la Unloader One reduce el dolor, mejora la funci\u00f3n y disminuye el uso de analg\u00e9sicos. Es indicado para:<\/p>\n<ul>\n<li>Osteoartritis unicompartimental moderada.<\/li>\n<li data-content-guid=\"u357332-6_content\">Osteoartritis unicompartimental severa.<\/li>\n<li data-content-guid=\"u357332-8_content\">Condiciones Unicompartimentales de rodilla que requieren reducci\u00f3n de carga tales como Reparar defecto de cart\u00edlago articular, Repara cart\u00edlago meniscal, Necrosis avascular, o fractura de plato tibial.<\/li>\n<li data-content-guid=\"u357332-10_content\">Actividades de no contacto.<\/li>\n<\/ul>\n","protected":false},"featured_media":7079,"comment_status":"open","ping_status":"closed","template":"","meta":{"_acf_changed":false,"inline_featured_image":false,"_joinchat":[]},"product_brand":[],"product_cat":[184,172,173],"product_tag":[161],"class_list":{"0":"post-6726","1":"product","2":"type-product","3":"status-publish","4":"has-post-thumbnail","6":"product_cat-ossur","7":"product_cat-parte-inferior-del-cuerpo","8":"product_cat-rodilla","9":"product_tag-ossur","11":"first","12":"instock","13":"shipping-taxable","14":"purchasable","15":"product-type-variable"},"acf":[],"yoast_head":"<!-- This site is optimized with the Yoast SEO plugin v27.2 - https:\/\/yoast.com\/product\/yoast-seo-wordpress\/ -->\n<title>U1\u00ae Rodillera para gonartrosis - Trauma Solutions<\/title>\n<meta name=\"robots\" content=\"index, follow, max-snippet:-1, max-image-preview:large, max-video-preview:-1\" \/>\n<link rel=\"canonical\" href=\"https:\/\/traumasolutions.pe\/tienda\/producto\/u1-rodillera-para-gonartrosis\/\" \/>\n<meta property=\"og:locale\" content=\"es_ES\" \/>\n<meta property=\"og:type\" content=\"article\" \/>\n<meta property=\"og:title\" content=\"U1\u00ae Rodillera para gonartrosis - Trauma Solutions\" \/>\n<meta property=\"og:description\" content=\"La rodillera Unloader One cuenta con 3 puntos de soporte mediante la incorporaci\u00f3n de Dual Dynamic Force Straps que se ajustan f\u00e1cilmente con el dial SmartDosing\u00ae. Las investigaciones recientes demuestran que la Unloader One reduce el dolor, mejora la funci\u00f3n y disminuye el uso de analg\u00e9sicos. Es indicado para:   Osteoartritis unicompartimental moderada.  Osteoartritis unicompartimental severa.  Condiciones Unicompartimentales de rodilla que requieren reducci\u00f3n de carga tales como Reparar defecto de cart\u00edlago articular, Repara cart\u00edlago meniscal, Necrosis avascular, o fractura de plato tibial.  Actividades de no contacto.\" \/>\n<meta property=\"og:url\" content=\"https:\/\/traumasolutions.pe\/tienda\/producto\/u1-rodillera-para-gonartrosis\/\" \/>\n<meta property=\"og:site_name\" content=\"Trauma Solutions\" \/>\n<meta property=\"article:modified_time\" content=\"2024-02-05T19:34:55+00:00\" \/>\n<meta property=\"og:image\" content=\"https:\/\/traumasolutions.pe\/tienda\/wp-content\/uploads\/2020\/02\/U1-X-RODILLERA-SMARTDOSING-LATERAL-STANDARD.jpg\" \/>\n\t<meta property=\"og:image:width\" content=\"2000\" \/>\n\t<meta property=\"og:image:height\" content=\"2000\" \/>\n\t<meta property=\"og:image:type\" content=\"image\/jpeg\" \/>\n<meta name=\"twitter:card\" content=\"summary_large_image\" \/>\n<script type=\"application\/ld+json\" class=\"yoast-schema-graph\">{\"@context\":\"https:\/\/schema.org\",\"@graph\":[{\"@type\":\"WebPage\",\"@id\":\"https:\/\/traumasolutions.pe\/tienda\/producto\/u1-rodillera-para-gonartrosis\/\",\"url\":\"https:\/\/traumasolutions.pe\/tienda\/producto\/u1-rodillera-para-gonartrosis\/\",\"name\":\"U1\u00ae Rodillera para gonartrosis - Trauma Solutions\",\"isPartOf\":{\"@id\":\"https:\/\/traumasolutions.pe\/tienda\/#website\"},\"primaryImageOfPage\":{\"@id\":\"https:\/\/traumasolutions.pe\/tienda\/producto\/u1-rodillera-para-gonartrosis\/#primaryimage\"},\"image\":{\"@id\":\"https:\/\/traumasolutions.pe\/tienda\/producto\/u1-rodillera-para-gonartrosis\/#primaryimage\"},\"thumbnailUrl\":\"https:\/\/traumasolutions.pe\/tienda\/wp-content\/uploads\/2020\/02\/U1-X-RODILLERA-SMARTDOSING-LATERAL-STANDARD.jpg\",\"datePublished\":\"2021-05-15T02:37:59+00:00\",\"dateModified\":\"2024-02-05T19:34:55+00:00\",\"breadcrumb\":{\"@id\":\"https:\/\/traumasolutions.pe\/tienda\/producto\/u1-rodillera-para-gonartrosis\/#breadcrumb\"},\"inLanguage\":\"es\",\"potentialAction\":[{\"@type\":\"ReadAction\",\"target\":[\"https:\/\/traumasolutions.pe\/tienda\/producto\/u1-rodillera-para-gonartrosis\/\"]}]},{\"@type\":\"ImageObject\",\"inLanguage\":\"es\",\"@id\":\"https:\/\/traumasolutions.pe\/tienda\/producto\/u1-rodillera-para-gonartrosis\/#primaryimage\",\"url\":\"https:\/\/traumasolutions.pe\/tienda\/wp-content\/uploads\/2020\/02\/U1-X-RODILLERA-SMARTDOSING-LATERAL-STANDARD.jpg\",\"contentUrl\":\"https:\/\/traumasolutions.pe\/tienda\/wp-content\/uploads\/2020\/02\/U1-X-RODILLERA-SMARTDOSING-LATERAL-STANDARD.jpg\",\"width\":2000,\"height\":2000,\"caption\":\"U1 X Rodillera, smartdosing lateral, unloader one\"},{\"@type\":\"BreadcrumbList\",\"@id\":\"https:\/\/traumasolutions.pe\/tienda\/producto\/u1-rodillera-para-gonartrosis\/#breadcrumb\",\"itemListElement\":[{\"@type\":\"ListItem\",\"position\":1,\"name\":\"Portada\",\"item\":\"https:\/\/traumasolutions.pe\/tienda\/\"},{\"@type\":\"ListItem\",\"position\":2,\"name\":\"Shop\",\"item\":\"https:\/\/traumasolutions.pe\/tienda\/shop\/\"},{\"@type\":\"ListItem\",\"position\":3,\"name\":\"U1\u00ae Rodillera para gonartrosis\"}]},{\"@type\":\"WebSite\",\"@id\":\"https:\/\/traumasolutions.pe\/tienda\/#website\",\"url\":\"https:\/\/traumasolutions.pe\/tienda\/\",\"name\":\"Trauma Solutions\",\"description\":\"Sitio Web Oficial\",\"potentialAction\":[{\"@type\":\"SearchAction\",\"target\":{\"@type\":\"EntryPoint\",\"urlTemplate\":\"https:\/\/traumasolutions.pe\/tienda\/?s={search_term_string}\"},\"query-input\":{\"@type\":\"PropertyValueSpecification\",\"valueRequired\":true,\"valueName\":\"search_term_string\"}}],\"inLanguage\":\"es\"}]}<\/script>\n<!-- \/ Yoast SEO plugin. -->","yoast_head_json":{"title":"U1\u00ae Rodillera para gonartrosis - Trauma Solutions","robots":{"index":"index","follow":"follow","max-snippet":"max-snippet:-1","max-image-preview":"max-image-preview:large","max-video-preview":"max-video-preview:-1"},"canonical":"https:\/\/traumasolutions.pe\/tienda\/producto\/u1-rodillera-para-gonartrosis\/","og_locale":"es_ES","og_type":"article","og_title":"U1\u00ae Rodillera para gonartrosis - Trauma Solutions","og_description":"La rodillera Unloader One cuenta con 3 puntos de soporte mediante la incorporaci\u00f3n de Dual Dynamic Force Straps que se ajustan f\u00e1cilmente con el dial SmartDosing\u00ae. Las investigaciones recientes demuestran que la Unloader One reduce el dolor, mejora la funci\u00f3n y disminuye el uso de analg\u00e9sicos. Es indicado para:   Osteoartritis unicompartimental moderada.  Osteoartritis unicompartimental severa.  Condiciones Unicompartimentales de rodilla que requieren reducci\u00f3n de carga tales como Reparar defecto de cart\u00edlago articular, Repara cart\u00edlago meniscal, Necrosis avascular, o fractura de plato tibial.  Actividades de no contacto.","og_url":"https:\/\/traumasolutions.pe\/tienda\/producto\/u1-rodillera-para-gonartrosis\/","og_site_name":"Trauma Solutions","article_modified_time":"2024-02-05T19:34:55+00:00","og_image":[{"width":2000,"height":2000,"url":"https:\/\/traumasolutions.pe\/tienda\/wp-content\/uploads\/2020\/02\/U1-X-RODILLERA-SMARTDOSING-LATERAL-STANDARD.jpg","type":"image\/jpeg"}],"twitter_card":"summary_large_image","schema":{"@context":"https:\/\/schema.org","@graph":[{"@type":"WebPage","@id":"https:\/\/traumasolutions.pe\/tienda\/producto\/u1-rodillera-para-gonartrosis\/","url":"https:\/\/traumasolutions.pe\/tienda\/producto\/u1-rodillera-para-gonartrosis\/","name":"U1\u00ae Rodillera para gonartrosis - Trauma Solutions","isPartOf":{"@id":"https:\/\/traumasolutions.pe\/tienda\/#website"},"primaryImageOfPage":{"@id":"https:\/\/traumasolutions.pe\/tienda\/producto\/u1-rodillera-para-gonartrosis\/#primaryimage"},"image":{"@id":"https:\/\/traumasolutions.pe\/tienda\/producto\/u1-rodillera-para-gonartrosis\/#primaryimage"},"thumbnailUrl":"https:\/\/traumasolutions.pe\/tienda\/wp-content\/uploads\/2020\/02\/U1-X-RODILLERA-SMARTDOSING-LATERAL-STANDARD.jpg","datePublished":"2021-05-15T02:37:59+00:00","dateModified":"2024-02-05T19:34:55+00:00","breadcrumb":{"@id":"https:\/\/traumasolutions.pe\/tienda\/producto\/u1-rodillera-para-gonartrosis\/#breadcrumb"},"inLanguage":"es","potentialAction":[{"@type":"ReadAction","target":["https:\/\/traumasolutions.pe\/tienda\/producto\/u1-rodillera-para-gonartrosis\/"]}]},{"@type":"ImageObject","inLanguage":"es","@id":"https:\/\/traumasolutions.pe\/tienda\/producto\/u1-rodillera-para-gonartrosis\/#primaryimage","url":"https:\/\/traumasolutions.pe\/tienda\/wp-content\/uploads\/2020\/02\/U1-X-RODILLERA-SMARTDOSING-LATERAL-STANDARD.jpg","contentUrl":"https:\/\/traumasolutions.pe\/tienda\/wp-content\/uploads\/2020\/02\/U1-X-RODILLERA-SMARTDOSING-LATERAL-STANDARD.jpg","width":2000,"height":2000,"caption":"U1 X Rodillera, smartdosing lateral, unloader one"},{"@type":"BreadcrumbList","@id":"https:\/\/traumasolutions.pe\/tienda\/producto\/u1-rodillera-para-gonartrosis\/#breadcrumb","itemListElement":[{"@type":"ListItem","position":1,"name":"Portada","item":"https:\/\/traumasolutions.pe\/tienda\/"},{"@type":"ListItem","position":2,"name":"Shop","item":"https:\/\/traumasolutions.pe\/tienda\/shop\/"},{"@type":"ListItem","position":3,"name":"U1\u00ae Rodillera para gonartrosis"}]},{"@type":"WebSite","@id":"https:\/\/traumasolutions.pe\/tienda\/#website","url":"https:\/\/traumasolutions.pe\/tienda\/","name":"Trauma Solutions","description":"Sitio Web Oficial","potentialAction":[{"@type":"SearchAction","target":{"@type":"EntryPoint","urlTemplate":"https:\/\/traumasolutions.pe\/tienda\/?s={search_term_string}"},"query-input":{"@type":"PropertyValueSpecification","valueRequired":true,"valueName":"search_term_string"}}],"inLanguage":"es"}]}},"_links":{"self":[{"href":"https:\/\/traumasolutions.pe\/tienda\/wp-json\/wp\/v2\/product\/6726","targetHints":{"allow":["GET"]}}],"collection":[{"href":"https:\/\/traumasolutions.pe\/tienda\/wp-json\/wp\/v2\/product"}],"about":[{"href":"https:\/\/traumasolutions.pe\/tienda\/wp-json\/wp\/v2\/types\/product"}],"replies":[{"embeddable":true,"href":"https:\/\/traumasolutions.pe\/tienda\/wp-json\/wp\/v2\/comments?post=6726"}],"version-history":[{"count":6,"href":"https:\/\/traumasolutions.pe\/tienda\/wp-json\/wp\/v2\/product\/6726\/revisions"}],"predecessor-version":[{"id":8480,"href":"https:\/\/traumasolutions.pe\/tienda\/wp-json\/wp\/v2\/product\/6726\/revisions\/8480"}],"wp:featuredmedia":[{"embeddable":true,"href":"https:\/\/traumasolutions.pe\/tienda\/wp-json\/wp\/v2\/media\/7079"}],"wp:attachment":[{"href":"https:\/\/traumasolutions.pe\/tienda\/wp-json\/wp\/v2\/media?parent=6726"}],"wp:term":[{"taxonomy":"product_brand","embeddable":true,"href":"https:\/\/traumasolutions.pe\/tienda\/wp-json\/wp\/v2\/product_brand?post=6726"},{"taxonomy":"product_cat","embeddable":true,"href":"https:\/\/traumasolutions.pe\/tienda\/wp-json\/wp\/v2\/product_cat?post=6726"},{"taxonomy":"product_tag","embeddable":true,"href":"https:\/\/traumasolutions.pe\/tienda\/wp-json\/wp\/v2\/product_tag?post=6726"}],"curies":[{"name":"wp","href":"https:\/\/api.w.org\/{rel}","templated":true}]}}