{"id":6727,"date":"2021-05-15T02:38:43","date_gmt":"2021-05-15T02:38:43","guid":{"rendered":"https:\/\/traumasolutions.pe\/tienda\/?post_type=product&#038;p=6727"},"modified":"2024-02-05T19:32:20","modified_gmt":"2024-02-05T19:32:20","slug":"u1-x-rodillera-para-artrosis","status":"publish","type":"product","link":"https:\/\/traumasolutions.pe\/tienda\/producto\/u1-x-rodillera-para-artrosis\/","title":{"rendered":"U1\u00ae X Rodillera para artrosis"},"content":{"rendered":"","protected":false},"excerpt":{"rendered":"<p>La rodillera Unloader One cuenta con 3 puntos de soporte mediante la incorporaci\u00f3n de Dual Dynamic Force Straps que se ajustan f\u00e1cilmente con el dial SmartDosing\u00ae. Los revestimientos, revestidos con \u00d6ssur Sensil\u00ae Silicone, mejoran la comodidad y reducen la migraci\u00f3n, ayudando a garantizar el cumplimiento del paciente. La Unloader One reduce el dolor, mejora la funci\u00f3n y disminuye el uso de analg\u00e9sicos. Indicado para:<\/p>\n<ul>\n<li>Osteoartritis unicompartimental moderada.<\/li>\n<li>Osteoartritis unicompartimental severa.<\/li>\n<\/ul>\n","protected":false},"featured_media":7208,"comment_status":"open","ping_status":"closed","template":"","meta":{"_acf_changed":false,"inline_featured_image":false,"_joinchat":[]},"product_brand":[],"product_cat":[184,172,173],"product_tag":[161],"class_list":{"0":"post-6727","1":"product","2":"type-product","3":"status-publish","4":"has-post-thumbnail","6":"product_cat-ossur","7":"product_cat-parte-inferior-del-cuerpo","8":"product_cat-rodilla","9":"product_tag-ossur","11":"first","12":"instock","13":"shipping-taxable","14":"purchasable","15":"product-type-variable"},"acf":[],"yoast_head":"<!-- This site is optimized with the Yoast SEO plugin v27.2 - https:\/\/yoast.com\/product\/yoast-seo-wordpress\/ -->\n<title>U1\u00ae X Rodillera para artrosis - Trauma Solutions<\/title>\n<meta name=\"robots\" content=\"index, follow, max-snippet:-1, max-image-preview:large, max-video-preview:-1\" \/>\n<link rel=\"canonical\" href=\"https:\/\/traumasolutions.pe\/tienda\/producto\/u1-x-rodillera-para-artrosis\/\" \/>\n<meta property=\"og:locale\" content=\"es_ES\" \/>\n<meta property=\"og:type\" content=\"article\" \/>\n<meta property=\"og:title\" content=\"U1\u00ae X Rodillera para artrosis - Trauma Solutions\" \/>\n<meta property=\"og:description\" content=\"La rodillera Unloader One cuenta con 3 puntos de soporte mediante la incorporaci\u00f3n de Dual Dynamic Force Straps que se ajustan f\u00e1cilmente con el dial SmartDosing\u00ae. Los revestimientos, revestidos con \u00d6ssur Sensil\u00ae Silicone, mejoran la comodidad y reducen la migraci\u00f3n, ayudando a garantizar el cumplimiento del paciente. La Unloader One reduce el dolor, mejora la funci\u00f3n y disminuye el uso de analg\u00e9sicos. Indicado para:   Osteoartritis unicompartimental moderada.  Osteoartritis unicompartimental severa.\" \/>\n<meta property=\"og:url\" content=\"https:\/\/traumasolutions.pe\/tienda\/producto\/u1-x-rodillera-para-artrosis\/\" \/>\n<meta property=\"og:site_name\" content=\"Trauma Solutions\" \/>\n<meta property=\"article:modified_time\" content=\"2024-02-05T19:32:20+00:00\" \/>\n<meta property=\"og:image\" content=\"https:\/\/traumasolutions.pe\/tienda\/wp-content\/uploads\/2020\/02\/U1-X-RODILLERA-SMARTDOSING-LATERAL-STANDARD-IZQUIERDA-1.jpg\" \/>\n\t<meta property=\"og:image:width\" content=\"2000\" \/>\n\t<meta property=\"og:image:height\" content=\"2000\" \/>\n\t<meta property=\"og:image:type\" content=\"image\/jpeg\" \/>\n<meta name=\"twitter:card\" content=\"summary_large_image\" \/>\n<script type=\"application\/ld+json\" class=\"yoast-schema-graph\">{\"@context\":\"https:\/\/schema.org\",\"@graph\":[{\"@type\":\"WebPage\",\"@id\":\"https:\/\/traumasolutions.pe\/tienda\/producto\/u1-x-rodillera-para-artrosis\/\",\"url\":\"https:\/\/traumasolutions.pe\/tienda\/producto\/u1-x-rodillera-para-artrosis\/\",\"name\":\"U1\u00ae X Rodillera para artrosis - Trauma Solutions\",\"isPartOf\":{\"@id\":\"https:\/\/traumasolutions.pe\/tienda\/#website\"},\"primaryImageOfPage\":{\"@id\":\"https:\/\/traumasolutions.pe\/tienda\/producto\/u1-x-rodillera-para-artrosis\/#primaryimage\"},\"image\":{\"@id\":\"https:\/\/traumasolutions.pe\/tienda\/producto\/u1-x-rodillera-para-artrosis\/#primaryimage\"},\"thumbnailUrl\":\"https:\/\/traumasolutions.pe\/tienda\/wp-content\/uploads\/2020\/02\/U1-X-RODILLERA-SMARTDOSING-LATERAL-STANDARD-IZQUIERDA-1.jpg\",\"datePublished\":\"2021-05-15T02:38:43+00:00\",\"dateModified\":\"2024-02-05T19:32:20+00:00\",\"breadcrumb\":{\"@id\":\"https:\/\/traumasolutions.pe\/tienda\/producto\/u1-x-rodillera-para-artrosis\/#breadcrumb\"},\"inLanguage\":\"es\",\"potentialAction\":[{\"@type\":\"ReadAction\",\"target\":[\"https:\/\/traumasolutions.pe\/tienda\/producto\/u1-x-rodillera-para-artrosis\/\"]}]},{\"@type\":\"ImageObject\",\"inLanguage\":\"es\",\"@id\":\"https:\/\/traumasolutions.pe\/tienda\/producto\/u1-x-rodillera-para-artrosis\/#primaryimage\",\"url\":\"https:\/\/traumasolutions.pe\/tienda\/wp-content\/uploads\/2020\/02\/U1-X-RODILLERA-SMARTDOSING-LATERAL-STANDARD-IZQUIERDA-1.jpg\",\"contentUrl\":\"https:\/\/traumasolutions.pe\/tienda\/wp-content\/uploads\/2020\/02\/U1-X-RODILLERA-SMARTDOSING-LATERAL-STANDARD-IZQUIERDA-1.jpg\",\"width\":2000,\"height\":2000},{\"@type\":\"BreadcrumbList\",\"@id\":\"https:\/\/traumasolutions.pe\/tienda\/producto\/u1-x-rodillera-para-artrosis\/#breadcrumb\",\"itemListElement\":[{\"@type\":\"ListItem\",\"position\":1,\"name\":\"Portada\",\"item\":\"https:\/\/traumasolutions.pe\/tienda\/\"},{\"@type\":\"ListItem\",\"position\":2,\"name\":\"Shop\",\"item\":\"https:\/\/traumasolutions.pe\/tienda\/shop\/\"},{\"@type\":\"ListItem\",\"position\":3,\"name\":\"U1\u00ae X Rodillera para artrosis\"}]},{\"@type\":\"WebSite\",\"@id\":\"https:\/\/traumasolutions.pe\/tienda\/#website\",\"url\":\"https:\/\/traumasolutions.pe\/tienda\/\",\"name\":\"Trauma Solutions\",\"description\":\"Sitio Web Oficial\",\"potentialAction\":[{\"@type\":\"SearchAction\",\"target\":{\"@type\":\"EntryPoint\",\"urlTemplate\":\"https:\/\/traumasolutions.pe\/tienda\/?s={search_term_string}\"},\"query-input\":{\"@type\":\"PropertyValueSpecification\",\"valueRequired\":true,\"valueName\":\"search_term_string\"}}],\"inLanguage\":\"es\"}]}<\/script>\n<!-- \/ Yoast SEO plugin. -->","yoast_head_json":{"title":"U1\u00ae X Rodillera para artrosis - Trauma Solutions","robots":{"index":"index","follow":"follow","max-snippet":"max-snippet:-1","max-image-preview":"max-image-preview:large","max-video-preview":"max-video-preview:-1"},"canonical":"https:\/\/traumasolutions.pe\/tienda\/producto\/u1-x-rodillera-para-artrosis\/","og_locale":"es_ES","og_type":"article","og_title":"U1\u00ae X Rodillera para artrosis - Trauma Solutions","og_description":"La rodillera Unloader One cuenta con 3 puntos de soporte mediante la incorporaci\u00f3n de Dual Dynamic Force Straps que se ajustan f\u00e1cilmente con el dial SmartDosing\u00ae. Los revestimientos, revestidos con \u00d6ssur Sensil\u00ae Silicone, mejoran la comodidad y reducen la migraci\u00f3n, ayudando a garantizar el cumplimiento del paciente. La Unloader One reduce el dolor, mejora la funci\u00f3n y disminuye el uso de analg\u00e9sicos. Indicado para:   Osteoartritis unicompartimental moderada.  Osteoartritis unicompartimental severa.","og_url":"https:\/\/traumasolutions.pe\/tienda\/producto\/u1-x-rodillera-para-artrosis\/","og_site_name":"Trauma Solutions","article_modified_time":"2024-02-05T19:32:20+00:00","og_image":[{"width":2000,"height":2000,"url":"https:\/\/traumasolutions.pe\/tienda\/wp-content\/uploads\/2020\/02\/U1-X-RODILLERA-SMARTDOSING-LATERAL-STANDARD-IZQUIERDA-1.jpg","type":"image\/jpeg"}],"twitter_card":"summary_large_image","schema":{"@context":"https:\/\/schema.org","@graph":[{"@type":"WebPage","@id":"https:\/\/traumasolutions.pe\/tienda\/producto\/u1-x-rodillera-para-artrosis\/","url":"https:\/\/traumasolutions.pe\/tienda\/producto\/u1-x-rodillera-para-artrosis\/","name":"U1\u00ae X Rodillera para artrosis - Trauma Solutions","isPartOf":{"@id":"https:\/\/traumasolutions.pe\/tienda\/#website"},"primaryImageOfPage":{"@id":"https:\/\/traumasolutions.pe\/tienda\/producto\/u1-x-rodillera-para-artrosis\/#primaryimage"},"image":{"@id":"https:\/\/traumasolutions.pe\/tienda\/producto\/u1-x-rodillera-para-artrosis\/#primaryimage"},"thumbnailUrl":"https:\/\/traumasolutions.pe\/tienda\/wp-content\/uploads\/2020\/02\/U1-X-RODILLERA-SMARTDOSING-LATERAL-STANDARD-IZQUIERDA-1.jpg","datePublished":"2021-05-15T02:38:43+00:00","dateModified":"2024-02-05T19:32:20+00:00","breadcrumb":{"@id":"https:\/\/traumasolutions.pe\/tienda\/producto\/u1-x-rodillera-para-artrosis\/#breadcrumb"},"inLanguage":"es","potentialAction":[{"@type":"ReadAction","target":["https:\/\/traumasolutions.pe\/tienda\/producto\/u1-x-rodillera-para-artrosis\/"]}]},{"@type":"ImageObject","inLanguage":"es","@id":"https:\/\/traumasolutions.pe\/tienda\/producto\/u1-x-rodillera-para-artrosis\/#primaryimage","url":"https:\/\/traumasolutions.pe\/tienda\/wp-content\/uploads\/2020\/02\/U1-X-RODILLERA-SMARTDOSING-LATERAL-STANDARD-IZQUIERDA-1.jpg","contentUrl":"https:\/\/traumasolutions.pe\/tienda\/wp-content\/uploads\/2020\/02\/U1-X-RODILLERA-SMARTDOSING-LATERAL-STANDARD-IZQUIERDA-1.jpg","width":2000,"height":2000},{"@type":"BreadcrumbList","@id":"https:\/\/traumasolutions.pe\/tienda\/producto\/u1-x-rodillera-para-artrosis\/#breadcrumb","itemListElement":[{"@type":"ListItem","position":1,"name":"Portada","item":"https:\/\/traumasolutions.pe\/tienda\/"},{"@type":"ListItem","position":2,"name":"Shop","item":"https:\/\/traumasolutions.pe\/tienda\/shop\/"},{"@type":"ListItem","position":3,"name":"U1\u00ae X Rodillera para artrosis"}]},{"@type":"WebSite","@id":"https:\/\/traumasolutions.pe\/tienda\/#website","url":"https:\/\/traumasolutions.pe\/tienda\/","name":"Trauma Solutions","description":"Sitio Web Oficial","potentialAction":[{"@type":"SearchAction","target":{"@type":"EntryPoint","urlTemplate":"https:\/\/traumasolutions.pe\/tienda\/?s={search_term_string}"},"query-input":{"@type":"PropertyValueSpecification","valueRequired":true,"valueName":"search_term_string"}}],"inLanguage":"es"}]}},"_links":{"self":[{"href":"https:\/\/traumasolutions.pe\/tienda\/wp-json\/wp\/v2\/product\/6727","targetHints":{"allow":["GET"]}}],"collection":[{"href":"https:\/\/traumasolutions.pe\/tienda\/wp-json\/wp\/v2\/product"}],"about":[{"href":"https:\/\/traumasolutions.pe\/tienda\/wp-json\/wp\/v2\/types\/product"}],"replies":[{"embeddable":true,"href":"https:\/\/traumasolutions.pe\/tienda\/wp-json\/wp\/v2\/comments?post=6727"}],"version-history":[{"count":8,"href":"https:\/\/traumasolutions.pe\/tienda\/wp-json\/wp\/v2\/product\/6727\/revisions"}],"predecessor-version":[{"id":8478,"href":"https:\/\/traumasolutions.pe\/tienda\/wp-json\/wp\/v2\/product\/6727\/revisions\/8478"}],"wp:featuredmedia":[{"embeddable":true,"href":"https:\/\/traumasolutions.pe\/tienda\/wp-json\/wp\/v2\/media\/7208"}],"wp:attachment":[{"href":"https:\/\/traumasolutions.pe\/tienda\/wp-json\/wp\/v2\/media?parent=6727"}],"wp:term":[{"taxonomy":"product_brand","embeddable":true,"href":"https:\/\/traumasolutions.pe\/tienda\/wp-json\/wp\/v2\/product_brand?post=6727"},{"taxonomy":"product_cat","embeddable":true,"href":"https:\/\/traumasolutions.pe\/tienda\/wp-json\/wp\/v2\/product_cat?post=6727"},{"taxonomy":"product_tag","embeddable":true,"href":"https:\/\/traumasolutions.pe\/tienda\/wp-json\/wp\/v2\/product_tag?post=6727"}],"curies":[{"name":"wp","href":"https:\/\/api.w.org\/{rel}","templated":true}]}}