{"id":6742,"date":"2021-05-15T02:43:40","date_gmt":"2021-05-15T02:43:40","guid":{"rendered":"https:\/\/traumasolutions.pe\/tienda\/?post_type=product&#038;p=6742"},"modified":"2026-01-12T16:17:40","modified_gmt":"2026-01-12T16:17:40","slug":"equalizer-walker-bota-ortopedica","status":"publish","type":"product","link":"https:\/\/traumasolutions.pe\/tienda\/producto\/equalizer-walker-bota-ortopedica\/","title":{"rendered":"EQUALIZER\u00ae Walker bota ortop\u00e9dica"},"content":{"rendered":"","protected":false},"excerpt":{"rendered":"<div id=\"u362943-8\" class=\"clearfix colelem\">\n<p id=\"u362943-2\" class=\"parrafos-L shared_content\" data-content-guid=\"u362943-2_content\">Con punta redondeada dise\u00f1ada para permitir que el marco del Equalizer conforme la anatom\u00eda del paciente, asegurando un mejor ajuste.<\/p>\n<p id=\"u362943-4\" class=\"parrafos-L shared_content\" data-content-guid=\"u362943-4_content\">Suela \u00fanica amortiguadora reduce el impacto del golpe del tal\u00f3n durante el caminar.<\/p>\n<p id=\"u362943-6\" class=\"parrafos-L shared_content\" data-content-guid=\"u362943-6_content\">La parte inferior ha sido dise\u00f1ada para ser baja y ancha para promover un paso estable natural. Indicado para:<\/p>\n<\/div>\n<div id=\"u362942-15\" class=\"clearfix colelem\">\n<ul id=\"u362942-13\" class=\"list0 nls-None\">\n<li id=\"u362942-4\" class=\"parrafos-L shared_content\" data-content-guid=\"u362942-4_content\">Lesiones de tejido blando.<\/li>\n<li id=\"u362942-6\" class=\"parrafos-L shared_content\" data-content-guid=\"u362942-6_content\">Esguinces grado 2 y 3.<\/li>\n<li id=\"u362942-8\" class=\"parrafos-L shared_content\" data-content-guid=\"u362942-8_content\">Estabilizar fracturas.<\/li>\n<li id=\"u362942-10\" class=\"parrafos-L shared_content\" data-content-guid=\"u362942-10_content\">Uso post operatorio.<\/li>\n<li id=\"u362942-12\" class=\"parrafos-L shared_content\" data-content-guid=\"u362942-12_content\">Rehabilitaci\u00f3n.<\/li>\n<\/ul>\n<\/div>\n","protected":false},"featured_media":7202,"comment_status":"open","ping_status":"closed","template":"","meta":{"_acf_changed":false,"inline_featured_image":false,"_joinchat":[]},"product_brand":[],"product_cat":[184,172,177],"product_tag":[296,161],"class_list":{"0":"post-6742","1":"product","2":"type-product","3":"status-publish","4":"has-post-thumbnail","6":"product_cat-ossur","7":"product_cat-parte-inferior-del-cuerpo","8":"product_cat-pies","9":"product_tag-bota-ortopedica","10":"product_tag-ossur","12":"first","13":"instock","14":"shipping-taxable","15":"purchasable","16":"product-type-variable"},"acf":[],"yoast_head":"<!-- This site is optimized with the Yoast SEO plugin v27.2 - https:\/\/yoast.com\/product\/yoast-seo-wordpress\/ -->\n<title>EQUALIZER\u00ae Walker bota ortop\u00e9dica - Trauma Solutions<\/title>\n<meta name=\"robots\" content=\"index, follow, max-snippet:-1, max-image-preview:large, max-video-preview:-1\" \/>\n<link rel=\"canonical\" href=\"https:\/\/traumasolutions.pe\/tienda\/producto\/equalizer-walker-bota-ortopedica\/\" \/>\n<meta property=\"og:locale\" content=\"es_ES\" \/>\n<meta property=\"og:type\" content=\"article\" \/>\n<meta property=\"og:title\" content=\"EQUALIZER\u00ae Walker bota ortop\u00e9dica - Trauma Solutions\" \/>\n<meta property=\"og:description\" content=\"Con punta redondeada dise\u00f1ada para permitir que el marco del Equalizer conforme la anatom\u00eda del paciente, asegurando un mejor ajuste. Suela \u00fanica amortiguadora reduce el impacto del golpe del tal\u00f3n durante el caminar. La parte inferior ha sido dise\u00f1ada para ser baja y ancha para promover un paso estable natural. Indicado para:      Lesiones de tejido blando.  Esguinces grado 2 y 3.  Estabilizar fracturas.  Uso post operatorio.  Rehabilitaci\u00f3n.\" \/>\n<meta property=\"og:url\" content=\"https:\/\/traumasolutions.pe\/tienda\/producto\/equalizer-walker-bota-ortopedica\/\" \/>\n<meta property=\"og:site_name\" content=\"Trauma Solutions\" \/>\n<meta property=\"article:modified_time\" content=\"2026-01-12T16:17:40+00:00\" \/>\n<meta property=\"og:image\" content=\"https:\/\/traumasolutions.pe\/tienda\/wp-content\/uploads\/2020\/02\/EQUALIZER-WALKER-BOTA-LARGA-CON-SISTEMA-NEUMATICO.jpg\" \/>\n\t<meta property=\"og:image:width\" content=\"2000\" \/>\n\t<meta property=\"og:image:height\" content=\"2000\" \/>\n\t<meta property=\"og:image:type\" content=\"image\/jpeg\" \/>\n<meta name=\"twitter:card\" content=\"summary_large_image\" \/>\n<meta name=\"twitter:label1\" content=\"Tiempo de lectura\" \/>\n\t<meta name=\"twitter:data1\" content=\"1 minuto\" \/>\n<script type=\"application\/ld+json\" class=\"yoast-schema-graph\">{\"@context\":\"https:\/\/schema.org\",\"@graph\":[{\"@type\":\"WebPage\",\"@id\":\"https:\/\/traumasolutions.pe\/tienda\/producto\/equalizer-walker-bota-ortopedica\/\",\"url\":\"https:\/\/traumasolutions.pe\/tienda\/producto\/equalizer-walker-bota-ortopedica\/\",\"name\":\"EQUALIZER\u00ae Walker bota ortop\u00e9dica - Trauma Solutions\",\"isPartOf\":{\"@id\":\"https:\/\/traumasolutions.pe\/tienda\/#website\"},\"primaryImageOfPage\":{\"@id\":\"https:\/\/traumasolutions.pe\/tienda\/producto\/equalizer-walker-bota-ortopedica\/#primaryimage\"},\"image\":{\"@id\":\"https:\/\/traumasolutions.pe\/tienda\/producto\/equalizer-walker-bota-ortopedica\/#primaryimage\"},\"thumbnailUrl\":\"https:\/\/traumasolutions.pe\/tienda\/wp-content\/uploads\/2020\/02\/EQUALIZER-WALKER-BOTA-LARGA-CON-SISTEMA-NEUMATICO.jpg\",\"datePublished\":\"2021-05-15T02:43:40+00:00\",\"dateModified\":\"2026-01-12T16:17:40+00:00\",\"breadcrumb\":{\"@id\":\"https:\/\/traumasolutions.pe\/tienda\/producto\/equalizer-walker-bota-ortopedica\/#breadcrumb\"},\"inLanguage\":\"es\",\"potentialAction\":[{\"@type\":\"ReadAction\",\"target\":[\"https:\/\/traumasolutions.pe\/tienda\/producto\/equalizer-walker-bota-ortopedica\/\"]}]},{\"@type\":\"ImageObject\",\"inLanguage\":\"es\",\"@id\":\"https:\/\/traumasolutions.pe\/tienda\/producto\/equalizer-walker-bota-ortopedica\/#primaryimage\",\"url\":\"https:\/\/traumasolutions.pe\/tienda\/wp-content\/uploads\/2020\/02\/EQUALIZER-WALKER-BOTA-LARGA-CON-SISTEMA-NEUMATICO.jpg\",\"contentUrl\":\"https:\/\/traumasolutions.pe\/tienda\/wp-content\/uploads\/2020\/02\/EQUALIZER-WALKER-BOTA-LARGA-CON-SISTEMA-NEUMATICO.jpg\",\"width\":2000,\"height\":2000,\"caption\":\"Equalizer Walker Bota larga con sistema neum\u00e1tico\"},{\"@type\":\"BreadcrumbList\",\"@id\":\"https:\/\/traumasolutions.pe\/tienda\/producto\/equalizer-walker-bota-ortopedica\/#breadcrumb\",\"itemListElement\":[{\"@type\":\"ListItem\",\"position\":1,\"name\":\"Portada\",\"item\":\"https:\/\/traumasolutions.pe\/tienda\/\"},{\"@type\":\"ListItem\",\"position\":2,\"name\":\"Shop\",\"item\":\"https:\/\/traumasolutions.pe\/tienda\/shop\/\"},{\"@type\":\"ListItem\",\"position\":3,\"name\":\"EQUALIZER\u00ae Walker bota ortop\u00e9dica\"}]},{\"@type\":\"WebSite\",\"@id\":\"https:\/\/traumasolutions.pe\/tienda\/#website\",\"url\":\"https:\/\/traumasolutions.pe\/tienda\/\",\"name\":\"Trauma Solutions\",\"description\":\"Sitio Web Oficial\",\"potentialAction\":[{\"@type\":\"SearchAction\",\"target\":{\"@type\":\"EntryPoint\",\"urlTemplate\":\"https:\/\/traumasolutions.pe\/tienda\/?s={search_term_string}\"},\"query-input\":{\"@type\":\"PropertyValueSpecification\",\"valueRequired\":true,\"valueName\":\"search_term_string\"}}],\"inLanguage\":\"es\"}]}<\/script>\n<!-- \/ Yoast SEO plugin. -->","yoast_head_json":{"title":"EQUALIZER\u00ae Walker bota ortop\u00e9dica - Trauma Solutions","robots":{"index":"index","follow":"follow","max-snippet":"max-snippet:-1","max-image-preview":"max-image-preview:large","max-video-preview":"max-video-preview:-1"},"canonical":"https:\/\/traumasolutions.pe\/tienda\/producto\/equalizer-walker-bota-ortopedica\/","og_locale":"es_ES","og_type":"article","og_title":"EQUALIZER\u00ae Walker bota ortop\u00e9dica - Trauma Solutions","og_description":"Con punta redondeada dise\u00f1ada para permitir que el marco del Equalizer conforme la anatom\u00eda del paciente, asegurando un mejor ajuste. Suela \u00fanica amortiguadora reduce el impacto del golpe del tal\u00f3n durante el caminar. La parte inferior ha sido dise\u00f1ada para ser baja y ancha para promover un paso estable natural. Indicado para:      Lesiones de tejido blando.  Esguinces grado 2 y 3.  Estabilizar fracturas.  Uso post operatorio.  Rehabilitaci\u00f3n.","og_url":"https:\/\/traumasolutions.pe\/tienda\/producto\/equalizer-walker-bota-ortopedica\/","og_site_name":"Trauma Solutions","article_modified_time":"2026-01-12T16:17:40+00:00","og_image":[{"width":2000,"height":2000,"url":"https:\/\/traumasolutions.pe\/tienda\/wp-content\/uploads\/2020\/02\/EQUALIZER-WALKER-BOTA-LARGA-CON-SISTEMA-NEUMATICO.jpg","type":"image\/jpeg"}],"twitter_card":"summary_large_image","twitter_misc":{"Tiempo de lectura":"1 minuto"},"schema":{"@context":"https:\/\/schema.org","@graph":[{"@type":"WebPage","@id":"https:\/\/traumasolutions.pe\/tienda\/producto\/equalizer-walker-bota-ortopedica\/","url":"https:\/\/traumasolutions.pe\/tienda\/producto\/equalizer-walker-bota-ortopedica\/","name":"EQUALIZER\u00ae Walker bota ortop\u00e9dica - Trauma Solutions","isPartOf":{"@id":"https:\/\/traumasolutions.pe\/tienda\/#website"},"primaryImageOfPage":{"@id":"https:\/\/traumasolutions.pe\/tienda\/producto\/equalizer-walker-bota-ortopedica\/#primaryimage"},"image":{"@id":"https:\/\/traumasolutions.pe\/tienda\/producto\/equalizer-walker-bota-ortopedica\/#primaryimage"},"thumbnailUrl":"https:\/\/traumasolutions.pe\/tienda\/wp-content\/uploads\/2020\/02\/EQUALIZER-WALKER-BOTA-LARGA-CON-SISTEMA-NEUMATICO.jpg","datePublished":"2021-05-15T02:43:40+00:00","dateModified":"2026-01-12T16:17:40+00:00","breadcrumb":{"@id":"https:\/\/traumasolutions.pe\/tienda\/producto\/equalizer-walker-bota-ortopedica\/#breadcrumb"},"inLanguage":"es","potentialAction":[{"@type":"ReadAction","target":["https:\/\/traumasolutions.pe\/tienda\/producto\/equalizer-walker-bota-ortopedica\/"]}]},{"@type":"ImageObject","inLanguage":"es","@id":"https:\/\/traumasolutions.pe\/tienda\/producto\/equalizer-walker-bota-ortopedica\/#primaryimage","url":"https:\/\/traumasolutions.pe\/tienda\/wp-content\/uploads\/2020\/02\/EQUALIZER-WALKER-BOTA-LARGA-CON-SISTEMA-NEUMATICO.jpg","contentUrl":"https:\/\/traumasolutions.pe\/tienda\/wp-content\/uploads\/2020\/02\/EQUALIZER-WALKER-BOTA-LARGA-CON-SISTEMA-NEUMATICO.jpg","width":2000,"height":2000,"caption":"Equalizer Walker Bota larga con sistema neum\u00e1tico"},{"@type":"BreadcrumbList","@id":"https:\/\/traumasolutions.pe\/tienda\/producto\/equalizer-walker-bota-ortopedica\/#breadcrumb","itemListElement":[{"@type":"ListItem","position":1,"name":"Portada","item":"https:\/\/traumasolutions.pe\/tienda\/"},{"@type":"ListItem","position":2,"name":"Shop","item":"https:\/\/traumasolutions.pe\/tienda\/shop\/"},{"@type":"ListItem","position":3,"name":"EQUALIZER\u00ae Walker bota ortop\u00e9dica"}]},{"@type":"WebSite","@id":"https:\/\/traumasolutions.pe\/tienda\/#website","url":"https:\/\/traumasolutions.pe\/tienda\/","name":"Trauma Solutions","description":"Sitio Web Oficial","potentialAction":[{"@type":"SearchAction","target":{"@type":"EntryPoint","urlTemplate":"https:\/\/traumasolutions.pe\/tienda\/?s={search_term_string}"},"query-input":{"@type":"PropertyValueSpecification","valueRequired":true,"valueName":"search_term_string"}}],"inLanguage":"es"}]}},"_links":{"self":[{"href":"https:\/\/traumasolutions.pe\/tienda\/wp-json\/wp\/v2\/product\/6742","targetHints":{"allow":["GET"]}}],"collection":[{"href":"https:\/\/traumasolutions.pe\/tienda\/wp-json\/wp\/v2\/product"}],"about":[{"href":"https:\/\/traumasolutions.pe\/tienda\/wp-json\/wp\/v2\/types\/product"}],"replies":[{"embeddable":true,"href":"https:\/\/traumasolutions.pe\/tienda\/wp-json\/wp\/v2\/comments?post=6742"}],"version-history":[{"count":8,"href":"https:\/\/traumasolutions.pe\/tienda\/wp-json\/wp\/v2\/product\/6742\/revisions"}],"predecessor-version":[{"id":8471,"href":"https:\/\/traumasolutions.pe\/tienda\/wp-json\/wp\/v2\/product\/6742\/revisions\/8471"}],"wp:featuredmedia":[{"embeddable":true,"href":"https:\/\/traumasolutions.pe\/tienda\/wp-json\/wp\/v2\/media\/7202"}],"wp:attachment":[{"href":"https:\/\/traumasolutions.pe\/tienda\/wp-json\/wp\/v2\/media?parent=6742"}],"wp:term":[{"taxonomy":"product_brand","embeddable":true,"href":"https:\/\/traumasolutions.pe\/tienda\/wp-json\/wp\/v2\/product_brand?post=6742"},{"taxonomy":"product_cat","embeddable":true,"href":"https:\/\/traumasolutions.pe\/tienda\/wp-json\/wp\/v2\/product_cat?post=6742"},{"taxonomy":"product_tag","embeddable":true,"href":"https:\/\/traumasolutions.pe\/tienda\/wp-json\/wp\/v2\/product_tag?post=6742"}],"curies":[{"name":"wp","href":"https:\/\/api.w.org\/{rel}","templated":true}]}}