{"id":6749,"date":"2021-05-15T02:48:36","date_gmt":"2021-05-15T02:48:36","guid":{"rendered":"https:\/\/traumasolutions.pe\/tienda\/?post_type=product&#038;p=6749"},"modified":"2024-03-21T13:32:48","modified_gmt":"2024-03-21T13:32:48","slug":"innovator-x-soporte-postoperatorio-para-el-codo","status":"publish","type":"product","link":"https:\/\/traumasolutions.pe\/tienda\/producto\/innovator-x-soporte-postoperatorio-para-el-codo\/","title":{"rendered":"Innovator X\u00ae Soporte postoperatorio para el codo"},"content":{"rendered":"","protected":false},"excerpt":{"rendered":"<p id=\"u373033-2\" class=\"parrafos-L shared_content\" data-content-guid=\"u373033-2_content\">Con una comodidad superior, una est\u00e9tica limpia y la bisagra m\u00e1s f\u00e1cil de usar en aparatos ortop\u00e9dicos postoperatorios, Innovator X est\u00e1 dise\u00f1ado para aumentar la satisfacci\u00f3n y el cumplimiento del paciente. Indicado para:<\/p>\n<ul>\n<li data-content-guid=\"u373033-2_content\">Fracturas estables del codo<\/li>\n<li data-content-guid=\"u373033-2_content\">H\u00famero distal<\/li>\n<li data-content-guid=\"u373033-2_content\">Radio o c\u00fabito proximal<\/li>\n<li data-content-guid=\"u373033-2_content\">Lesiones o reparaciones de tendones y ligamentos<\/li>\n<li data-content-guid=\"u373033-2_content\">Reconstrucciones de ligamentos colaterales<\/li>\n<li data-content-guid=\"u373033-2_content\">Hiperextensi\u00f3n del codo<\/li>\n<li data-content-guid=\"u373033-2_content\">Reparaci\u00f3n del tend\u00f3n del tr\u00edceps<\/li>\n<li data-content-guid=\"u373033-2_content\">Lesiones cr\u00f3nicas del codo<\/li>\n<li data-content-guid=\"u373033-2_content\">Liberaci\u00f3n del codo de tenista<\/li>\n<\/ul>\n","protected":false},"featured_media":7923,"comment_status":"open","ping_status":"closed","template":"","meta":{"_acf_changed":false,"inline_featured_image":false,"_joinchat":[]},"product_brand":[],"product_cat":[183,184,171],"product_tag":[161,287],"class_list":{"0":"post-6749","1":"product","2":"type-product","3":"status-publish","4":"has-post-thumbnail","6":"product_cat-codo","7":"product_cat-ossur","8":"product_cat-parte-superior-del-cuerpo","9":"product_tag-ossur","10":"product_tag-postoperatorio","12":"first","13":"instock","14":"shipping-taxable","15":"purchasable","16":"product-type-variable"},"acf":[],"yoast_head":"<!-- This site is optimized with the Yoast SEO plugin v27.2 - https:\/\/yoast.com\/product\/yoast-seo-wordpress\/ -->\n<title>Innovator X\u00ae Soporte postoperatorio para el codo - Trauma Solutions<\/title>\n<meta name=\"robots\" content=\"index, follow, max-snippet:-1, max-image-preview:large, max-video-preview:-1\" \/>\n<link rel=\"canonical\" href=\"https:\/\/traumasolutions.pe\/tienda\/producto\/innovator-x-soporte-postoperatorio-para-el-codo\/\" \/>\n<meta property=\"og:locale\" content=\"es_ES\" \/>\n<meta property=\"og:type\" content=\"article\" \/>\n<meta property=\"og:title\" content=\"Innovator X\u00ae Soporte postoperatorio para el codo - Trauma Solutions\" \/>\n<meta property=\"og:description\" content=\"Con una comodidad superior, una est\u00e9tica limpia y la bisagra m\u00e1s f\u00e1cil de usar en aparatos ortop\u00e9dicos postoperatorios, Innovator X est\u00e1 dise\u00f1ado para aumentar la satisfacci\u00f3n y el cumplimiento del paciente. Indicado para:    Fracturas estables del codo  H\u00famero distal  Radio o c\u00fabito proximal  Lesiones o reparaciones de tendones y ligamentos  Reconstrucciones de ligamentos colaterales  Hiperextensi\u00f3n del codo  Reparaci\u00f3n del tend\u00f3n del tr\u00edceps  Lesiones cr\u00f3nicas del codo  Liberaci\u00f3n del codo de tenista\" \/>\n<meta property=\"og:url\" content=\"https:\/\/traumasolutions.pe\/tienda\/producto\/innovator-x-soporte-postoperatorio-para-el-codo\/\" \/>\n<meta property=\"og:site_name\" content=\"Trauma Solutions\" \/>\n<meta property=\"article:modified_time\" content=\"2024-03-21T13:32:48+00:00\" \/>\n<meta property=\"og:image\" content=\"https:\/\/traumasolutions.pe\/tienda\/wp-content\/uploads\/2020\/02\/INNOVATOR-X-POST-OP-ELBOW-SOPORTE-PARA-EL-CODO-DERECHO-2.jpg\" \/>\n\t<meta property=\"og:image:width\" content=\"2000\" \/>\n\t<meta property=\"og:image:height\" content=\"2000\" \/>\n\t<meta property=\"og:image:type\" content=\"image\/jpeg\" \/>\n<meta name=\"twitter:card\" content=\"summary_large_image\" \/>\n<script type=\"application\/ld+json\" class=\"yoast-schema-graph\">{\"@context\":\"https:\/\/schema.org\",\"@graph\":[{\"@type\":\"WebPage\",\"@id\":\"https:\/\/traumasolutions.pe\/tienda\/producto\/innovator-x-soporte-postoperatorio-para-el-codo\/\",\"url\":\"https:\/\/traumasolutions.pe\/tienda\/producto\/innovator-x-soporte-postoperatorio-para-el-codo\/\",\"name\":\"Innovator X\u00ae Soporte postoperatorio para el codo - Trauma Solutions\",\"isPartOf\":{\"@id\":\"https:\/\/traumasolutions.pe\/tienda\/#website\"},\"primaryImageOfPage\":{\"@id\":\"https:\/\/traumasolutions.pe\/tienda\/producto\/innovator-x-soporte-postoperatorio-para-el-codo\/#primaryimage\"},\"image\":{\"@id\":\"https:\/\/traumasolutions.pe\/tienda\/producto\/innovator-x-soporte-postoperatorio-para-el-codo\/#primaryimage\"},\"thumbnailUrl\":\"https:\/\/traumasolutions.pe\/tienda\/wp-content\/uploads\/2020\/02\/INNOVATOR-X-POST-OP-ELBOW-SOPORTE-PARA-EL-CODO-DERECHO-2.jpg\",\"datePublished\":\"2021-05-15T02:48:36+00:00\",\"dateModified\":\"2024-03-21T13:32:48+00:00\",\"breadcrumb\":{\"@id\":\"https:\/\/traumasolutions.pe\/tienda\/producto\/innovator-x-soporte-postoperatorio-para-el-codo\/#breadcrumb\"},\"inLanguage\":\"es\",\"potentialAction\":[{\"@type\":\"ReadAction\",\"target\":[\"https:\/\/traumasolutions.pe\/tienda\/producto\/innovator-x-soporte-postoperatorio-para-el-codo\/\"]}]},{\"@type\":\"ImageObject\",\"inLanguage\":\"es\",\"@id\":\"https:\/\/traumasolutions.pe\/tienda\/producto\/innovator-x-soporte-postoperatorio-para-el-codo\/#primaryimage\",\"url\":\"https:\/\/traumasolutions.pe\/tienda\/wp-content\/uploads\/2020\/02\/INNOVATOR-X-POST-OP-ELBOW-SOPORTE-PARA-EL-CODO-DERECHO-2.jpg\",\"contentUrl\":\"https:\/\/traumasolutions.pe\/tienda\/wp-content\/uploads\/2020\/02\/INNOVATOR-X-POST-OP-ELBOW-SOPORTE-PARA-EL-CODO-DERECHO-2.jpg\",\"width\":2000,\"height\":2000,\"caption\":\"Cabestrillo, soporte para codo derecho, codo derecho\"},{\"@type\":\"BreadcrumbList\",\"@id\":\"https:\/\/traumasolutions.pe\/tienda\/producto\/innovator-x-soporte-postoperatorio-para-el-codo\/#breadcrumb\",\"itemListElement\":[{\"@type\":\"ListItem\",\"position\":1,\"name\":\"Portada\",\"item\":\"https:\/\/traumasolutions.pe\/tienda\/\"},{\"@type\":\"ListItem\",\"position\":2,\"name\":\"Shop\",\"item\":\"https:\/\/traumasolutions.pe\/tienda\/shop\/\"},{\"@type\":\"ListItem\",\"position\":3,\"name\":\"Innovator X\u00ae Soporte postoperatorio para el codo\"}]},{\"@type\":\"WebSite\",\"@id\":\"https:\/\/traumasolutions.pe\/tienda\/#website\",\"url\":\"https:\/\/traumasolutions.pe\/tienda\/\",\"name\":\"Trauma Solutions\",\"description\":\"Sitio Web Oficial\",\"potentialAction\":[{\"@type\":\"SearchAction\",\"target\":{\"@type\":\"EntryPoint\",\"urlTemplate\":\"https:\/\/traumasolutions.pe\/tienda\/?s={search_term_string}\"},\"query-input\":{\"@type\":\"PropertyValueSpecification\",\"valueRequired\":true,\"valueName\":\"search_term_string\"}}],\"inLanguage\":\"es\"}]}<\/script>\n<!-- \/ Yoast SEO plugin. -->","yoast_head_json":{"title":"Innovator X\u00ae Soporte postoperatorio para el codo - Trauma Solutions","robots":{"index":"index","follow":"follow","max-snippet":"max-snippet:-1","max-image-preview":"max-image-preview:large","max-video-preview":"max-video-preview:-1"},"canonical":"https:\/\/traumasolutions.pe\/tienda\/producto\/innovator-x-soporte-postoperatorio-para-el-codo\/","og_locale":"es_ES","og_type":"article","og_title":"Innovator X\u00ae Soporte postoperatorio para el codo - Trauma Solutions","og_description":"Con una comodidad superior, una est\u00e9tica limpia y la bisagra m\u00e1s f\u00e1cil de usar en aparatos ortop\u00e9dicos postoperatorios, Innovator X est\u00e1 dise\u00f1ado para aumentar la satisfacci\u00f3n y el cumplimiento del paciente. Indicado para:    Fracturas estables del codo  H\u00famero distal  Radio o c\u00fabito proximal  Lesiones o reparaciones de tendones y ligamentos  Reconstrucciones de ligamentos colaterales  Hiperextensi\u00f3n del codo  Reparaci\u00f3n del tend\u00f3n del tr\u00edceps  Lesiones cr\u00f3nicas del codo  Liberaci\u00f3n del codo de tenista","og_url":"https:\/\/traumasolutions.pe\/tienda\/producto\/innovator-x-soporte-postoperatorio-para-el-codo\/","og_site_name":"Trauma Solutions","article_modified_time":"2024-03-21T13:32:48+00:00","og_image":[{"width":2000,"height":2000,"url":"https:\/\/traumasolutions.pe\/tienda\/wp-content\/uploads\/2020\/02\/INNOVATOR-X-POST-OP-ELBOW-SOPORTE-PARA-EL-CODO-DERECHO-2.jpg","type":"image\/jpeg"}],"twitter_card":"summary_large_image","schema":{"@context":"https:\/\/schema.org","@graph":[{"@type":"WebPage","@id":"https:\/\/traumasolutions.pe\/tienda\/producto\/innovator-x-soporte-postoperatorio-para-el-codo\/","url":"https:\/\/traumasolutions.pe\/tienda\/producto\/innovator-x-soporte-postoperatorio-para-el-codo\/","name":"Innovator X\u00ae Soporte postoperatorio para el codo - Trauma Solutions","isPartOf":{"@id":"https:\/\/traumasolutions.pe\/tienda\/#website"},"primaryImageOfPage":{"@id":"https:\/\/traumasolutions.pe\/tienda\/producto\/innovator-x-soporte-postoperatorio-para-el-codo\/#primaryimage"},"image":{"@id":"https:\/\/traumasolutions.pe\/tienda\/producto\/innovator-x-soporte-postoperatorio-para-el-codo\/#primaryimage"},"thumbnailUrl":"https:\/\/traumasolutions.pe\/tienda\/wp-content\/uploads\/2020\/02\/INNOVATOR-X-POST-OP-ELBOW-SOPORTE-PARA-EL-CODO-DERECHO-2.jpg","datePublished":"2021-05-15T02:48:36+00:00","dateModified":"2024-03-21T13:32:48+00:00","breadcrumb":{"@id":"https:\/\/traumasolutions.pe\/tienda\/producto\/innovator-x-soporte-postoperatorio-para-el-codo\/#breadcrumb"},"inLanguage":"es","potentialAction":[{"@type":"ReadAction","target":["https:\/\/traumasolutions.pe\/tienda\/producto\/innovator-x-soporte-postoperatorio-para-el-codo\/"]}]},{"@type":"ImageObject","inLanguage":"es","@id":"https:\/\/traumasolutions.pe\/tienda\/producto\/innovator-x-soporte-postoperatorio-para-el-codo\/#primaryimage","url":"https:\/\/traumasolutions.pe\/tienda\/wp-content\/uploads\/2020\/02\/INNOVATOR-X-POST-OP-ELBOW-SOPORTE-PARA-EL-CODO-DERECHO-2.jpg","contentUrl":"https:\/\/traumasolutions.pe\/tienda\/wp-content\/uploads\/2020\/02\/INNOVATOR-X-POST-OP-ELBOW-SOPORTE-PARA-EL-CODO-DERECHO-2.jpg","width":2000,"height":2000,"caption":"Cabestrillo, soporte para codo derecho, codo derecho"},{"@type":"BreadcrumbList","@id":"https:\/\/traumasolutions.pe\/tienda\/producto\/innovator-x-soporte-postoperatorio-para-el-codo\/#breadcrumb","itemListElement":[{"@type":"ListItem","position":1,"name":"Portada","item":"https:\/\/traumasolutions.pe\/tienda\/"},{"@type":"ListItem","position":2,"name":"Shop","item":"https:\/\/traumasolutions.pe\/tienda\/shop\/"},{"@type":"ListItem","position":3,"name":"Innovator X\u00ae Soporte postoperatorio para el codo"}]},{"@type":"WebSite","@id":"https:\/\/traumasolutions.pe\/tienda\/#website","url":"https:\/\/traumasolutions.pe\/tienda\/","name":"Trauma Solutions","description":"Sitio Web Oficial","potentialAction":[{"@type":"SearchAction","target":{"@type":"EntryPoint","urlTemplate":"https:\/\/traumasolutions.pe\/tienda\/?s={search_term_string}"},"query-input":{"@type":"PropertyValueSpecification","valueRequired":true,"valueName":"search_term_string"}}],"inLanguage":"es"}]}},"_links":{"self":[{"href":"https:\/\/traumasolutions.pe\/tienda\/wp-json\/wp\/v2\/product\/6749","targetHints":{"allow":["GET"]}}],"collection":[{"href":"https:\/\/traumasolutions.pe\/tienda\/wp-json\/wp\/v2\/product"}],"about":[{"href":"https:\/\/traumasolutions.pe\/tienda\/wp-json\/wp\/v2\/types\/product"}],"replies":[{"embeddable":true,"href":"https:\/\/traumasolutions.pe\/tienda\/wp-json\/wp\/v2\/comments?post=6749"}],"version-history":[{"count":9,"href":"https:\/\/traumasolutions.pe\/tienda\/wp-json\/wp\/v2\/product\/6749\/revisions"}],"predecessor-version":[{"id":8468,"href":"https:\/\/traumasolutions.pe\/tienda\/wp-json\/wp\/v2\/product\/6749\/revisions\/8468"}],"wp:featuredmedia":[{"embeddable":true,"href":"https:\/\/traumasolutions.pe\/tienda\/wp-json\/wp\/v2\/media\/7923"}],"wp:attachment":[{"href":"https:\/\/traumasolutions.pe\/tienda\/wp-json\/wp\/v2\/media?parent=6749"}],"wp:term":[{"taxonomy":"product_brand","embeddable":true,"href":"https:\/\/traumasolutions.pe\/tienda\/wp-json\/wp\/v2\/product_brand?post=6749"},{"taxonomy":"product_cat","embeddable":true,"href":"https:\/\/traumasolutions.pe\/tienda\/wp-json\/wp\/v2\/product_cat?post=6749"},{"taxonomy":"product_tag","embeddable":true,"href":"https:\/\/traumasolutions.pe\/tienda\/wp-json\/wp\/v2\/product_tag?post=6749"}],"curies":[{"name":"wp","href":"https:\/\/api.w.org\/{rel}","templated":true}]}}