{"id":6763,"date":"2021-05-15T02:57:39","date_gmt":"2021-05-15T02:57:39","guid":{"rendered":"https:\/\/traumasolutions.pe\/tienda\/?post_type=product&#038;p=6763"},"modified":"2023-01-16T22:50:46","modified_gmt":"2023-01-16T22:50:46","slug":"medias-activas","status":"publish","type":"product","link":"https:\/\/traumasolutions.pe\/tienda\/producto\/medias-activas\/","title":{"rendered":"Medias activas"},"content":{"rendered":"","protected":false},"excerpt":{"rendered":"<p>Para aquellos que buscan el calcet\u00edn perfecto para todos los d\u00edas, el dise\u00f1o transpirable de los calcetines activos Incrediwear incorporan tecnolog\u00eda que absorbe la humedad para brindar comodidad sin esfuerzo durante todo el d\u00eda. Los calcetines activos alivian la fatiga cuando pasa muchas horas de pie y se pueden usar para una variedad de actividades, como caminar, correr o entrenar.<\/p>\n","protected":false},"featured_media":7041,"comment_status":"open","ping_status":"closed","template":"","meta":{"_acf_changed":false,"inline_featured_image":false,"_joinchat":[]},"product_brand":[],"product_cat":[185,172,177],"product_tag":[164,189],"class_list":{"0":"post-6763","1":"product","2":"type-product","3":"status-publish","4":"has-post-thumbnail","6":"product_cat-incrediwear","7":"product_cat-parte-inferior-del-cuerpo","8":"product_cat-pies","9":"product_tag-incrediwear","10":"product_tag-medias","12":"first","13":"instock","14":"shipping-taxable","15":"purchasable","16":"product-type-variable"},"acf":[],"yoast_head":"<!-- This site is optimized with the Yoast SEO plugin v27.2 - https:\/\/yoast.com\/product\/yoast-seo-wordpress\/ -->\n<title>Medias activas - Trauma Solutions<\/title>\n<meta name=\"robots\" content=\"index, follow, max-snippet:-1, max-image-preview:large, max-video-preview:-1\" \/>\n<link rel=\"canonical\" href=\"https:\/\/traumasolutions.pe\/tienda\/producto\/medias-activas\/\" \/>\n<meta property=\"og:locale\" content=\"es_ES\" \/>\n<meta property=\"og:type\" content=\"article\" \/>\n<meta property=\"og:title\" content=\"Medias activas - Trauma Solutions\" \/>\n<meta property=\"og:description\" content=\"Para aquellos que buscan el calcet\u00edn perfecto para todos los d\u00edas, el dise\u00f1o transpirable de los calcetines activos Incrediwear incorporan tecnolog\u00eda que absorbe la humedad para brindar comodidad sin esfuerzo durante todo el d\u00eda. Los calcetines activos alivian la fatiga cuando pasa muchas horas de pie y se pueden usar para una variedad de actividades, como caminar, correr o entrenar.\" \/>\n<meta property=\"og:url\" content=\"https:\/\/traumasolutions.pe\/tienda\/producto\/medias-activas\/\" \/>\n<meta property=\"og:site_name\" content=\"Trauma Solutions\" \/>\n<meta property=\"article:modified_time\" content=\"2023-01-16T22:50:46+00:00\" \/>\n<meta property=\"og:image\" content=\"https:\/\/traumasolutions.pe\/tienda\/wp-content\/uploads\/2020\/02\/CALCETINOS-QUARTER-ACTIVOS-NEGROS-1.jpg\" \/>\n\t<meta property=\"og:image:width\" content=\"2000\" \/>\n\t<meta property=\"og:image:height\" content=\"2000\" \/>\n\t<meta property=\"og:image:type\" content=\"image\/jpeg\" \/>\n<meta name=\"twitter:card\" content=\"summary_large_image\" \/>\n<script type=\"application\/ld+json\" class=\"yoast-schema-graph\">{\"@context\":\"https:\/\/schema.org\",\"@graph\":[{\"@type\":\"WebPage\",\"@id\":\"https:\/\/traumasolutions.pe\/tienda\/producto\/medias-activas\/\",\"url\":\"https:\/\/traumasolutions.pe\/tienda\/producto\/medias-activas\/\",\"name\":\"Medias activas - Trauma Solutions\",\"isPartOf\":{\"@id\":\"https:\/\/traumasolutions.pe\/tienda\/#website\"},\"primaryImageOfPage\":{\"@id\":\"https:\/\/traumasolutions.pe\/tienda\/producto\/medias-activas\/#primaryimage\"},\"image\":{\"@id\":\"https:\/\/traumasolutions.pe\/tienda\/producto\/medias-activas\/#primaryimage\"},\"thumbnailUrl\":\"https:\/\/traumasolutions.pe\/tienda\/wp-content\/uploads\/2020\/02\/CALCETINOS-QUARTER-ACTIVOS-NEGROS-1.jpg\",\"datePublished\":\"2021-05-15T02:57:39+00:00\",\"dateModified\":\"2023-01-16T22:50:46+00:00\",\"breadcrumb\":{\"@id\":\"https:\/\/traumasolutions.pe\/tienda\/producto\/medias-activas\/#breadcrumb\"},\"inLanguage\":\"es\",\"potentialAction\":[{\"@type\":\"ReadAction\",\"target\":[\"https:\/\/traumasolutions.pe\/tienda\/producto\/medias-activas\/\"]}]},{\"@type\":\"ImageObject\",\"inLanguage\":\"es\",\"@id\":\"https:\/\/traumasolutions.pe\/tienda\/producto\/medias-activas\/#primaryimage\",\"url\":\"https:\/\/traumasolutions.pe\/tienda\/wp-content\/uploads\/2020\/02\/CALCETINOS-QUARTER-ACTIVOS-NEGROS-1.jpg\",\"contentUrl\":\"https:\/\/traumasolutions.pe\/tienda\/wp-content\/uploads\/2020\/02\/CALCETINOS-QUARTER-ACTIVOS-NEGROS-1.jpg\",\"width\":2000,\"height\":2000},{\"@type\":\"BreadcrumbList\",\"@id\":\"https:\/\/traumasolutions.pe\/tienda\/producto\/medias-activas\/#breadcrumb\",\"itemListElement\":[{\"@type\":\"ListItem\",\"position\":1,\"name\":\"Portada\",\"item\":\"https:\/\/traumasolutions.pe\/tienda\/\"},{\"@type\":\"ListItem\",\"position\":2,\"name\":\"Shop\",\"item\":\"https:\/\/traumasolutions.pe\/tienda\/shop\/\"},{\"@type\":\"ListItem\",\"position\":3,\"name\":\"Medias activas\"}]},{\"@type\":\"WebSite\",\"@id\":\"https:\/\/traumasolutions.pe\/tienda\/#website\",\"url\":\"https:\/\/traumasolutions.pe\/tienda\/\",\"name\":\"Trauma Solutions\",\"description\":\"Sitio Web Oficial\",\"potentialAction\":[{\"@type\":\"SearchAction\",\"target\":{\"@type\":\"EntryPoint\",\"urlTemplate\":\"https:\/\/traumasolutions.pe\/tienda\/?s={search_term_string}\"},\"query-input\":{\"@type\":\"PropertyValueSpecification\",\"valueRequired\":true,\"valueName\":\"search_term_string\"}}],\"inLanguage\":\"es\"}]}<\/script>\n<!-- \/ Yoast SEO plugin. -->","yoast_head_json":{"title":"Medias activas - Trauma Solutions","robots":{"index":"index","follow":"follow","max-snippet":"max-snippet:-1","max-image-preview":"max-image-preview:large","max-video-preview":"max-video-preview:-1"},"canonical":"https:\/\/traumasolutions.pe\/tienda\/producto\/medias-activas\/","og_locale":"es_ES","og_type":"article","og_title":"Medias activas - Trauma Solutions","og_description":"Para aquellos que buscan el calcet\u00edn perfecto para todos los d\u00edas, el dise\u00f1o transpirable de los calcetines activos Incrediwear incorporan tecnolog\u00eda que absorbe la humedad para brindar comodidad sin esfuerzo durante todo el d\u00eda. Los calcetines activos alivian la fatiga cuando pasa muchas horas de pie y se pueden usar para una variedad de actividades, como caminar, correr o entrenar.","og_url":"https:\/\/traumasolutions.pe\/tienda\/producto\/medias-activas\/","og_site_name":"Trauma Solutions","article_modified_time":"2023-01-16T22:50:46+00:00","og_image":[{"width":2000,"height":2000,"url":"https:\/\/traumasolutions.pe\/tienda\/wp-content\/uploads\/2020\/02\/CALCETINOS-QUARTER-ACTIVOS-NEGROS-1.jpg","type":"image\/jpeg"}],"twitter_card":"summary_large_image","schema":{"@context":"https:\/\/schema.org","@graph":[{"@type":"WebPage","@id":"https:\/\/traumasolutions.pe\/tienda\/producto\/medias-activas\/","url":"https:\/\/traumasolutions.pe\/tienda\/producto\/medias-activas\/","name":"Medias activas - Trauma Solutions","isPartOf":{"@id":"https:\/\/traumasolutions.pe\/tienda\/#website"},"primaryImageOfPage":{"@id":"https:\/\/traumasolutions.pe\/tienda\/producto\/medias-activas\/#primaryimage"},"image":{"@id":"https:\/\/traumasolutions.pe\/tienda\/producto\/medias-activas\/#primaryimage"},"thumbnailUrl":"https:\/\/traumasolutions.pe\/tienda\/wp-content\/uploads\/2020\/02\/CALCETINOS-QUARTER-ACTIVOS-NEGROS-1.jpg","datePublished":"2021-05-15T02:57:39+00:00","dateModified":"2023-01-16T22:50:46+00:00","breadcrumb":{"@id":"https:\/\/traumasolutions.pe\/tienda\/producto\/medias-activas\/#breadcrumb"},"inLanguage":"es","potentialAction":[{"@type":"ReadAction","target":["https:\/\/traumasolutions.pe\/tienda\/producto\/medias-activas\/"]}]},{"@type":"ImageObject","inLanguage":"es","@id":"https:\/\/traumasolutions.pe\/tienda\/producto\/medias-activas\/#primaryimage","url":"https:\/\/traumasolutions.pe\/tienda\/wp-content\/uploads\/2020\/02\/CALCETINOS-QUARTER-ACTIVOS-NEGROS-1.jpg","contentUrl":"https:\/\/traumasolutions.pe\/tienda\/wp-content\/uploads\/2020\/02\/CALCETINOS-QUARTER-ACTIVOS-NEGROS-1.jpg","width":2000,"height":2000},{"@type":"BreadcrumbList","@id":"https:\/\/traumasolutions.pe\/tienda\/producto\/medias-activas\/#breadcrumb","itemListElement":[{"@type":"ListItem","position":1,"name":"Portada","item":"https:\/\/traumasolutions.pe\/tienda\/"},{"@type":"ListItem","position":2,"name":"Shop","item":"https:\/\/traumasolutions.pe\/tienda\/shop\/"},{"@type":"ListItem","position":3,"name":"Medias activas"}]},{"@type":"WebSite","@id":"https:\/\/traumasolutions.pe\/tienda\/#website","url":"https:\/\/traumasolutions.pe\/tienda\/","name":"Trauma Solutions","description":"Sitio Web Oficial","potentialAction":[{"@type":"SearchAction","target":{"@type":"EntryPoint","urlTemplate":"https:\/\/traumasolutions.pe\/tienda\/?s={search_term_string}"},"query-input":{"@type":"PropertyValueSpecification","valueRequired":true,"valueName":"search_term_string"}}],"inLanguage":"es"}]}},"_links":{"self":[{"href":"https:\/\/traumasolutions.pe\/tienda\/wp-json\/wp\/v2\/product\/6763","targetHints":{"allow":["GET"]}}],"collection":[{"href":"https:\/\/traumasolutions.pe\/tienda\/wp-json\/wp\/v2\/product"}],"about":[{"href":"https:\/\/traumasolutions.pe\/tienda\/wp-json\/wp\/v2\/types\/product"}],"replies":[{"embeddable":true,"href":"https:\/\/traumasolutions.pe\/tienda\/wp-json\/wp\/v2\/comments?post=6763"}],"version-history":[{"count":7,"href":"https:\/\/traumasolutions.pe\/tienda\/wp-json\/wp\/v2\/product\/6763\/revisions"}],"predecessor-version":[{"id":8465,"href":"https:\/\/traumasolutions.pe\/tienda\/wp-json\/wp\/v2\/product\/6763\/revisions\/8465"}],"wp:featuredmedia":[{"embeddable":true,"href":"https:\/\/traumasolutions.pe\/tienda\/wp-json\/wp\/v2\/media\/7041"}],"wp:attachment":[{"href":"https:\/\/traumasolutions.pe\/tienda\/wp-json\/wp\/v2\/media?parent=6763"}],"wp:term":[{"taxonomy":"product_brand","embeddable":true,"href":"https:\/\/traumasolutions.pe\/tienda\/wp-json\/wp\/v2\/product_brand?post=6763"},{"taxonomy":"product_cat","embeddable":true,"href":"https:\/\/traumasolutions.pe\/tienda\/wp-json\/wp\/v2\/product_cat?post=6763"},{"taxonomy":"product_tag","embeddable":true,"href":"https:\/\/traumasolutions.pe\/tienda\/wp-json\/wp\/v2\/product_tag?post=6763"}],"curies":[{"name":"wp","href":"https:\/\/api.w.org\/{rel}","templated":true}]}}