{"id":6785,"date":"2021-05-15T03:11:48","date_gmt":"2021-05-15T03:11:48","guid":{"rendered":"https:\/\/traumasolutions.pe\/tienda\/?post_type=product&#038;p=6785"},"modified":"2025-01-29T01:50:08","modified_gmt":"2025-01-29T01:50:08","slug":"medias-de-circulacion","status":"publish","type":"product","link":"https:\/\/traumasolutions.pe\/tienda\/producto\/medias-de-circulacion\/","title":{"rendered":"Medias de circulaci\u00f3n"},"content":{"rendered":"","protected":false},"excerpt":{"rendered":"<p>Los calcetines de circulaci\u00f3n Incrediwear alivian el dolor y la incomodidad de quienes padecen problemas circulatorios.\u00a0El dise\u00f1o de tejido suelto no vinculante permite una sensaci\u00f3n de ajuste sin la incomodidad de un calcet\u00edn de compresi\u00f3n.<\/p>\n<p>Para obtener mejores resultados, use los calcetines de circulaci\u00f3n para aliviar los s\u00edntomas asociados con:<\/p>\n<ul>\n<li>Neuropat\u00eda<\/li>\n<li>Fascitis plantar<\/li>\n<li>Condiciones vasculares<\/li>\n<li>Pies fr\u00edos<\/li>\n<\/ul>\n","protected":false},"featured_media":6890,"comment_status":"open","ping_status":"closed","template":"","meta":{"_acf_changed":false,"inline_featured_image":false,"_joinchat":[]},"product_brand":[],"product_cat":[185,172,177],"product_tag":[164,273],"class_list":{"0":"post-6785","1":"product","2":"type-product","3":"status-publish","4":"has-post-thumbnail","6":"product_cat-incrediwear","7":"product_cat-parte-inferior-del-cuerpo","8":"product_cat-pies","9":"product_tag-incrediwear","10":"product_tag-medias-de-circulacion","12":"first","13":"instock","14":"shipping-taxable","15":"purchasable","16":"product-type-variable"},"acf":[],"yoast_head":"<!-- This site is optimized with the Yoast SEO plugin v27.2 - https:\/\/yoast.com\/product\/yoast-seo-wordpress\/ -->\n<title>Medias de circulaci\u00f3n - Trauma Solutions<\/title>\n<meta name=\"robots\" content=\"index, follow, max-snippet:-1, max-image-preview:large, max-video-preview:-1\" \/>\n<link rel=\"canonical\" href=\"https:\/\/traumasolutions.pe\/tienda\/producto\/medias-de-circulacion\/\" \/>\n<meta property=\"og:locale\" content=\"es_ES\" \/>\n<meta property=\"og:type\" content=\"article\" \/>\n<meta property=\"og:title\" content=\"Medias de circulaci\u00f3n - Trauma Solutions\" \/>\n<meta property=\"og:description\" content=\"Los calcetines de circulaci\u00f3n Incrediwear alivian el dolor y la incomodidad de quienes padecen problemas circulatorios.\u00a0El dise\u00f1o de tejido suelto no vinculante permite una sensaci\u00f3n de ajuste sin la incomodidad de un calcet\u00edn de compresi\u00f3n.  Para obtener mejores resultados, use los calcetines de circulaci\u00f3n para aliviar los s\u00edntomas asociados con:   Neuropat\u00eda  Fascitis plantar  Condiciones vasculares  Pies fr\u00edos\" \/>\n<meta property=\"og:url\" content=\"https:\/\/traumasolutions.pe\/tienda\/producto\/medias-de-circulacion\/\" \/>\n<meta property=\"og:site_name\" content=\"Trauma Solutions\" \/>\n<meta property=\"article:modified_time\" content=\"2025-01-29T01:50:08+00:00\" \/>\n<meta property=\"og:image\" content=\"https:\/\/traumasolutions.pe\/tienda\/wp-content\/uploads\/2020\/02\/CALCETINES-DE-CIRCULACION-CREW-NEGRO-1.jpg\" \/>\n\t<meta property=\"og:image:width\" content=\"2000\" \/>\n\t<meta property=\"og:image:height\" content=\"2000\" \/>\n\t<meta property=\"og:image:type\" content=\"image\/jpeg\" \/>\n<meta name=\"twitter:card\" content=\"summary_large_image\" \/>\n<meta name=\"twitter:label1\" content=\"Tiempo de lectura\" \/>\n\t<meta name=\"twitter:data1\" content=\"1 minuto\" \/>\n<script type=\"application\/ld+json\" class=\"yoast-schema-graph\">{\"@context\":\"https:\/\/schema.org\",\"@graph\":[{\"@type\":\"WebPage\",\"@id\":\"https:\/\/traumasolutions.pe\/tienda\/producto\/medias-de-circulacion\/\",\"url\":\"https:\/\/traumasolutions.pe\/tienda\/producto\/medias-de-circulacion\/\",\"name\":\"Medias de circulaci\u00f3n - Trauma Solutions\",\"isPartOf\":{\"@id\":\"https:\/\/traumasolutions.pe\/tienda\/#website\"},\"primaryImageOfPage\":{\"@id\":\"https:\/\/traumasolutions.pe\/tienda\/producto\/medias-de-circulacion\/#primaryimage\"},\"image\":{\"@id\":\"https:\/\/traumasolutions.pe\/tienda\/producto\/medias-de-circulacion\/#primaryimage\"},\"thumbnailUrl\":\"https:\/\/traumasolutions.pe\/tienda\/wp-content\/uploads\/2020\/02\/CALCETINES-DE-CIRCULACION-CREW-NEGRO-1.jpg\",\"datePublished\":\"2021-05-15T03:11:48+00:00\",\"dateModified\":\"2025-01-29T01:50:08+00:00\",\"breadcrumb\":{\"@id\":\"https:\/\/traumasolutions.pe\/tienda\/producto\/medias-de-circulacion\/#breadcrumb\"},\"inLanguage\":\"es\",\"potentialAction\":[{\"@type\":\"ReadAction\",\"target\":[\"https:\/\/traumasolutions.pe\/tienda\/producto\/medias-de-circulacion\/\"]}]},{\"@type\":\"ImageObject\",\"inLanguage\":\"es\",\"@id\":\"https:\/\/traumasolutions.pe\/tienda\/producto\/medias-de-circulacion\/#primaryimage\",\"url\":\"https:\/\/traumasolutions.pe\/tienda\/wp-content\/uploads\/2020\/02\/CALCETINES-DE-CIRCULACION-CREW-NEGRO-1.jpg\",\"contentUrl\":\"https:\/\/traumasolutions.pe\/tienda\/wp-content\/uploads\/2020\/02\/CALCETINES-DE-CIRCULACION-CREW-NEGRO-1.jpg\",\"width\":2000,\"height\":2000,\"caption\":\"Calcetines de circulaci\u00f3n, medias de circulaci\u00f3n\"},{\"@type\":\"BreadcrumbList\",\"@id\":\"https:\/\/traumasolutions.pe\/tienda\/producto\/medias-de-circulacion\/#breadcrumb\",\"itemListElement\":[{\"@type\":\"ListItem\",\"position\":1,\"name\":\"Portada\",\"item\":\"https:\/\/traumasolutions.pe\/tienda\/\"},{\"@type\":\"ListItem\",\"position\":2,\"name\":\"Shop\",\"item\":\"https:\/\/traumasolutions.pe\/tienda\/shop\/\"},{\"@type\":\"ListItem\",\"position\":3,\"name\":\"Medias de circulaci\u00f3n\"}]},{\"@type\":\"WebSite\",\"@id\":\"https:\/\/traumasolutions.pe\/tienda\/#website\",\"url\":\"https:\/\/traumasolutions.pe\/tienda\/\",\"name\":\"Trauma Solutions\",\"description\":\"Sitio Web Oficial\",\"potentialAction\":[{\"@type\":\"SearchAction\",\"target\":{\"@type\":\"EntryPoint\",\"urlTemplate\":\"https:\/\/traumasolutions.pe\/tienda\/?s={search_term_string}\"},\"query-input\":{\"@type\":\"PropertyValueSpecification\",\"valueRequired\":true,\"valueName\":\"search_term_string\"}}],\"inLanguage\":\"es\"}]}<\/script>\n<!-- \/ Yoast SEO plugin. -->","yoast_head_json":{"title":"Medias de circulaci\u00f3n - Trauma Solutions","robots":{"index":"index","follow":"follow","max-snippet":"max-snippet:-1","max-image-preview":"max-image-preview:large","max-video-preview":"max-video-preview:-1"},"canonical":"https:\/\/traumasolutions.pe\/tienda\/producto\/medias-de-circulacion\/","og_locale":"es_ES","og_type":"article","og_title":"Medias de circulaci\u00f3n - Trauma Solutions","og_description":"Los calcetines de circulaci\u00f3n Incrediwear alivian el dolor y la incomodidad de quienes padecen problemas circulatorios.\u00a0El dise\u00f1o de tejido suelto no vinculante permite una sensaci\u00f3n de ajuste sin la incomodidad de un calcet\u00edn de compresi\u00f3n.  Para obtener mejores resultados, use los calcetines de circulaci\u00f3n para aliviar los s\u00edntomas asociados con:   Neuropat\u00eda  Fascitis plantar  Condiciones vasculares  Pies fr\u00edos","og_url":"https:\/\/traumasolutions.pe\/tienda\/producto\/medias-de-circulacion\/","og_site_name":"Trauma Solutions","article_modified_time":"2025-01-29T01:50:08+00:00","og_image":[{"width":2000,"height":2000,"url":"https:\/\/traumasolutions.pe\/tienda\/wp-content\/uploads\/2020\/02\/CALCETINES-DE-CIRCULACION-CREW-NEGRO-1.jpg","type":"image\/jpeg"}],"twitter_card":"summary_large_image","twitter_misc":{"Tiempo de lectura":"1 minuto"},"schema":{"@context":"https:\/\/schema.org","@graph":[{"@type":"WebPage","@id":"https:\/\/traumasolutions.pe\/tienda\/producto\/medias-de-circulacion\/","url":"https:\/\/traumasolutions.pe\/tienda\/producto\/medias-de-circulacion\/","name":"Medias de circulaci\u00f3n - Trauma Solutions","isPartOf":{"@id":"https:\/\/traumasolutions.pe\/tienda\/#website"},"primaryImageOfPage":{"@id":"https:\/\/traumasolutions.pe\/tienda\/producto\/medias-de-circulacion\/#primaryimage"},"image":{"@id":"https:\/\/traumasolutions.pe\/tienda\/producto\/medias-de-circulacion\/#primaryimage"},"thumbnailUrl":"https:\/\/traumasolutions.pe\/tienda\/wp-content\/uploads\/2020\/02\/CALCETINES-DE-CIRCULACION-CREW-NEGRO-1.jpg","datePublished":"2021-05-15T03:11:48+00:00","dateModified":"2025-01-29T01:50:08+00:00","breadcrumb":{"@id":"https:\/\/traumasolutions.pe\/tienda\/producto\/medias-de-circulacion\/#breadcrumb"},"inLanguage":"es","potentialAction":[{"@type":"ReadAction","target":["https:\/\/traumasolutions.pe\/tienda\/producto\/medias-de-circulacion\/"]}]},{"@type":"ImageObject","inLanguage":"es","@id":"https:\/\/traumasolutions.pe\/tienda\/producto\/medias-de-circulacion\/#primaryimage","url":"https:\/\/traumasolutions.pe\/tienda\/wp-content\/uploads\/2020\/02\/CALCETINES-DE-CIRCULACION-CREW-NEGRO-1.jpg","contentUrl":"https:\/\/traumasolutions.pe\/tienda\/wp-content\/uploads\/2020\/02\/CALCETINES-DE-CIRCULACION-CREW-NEGRO-1.jpg","width":2000,"height":2000,"caption":"Calcetines de circulaci\u00f3n, medias de circulaci\u00f3n"},{"@type":"BreadcrumbList","@id":"https:\/\/traumasolutions.pe\/tienda\/producto\/medias-de-circulacion\/#breadcrumb","itemListElement":[{"@type":"ListItem","position":1,"name":"Portada","item":"https:\/\/traumasolutions.pe\/tienda\/"},{"@type":"ListItem","position":2,"name":"Shop","item":"https:\/\/traumasolutions.pe\/tienda\/shop\/"},{"@type":"ListItem","position":3,"name":"Medias de circulaci\u00f3n"}]},{"@type":"WebSite","@id":"https:\/\/traumasolutions.pe\/tienda\/#website","url":"https:\/\/traumasolutions.pe\/tienda\/","name":"Trauma Solutions","description":"Sitio Web Oficial","potentialAction":[{"@type":"SearchAction","target":{"@type":"EntryPoint","urlTemplate":"https:\/\/traumasolutions.pe\/tienda\/?s={search_term_string}"},"query-input":{"@type":"PropertyValueSpecification","valueRequired":true,"valueName":"search_term_string"}}],"inLanguage":"es"}]}},"_links":{"self":[{"href":"https:\/\/traumasolutions.pe\/tienda\/wp-json\/wp\/v2\/product\/6785","targetHints":{"allow":["GET"]}}],"collection":[{"href":"https:\/\/traumasolutions.pe\/tienda\/wp-json\/wp\/v2\/product"}],"about":[{"href":"https:\/\/traumasolutions.pe\/tienda\/wp-json\/wp\/v2\/types\/product"}],"replies":[{"embeddable":true,"href":"https:\/\/traumasolutions.pe\/tienda\/wp-json\/wp\/v2\/comments?post=6785"}],"version-history":[{"count":6,"href":"https:\/\/traumasolutions.pe\/tienda\/wp-json\/wp\/v2\/product\/6785\/revisions"}],"predecessor-version":[{"id":8574,"href":"https:\/\/traumasolutions.pe\/tienda\/wp-json\/wp\/v2\/product\/6785\/revisions\/8574"}],"wp:featuredmedia":[{"embeddable":true,"href":"https:\/\/traumasolutions.pe\/tienda\/wp-json\/wp\/v2\/media\/6890"}],"wp:attachment":[{"href":"https:\/\/traumasolutions.pe\/tienda\/wp-json\/wp\/v2\/media?parent=6785"}],"wp:term":[{"taxonomy":"product_brand","embeddable":true,"href":"https:\/\/traumasolutions.pe\/tienda\/wp-json\/wp\/v2\/product_brand?post=6785"},{"taxonomy":"product_cat","embeddable":true,"href":"https:\/\/traumasolutions.pe\/tienda\/wp-json\/wp\/v2\/product_cat?post=6785"},{"taxonomy":"product_tag","embeddable":true,"href":"https:\/\/traumasolutions.pe\/tienda\/wp-json\/wp\/v2\/product_tag?post=6785"}],"curies":[{"name":"wp","href":"https:\/\/api.w.org\/{rel}","templated":true}]}}