{"id":6805,"date":"2021-05-15T03:19:37","date_gmt":"2021-05-15T03:19:37","guid":{"rendered":"https:\/\/traumasolutions.pe\/tienda\/?post_type=product&#038;p=6805"},"modified":"2023-01-16T17:31:29","modified_gmt":"2023-01-16T17:31:29","slug":"manga-para-cuerpo","status":"publish","type":"product","link":"https:\/\/traumasolutions.pe\/tienda\/producto\/manga-para-cuerpo\/","title":{"rendered":"Faja para cuerpo"},"content":{"rendered":"","protected":false},"excerpt":{"rendered":"<p>La\u00a0manga de Cuerpo Incrediwear\u00a0maneja las molestias, acelera la recuperaci\u00f3n y reduce la inflamaci\u00f3n y la hinchaz\u00f3n para quienes sufren de dolor en el centro o la espalda.\u00a0La manga del cuerpo es flexible, transpirable y se puede tirar hacia arriba o hacia abajo hasta la ubicaci\u00f3n deseada.<\/p>\n<p>Para obtener mejores resultados, use la Manga de Cuerpo\u00a0para aliviar los s\u00edntomas asociados con:<\/p>\n<ul>\n<li>Discos herniados<\/li>\n<li>Aumento de senos<\/li>\n<li>Cirug\u00eda postoperatoria<\/li>\n<li>Lesiones en las costillas<\/li>\n<li>Nervios comprimidos<\/li>\n<\/ul>\n","protected":false},"featured_media":6936,"comment_status":"open","ping_status":"closed","template":"","meta":{"_acf_changed":false,"inline_featured_image":false,"_joinchat":[]},"product_brand":[],"product_cat":[185,171,182],"product_tag":[164,210],"class_list":{"0":"post-6805","1":"product","2":"type-product","3":"status-publish","4":"has-post-thumbnail","6":"product_cat-incrediwear","7":"product_cat-parte-superior-del-cuerpo","8":"product_cat-torso","9":"product_tag-incrediwear","10":"product_tag-manga-de-cuerpo","12":"first","13":"instock","14":"shipping-taxable","15":"purchasable","16":"product-type-variable"},"acf":[],"yoast_head":"<!-- This site is optimized with the Yoast SEO plugin v27.2 - https:\/\/yoast.com\/product\/yoast-seo-wordpress\/ -->\n<title>Faja para cuerpo - Trauma Solutions<\/title>\n<meta name=\"robots\" content=\"index, follow, max-snippet:-1, max-image-preview:large, max-video-preview:-1\" \/>\n<link rel=\"canonical\" href=\"https:\/\/traumasolutions.pe\/tienda\/producto\/manga-para-cuerpo\/\" \/>\n<meta property=\"og:locale\" content=\"es_ES\" \/>\n<meta property=\"og:type\" content=\"article\" \/>\n<meta property=\"og:title\" content=\"Faja para cuerpo - Trauma Solutions\" \/>\n<meta property=\"og:description\" content=\"La\u00a0manga de Cuerpo Incrediwear\u00a0maneja las molestias, acelera la recuperaci\u00f3n y reduce la inflamaci\u00f3n y la hinchaz\u00f3n para quienes sufren de dolor en el centro o la espalda.\u00a0La manga del cuerpo es flexible, transpirable y se puede tirar hacia arriba o hacia abajo hasta la ubicaci\u00f3n deseada.  Para obtener mejores resultados, use la Manga de Cuerpo\u00a0para aliviar los s\u00edntomas asociados con:   Discos herniados  Aumento de senos  Cirug\u00eda postoperatoria  Lesiones en las costillas  Nervios comprimidos\" \/>\n<meta property=\"og:url\" content=\"https:\/\/traumasolutions.pe\/tienda\/producto\/manga-para-cuerpo\/\" \/>\n<meta property=\"og:site_name\" content=\"Trauma Solutions\" \/>\n<meta property=\"article:modified_time\" content=\"2023-01-16T17:31:29+00:00\" \/>\n<meta property=\"og:image\" content=\"https:\/\/traumasolutions.pe\/tienda\/wp-content\/uploads\/2020\/02\/MANDA-DEL-CUERPO-NUDE-2.jpg\" \/>\n\t<meta property=\"og:image:width\" content=\"2000\" \/>\n\t<meta property=\"og:image:height\" content=\"2000\" \/>\n\t<meta property=\"og:image:type\" content=\"image\/jpeg\" \/>\n<meta name=\"twitter:card\" content=\"summary_large_image\" \/>\n<script type=\"application\/ld+json\" class=\"yoast-schema-graph\">{\"@context\":\"https:\/\/schema.org\",\"@graph\":[{\"@type\":\"WebPage\",\"@id\":\"https:\/\/traumasolutions.pe\/tienda\/producto\/manga-para-cuerpo\/\",\"url\":\"https:\/\/traumasolutions.pe\/tienda\/producto\/manga-para-cuerpo\/\",\"name\":\"Faja para cuerpo - Trauma Solutions\",\"isPartOf\":{\"@id\":\"https:\/\/traumasolutions.pe\/tienda\/#website\"},\"primaryImageOfPage\":{\"@id\":\"https:\/\/traumasolutions.pe\/tienda\/producto\/manga-para-cuerpo\/#primaryimage\"},\"image\":{\"@id\":\"https:\/\/traumasolutions.pe\/tienda\/producto\/manga-para-cuerpo\/#primaryimage\"},\"thumbnailUrl\":\"https:\/\/traumasolutions.pe\/tienda\/wp-content\/uploads\/2020\/02\/MANDA-DEL-CUERPO-NUDE-2.jpg\",\"datePublished\":\"2021-05-15T03:19:37+00:00\",\"dateModified\":\"2023-01-16T17:31:29+00:00\",\"breadcrumb\":{\"@id\":\"https:\/\/traumasolutions.pe\/tienda\/producto\/manga-para-cuerpo\/#breadcrumb\"},\"inLanguage\":\"es\",\"potentialAction\":[{\"@type\":\"ReadAction\",\"target\":[\"https:\/\/traumasolutions.pe\/tienda\/producto\/manga-para-cuerpo\/\"]}]},{\"@type\":\"ImageObject\",\"inLanguage\":\"es\",\"@id\":\"https:\/\/traumasolutions.pe\/tienda\/producto\/manga-para-cuerpo\/#primaryimage\",\"url\":\"https:\/\/traumasolutions.pe\/tienda\/wp-content\/uploads\/2020\/02\/MANDA-DEL-CUERPO-NUDE-2.jpg\",\"contentUrl\":\"https:\/\/traumasolutions.pe\/tienda\/wp-content\/uploads\/2020\/02\/MANDA-DEL-CUERPO-NUDE-2.jpg\",\"width\":2000,\"height\":2000},{\"@type\":\"BreadcrumbList\",\"@id\":\"https:\/\/traumasolutions.pe\/tienda\/producto\/manga-para-cuerpo\/#breadcrumb\",\"itemListElement\":[{\"@type\":\"ListItem\",\"position\":1,\"name\":\"Portada\",\"item\":\"https:\/\/traumasolutions.pe\/tienda\/\"},{\"@type\":\"ListItem\",\"position\":2,\"name\":\"Shop\",\"item\":\"https:\/\/traumasolutions.pe\/tienda\/shop\/\"},{\"@type\":\"ListItem\",\"position\":3,\"name\":\"Faja para cuerpo\"}]},{\"@type\":\"WebSite\",\"@id\":\"https:\/\/traumasolutions.pe\/tienda\/#website\",\"url\":\"https:\/\/traumasolutions.pe\/tienda\/\",\"name\":\"Trauma Solutions\",\"description\":\"Sitio Web Oficial\",\"potentialAction\":[{\"@type\":\"SearchAction\",\"target\":{\"@type\":\"EntryPoint\",\"urlTemplate\":\"https:\/\/traumasolutions.pe\/tienda\/?s={search_term_string}\"},\"query-input\":{\"@type\":\"PropertyValueSpecification\",\"valueRequired\":true,\"valueName\":\"search_term_string\"}}],\"inLanguage\":\"es\"}]}<\/script>\n<!-- \/ Yoast SEO plugin. -->","yoast_head_json":{"title":"Faja para cuerpo - Trauma Solutions","robots":{"index":"index","follow":"follow","max-snippet":"max-snippet:-1","max-image-preview":"max-image-preview:large","max-video-preview":"max-video-preview:-1"},"canonical":"https:\/\/traumasolutions.pe\/tienda\/producto\/manga-para-cuerpo\/","og_locale":"es_ES","og_type":"article","og_title":"Faja para cuerpo - Trauma Solutions","og_description":"La\u00a0manga de Cuerpo Incrediwear\u00a0maneja las molestias, acelera la recuperaci\u00f3n y reduce la inflamaci\u00f3n y la hinchaz\u00f3n para quienes sufren de dolor en el centro o la espalda.\u00a0La manga del cuerpo es flexible, transpirable y se puede tirar hacia arriba o hacia abajo hasta la ubicaci\u00f3n deseada.  Para obtener mejores resultados, use la Manga de Cuerpo\u00a0para aliviar los s\u00edntomas asociados con:   Discos herniados  Aumento de senos  Cirug\u00eda postoperatoria  Lesiones en las costillas  Nervios comprimidos","og_url":"https:\/\/traumasolutions.pe\/tienda\/producto\/manga-para-cuerpo\/","og_site_name":"Trauma Solutions","article_modified_time":"2023-01-16T17:31:29+00:00","og_image":[{"width":2000,"height":2000,"url":"https:\/\/traumasolutions.pe\/tienda\/wp-content\/uploads\/2020\/02\/MANDA-DEL-CUERPO-NUDE-2.jpg","type":"image\/jpeg"}],"twitter_card":"summary_large_image","schema":{"@context":"https:\/\/schema.org","@graph":[{"@type":"WebPage","@id":"https:\/\/traumasolutions.pe\/tienda\/producto\/manga-para-cuerpo\/","url":"https:\/\/traumasolutions.pe\/tienda\/producto\/manga-para-cuerpo\/","name":"Faja para cuerpo - Trauma Solutions","isPartOf":{"@id":"https:\/\/traumasolutions.pe\/tienda\/#website"},"primaryImageOfPage":{"@id":"https:\/\/traumasolutions.pe\/tienda\/producto\/manga-para-cuerpo\/#primaryimage"},"image":{"@id":"https:\/\/traumasolutions.pe\/tienda\/producto\/manga-para-cuerpo\/#primaryimage"},"thumbnailUrl":"https:\/\/traumasolutions.pe\/tienda\/wp-content\/uploads\/2020\/02\/MANDA-DEL-CUERPO-NUDE-2.jpg","datePublished":"2021-05-15T03:19:37+00:00","dateModified":"2023-01-16T17:31:29+00:00","breadcrumb":{"@id":"https:\/\/traumasolutions.pe\/tienda\/producto\/manga-para-cuerpo\/#breadcrumb"},"inLanguage":"es","potentialAction":[{"@type":"ReadAction","target":["https:\/\/traumasolutions.pe\/tienda\/producto\/manga-para-cuerpo\/"]}]},{"@type":"ImageObject","inLanguage":"es","@id":"https:\/\/traumasolutions.pe\/tienda\/producto\/manga-para-cuerpo\/#primaryimage","url":"https:\/\/traumasolutions.pe\/tienda\/wp-content\/uploads\/2020\/02\/MANDA-DEL-CUERPO-NUDE-2.jpg","contentUrl":"https:\/\/traumasolutions.pe\/tienda\/wp-content\/uploads\/2020\/02\/MANDA-DEL-CUERPO-NUDE-2.jpg","width":2000,"height":2000},{"@type":"BreadcrumbList","@id":"https:\/\/traumasolutions.pe\/tienda\/producto\/manga-para-cuerpo\/#breadcrumb","itemListElement":[{"@type":"ListItem","position":1,"name":"Portada","item":"https:\/\/traumasolutions.pe\/tienda\/"},{"@type":"ListItem","position":2,"name":"Shop","item":"https:\/\/traumasolutions.pe\/tienda\/shop\/"},{"@type":"ListItem","position":3,"name":"Faja para cuerpo"}]},{"@type":"WebSite","@id":"https:\/\/traumasolutions.pe\/tienda\/#website","url":"https:\/\/traumasolutions.pe\/tienda\/","name":"Trauma Solutions","description":"Sitio Web Oficial","potentialAction":[{"@type":"SearchAction","target":{"@type":"EntryPoint","urlTemplate":"https:\/\/traumasolutions.pe\/tienda\/?s={search_term_string}"},"query-input":{"@type":"PropertyValueSpecification","valueRequired":true,"valueName":"search_term_string"}}],"inLanguage":"es"}]}},"_links":{"self":[{"href":"https:\/\/traumasolutions.pe\/tienda\/wp-json\/wp\/v2\/product\/6805","targetHints":{"allow":["GET"]}}],"collection":[{"href":"https:\/\/traumasolutions.pe\/tienda\/wp-json\/wp\/v2\/product"}],"about":[{"href":"https:\/\/traumasolutions.pe\/tienda\/wp-json\/wp\/v2\/types\/product"}],"replies":[{"embeddable":true,"href":"https:\/\/traumasolutions.pe\/tienda\/wp-json\/wp\/v2\/comments?post=6805"}],"version-history":[{"count":6,"href":"https:\/\/traumasolutions.pe\/tienda\/wp-json\/wp\/v2\/product\/6805\/revisions"}],"predecessor-version":[{"id":8456,"href":"https:\/\/traumasolutions.pe\/tienda\/wp-json\/wp\/v2\/product\/6805\/revisions\/8456"}],"wp:featuredmedia":[{"embeddable":true,"href":"https:\/\/traumasolutions.pe\/tienda\/wp-json\/wp\/v2\/media\/6936"}],"wp:attachment":[{"href":"https:\/\/traumasolutions.pe\/tienda\/wp-json\/wp\/v2\/media?parent=6805"}],"wp:term":[{"taxonomy":"product_brand","embeddable":true,"href":"https:\/\/traumasolutions.pe\/tienda\/wp-json\/wp\/v2\/product_brand?post=6805"},{"taxonomy":"product_cat","embeddable":true,"href":"https:\/\/traumasolutions.pe\/tienda\/wp-json\/wp\/v2\/product_cat?post=6805"},{"taxonomy":"product_tag","embeddable":true,"href":"https:\/\/traumasolutions.pe\/tienda\/wp-json\/wp\/v2\/product_tag?post=6805"}],"curies":[{"name":"wp","href":"https:\/\/api.w.org\/{rel}","templated":true}]}}