{"id":6810,"date":"2021-05-15T03:20:05","date_gmt":"2021-05-15T03:20:05","guid":{"rendered":"https:\/\/traumasolutions.pe\/tienda\/?post_type=product&#038;p=6810"},"modified":"2026-02-08T00:32:53","modified_gmt":"2026-02-08T00:32:53","slug":"guantes-de-circulacion","status":"publish","type":"product","link":"https:\/\/traumasolutions.pe\/tienda\/producto\/guantes-de-circulacion\/","title":{"rendered":"Guantes de circulaci\u00f3n"},"content":{"rendered":"","protected":false},"excerpt":{"rendered":"<p>Los guantes de circulaci\u00f3n Incrediwear (sin dedos) reducen la inflamaci\u00f3n, alivian la incomodidad y reducen el entumecimiento de quienes padecen afecciones o traumas relacionados con la mano \/ mu\u00f1eca.\u00a0Los guantes de circulaci\u00f3n se pueden usar durante las actividades diarias y en reposo para aliviar el dolor durante todo el d\u00eda.<\/p>\n<p>Para obtener mejores resultados, use los guantes de circulaci\u00f3n para aliviar los s\u00edntomas asociados con:<\/p>\n<ul>\n<li>Manos fr\u00edas<\/li>\n<li>S\u00edndrome del t\u00fanel carpiano<\/li>\n<li>Artritis<\/li>\n<li>Tendinitis<\/li>\n<\/ul>\n","protected":false},"featured_media":6991,"comment_status":"open","ping_status":"closed","template":"","meta":{"_acf_changed":false,"inline_featured_image":false,"_joinchat":[]},"product_brand":[],"product_cat":[185,178,171],"product_tag":[164,266],"class_list":{"0":"post-6810","1":"product","2":"type-product","3":"status-publish","4":"has-post-thumbnail","6":"product_cat-incrediwear","7":"product_cat-muneca","8":"product_cat-parte-superior-del-cuerpo","9":"product_tag-incrediwear","10":"product_tag-mitones","12":"first","13":"instock","14":"featured","15":"shipping-taxable","16":"purchasable","17":"product-type-variable"},"acf":[],"yoast_head":"<!-- This site is optimized with the Yoast SEO plugin v27.2 - https:\/\/yoast.com\/product\/yoast-seo-wordpress\/ -->\n<title>Guantes de circulaci\u00f3n - Trauma Solutions<\/title>\n<meta name=\"robots\" content=\"index, follow, max-snippet:-1, max-image-preview:large, max-video-preview:-1\" \/>\n<link rel=\"canonical\" href=\"https:\/\/traumasolutions.pe\/tienda\/producto\/guantes-de-circulacion\/\" \/>\n<meta property=\"og:locale\" content=\"es_ES\" \/>\n<meta property=\"og:type\" content=\"article\" \/>\n<meta property=\"og:title\" content=\"Guantes de circulaci\u00f3n - Trauma Solutions\" \/>\n<meta property=\"og:description\" content=\"Los guantes de circulaci\u00f3n Incrediwear (sin dedos) reducen la inflamaci\u00f3n, alivian la incomodidad y reducen el entumecimiento de quienes padecen afecciones o traumas relacionados con la mano \/ mu\u00f1eca.\u00a0Los guantes de circulaci\u00f3n se pueden usar durante las actividades diarias y en reposo para aliviar el dolor durante todo el d\u00eda.  Para obtener mejores resultados, use los guantes de circulaci\u00f3n para aliviar los s\u00edntomas asociados con:   Manos fr\u00edas  S\u00edndrome del t\u00fanel carpiano  Artritis  Tendinitis\" \/>\n<meta property=\"og:url\" content=\"https:\/\/traumasolutions.pe\/tienda\/producto\/guantes-de-circulacion\/\" \/>\n<meta property=\"og:site_name\" content=\"Trauma Solutions\" \/>\n<meta property=\"article:modified_time\" content=\"2026-02-08T00:32:53+00:00\" \/>\n<meta property=\"og:image\" content=\"https:\/\/traumasolutions.pe\/tienda\/wp-content\/uploads\/2020\/02\/GUANTES-DE-CIRCULACION-SIN-DEDOS-GRIS.jpg\" \/>\n\t<meta property=\"og:image:width\" content=\"2000\" \/>\n\t<meta property=\"og:image:height\" content=\"2000\" \/>\n\t<meta property=\"og:image:type\" content=\"image\/jpeg\" \/>\n<meta name=\"twitter:card\" content=\"summary_large_image\" \/>\n<script type=\"application\/ld+json\" class=\"yoast-schema-graph\">{\"@context\":\"https:\/\/schema.org\",\"@graph\":[{\"@type\":\"WebPage\",\"@id\":\"https:\/\/traumasolutions.pe\/tienda\/producto\/guantes-de-circulacion\/\",\"url\":\"https:\/\/traumasolutions.pe\/tienda\/producto\/guantes-de-circulacion\/\",\"name\":\"Guantes de circulaci\u00f3n - Trauma Solutions\",\"isPartOf\":{\"@id\":\"https:\/\/traumasolutions.pe\/tienda\/#website\"},\"primaryImageOfPage\":{\"@id\":\"https:\/\/traumasolutions.pe\/tienda\/producto\/guantes-de-circulacion\/#primaryimage\"},\"image\":{\"@id\":\"https:\/\/traumasolutions.pe\/tienda\/producto\/guantes-de-circulacion\/#primaryimage\"},\"thumbnailUrl\":\"https:\/\/traumasolutions.pe\/tienda\/wp-content\/uploads\/2020\/02\/GUANTES-DE-CIRCULACION-SIN-DEDOS-GRIS.jpg\",\"datePublished\":\"2021-05-15T03:20:05+00:00\",\"dateModified\":\"2026-02-08T00:32:53+00:00\",\"breadcrumb\":{\"@id\":\"https:\/\/traumasolutions.pe\/tienda\/producto\/guantes-de-circulacion\/#breadcrumb\"},\"inLanguage\":\"es\",\"potentialAction\":[{\"@type\":\"ReadAction\",\"target\":[\"https:\/\/traumasolutions.pe\/tienda\/producto\/guantes-de-circulacion\/\"]}]},{\"@type\":\"ImageObject\",\"inLanguage\":\"es\",\"@id\":\"https:\/\/traumasolutions.pe\/tienda\/producto\/guantes-de-circulacion\/#primaryimage\",\"url\":\"https:\/\/traumasolutions.pe\/tienda\/wp-content\/uploads\/2020\/02\/GUANTES-DE-CIRCULACION-SIN-DEDOS-GRIS.jpg\",\"contentUrl\":\"https:\/\/traumasolutions.pe\/tienda\/wp-content\/uploads\/2020\/02\/GUANTES-DE-CIRCULACION-SIN-DEDOS-GRIS.jpg\",\"width\":2000,\"height\":2000,\"caption\":\"Guantes de circulaci\u00f3n, mitones\"},{\"@type\":\"BreadcrumbList\",\"@id\":\"https:\/\/traumasolutions.pe\/tienda\/producto\/guantes-de-circulacion\/#breadcrumb\",\"itemListElement\":[{\"@type\":\"ListItem\",\"position\":1,\"name\":\"Portada\",\"item\":\"https:\/\/traumasolutions.pe\/tienda\/\"},{\"@type\":\"ListItem\",\"position\":2,\"name\":\"Shop\",\"item\":\"https:\/\/traumasolutions.pe\/tienda\/shop\/\"},{\"@type\":\"ListItem\",\"position\":3,\"name\":\"Guantes de circulaci\u00f3n\"}]},{\"@type\":\"WebSite\",\"@id\":\"https:\/\/traumasolutions.pe\/tienda\/#website\",\"url\":\"https:\/\/traumasolutions.pe\/tienda\/\",\"name\":\"Trauma Solutions\",\"description\":\"Sitio Web Oficial\",\"potentialAction\":[{\"@type\":\"SearchAction\",\"target\":{\"@type\":\"EntryPoint\",\"urlTemplate\":\"https:\/\/traumasolutions.pe\/tienda\/?s={search_term_string}\"},\"query-input\":{\"@type\":\"PropertyValueSpecification\",\"valueRequired\":true,\"valueName\":\"search_term_string\"}}],\"inLanguage\":\"es\"}]}<\/script>\n<!-- \/ Yoast SEO plugin. -->","yoast_head_json":{"title":"Guantes de circulaci\u00f3n - Trauma Solutions","robots":{"index":"index","follow":"follow","max-snippet":"max-snippet:-1","max-image-preview":"max-image-preview:large","max-video-preview":"max-video-preview:-1"},"canonical":"https:\/\/traumasolutions.pe\/tienda\/producto\/guantes-de-circulacion\/","og_locale":"es_ES","og_type":"article","og_title":"Guantes de circulaci\u00f3n - Trauma Solutions","og_description":"Los guantes de circulaci\u00f3n Incrediwear (sin dedos) reducen la inflamaci\u00f3n, alivian la incomodidad y reducen el entumecimiento de quienes padecen afecciones o traumas relacionados con la mano \/ mu\u00f1eca.\u00a0Los guantes de circulaci\u00f3n se pueden usar durante las actividades diarias y en reposo para aliviar el dolor durante todo el d\u00eda.  Para obtener mejores resultados, use los guantes de circulaci\u00f3n para aliviar los s\u00edntomas asociados con:   Manos fr\u00edas  S\u00edndrome del t\u00fanel carpiano  Artritis  Tendinitis","og_url":"https:\/\/traumasolutions.pe\/tienda\/producto\/guantes-de-circulacion\/","og_site_name":"Trauma Solutions","article_modified_time":"2026-02-08T00:32:53+00:00","og_image":[{"width":2000,"height":2000,"url":"https:\/\/traumasolutions.pe\/tienda\/wp-content\/uploads\/2020\/02\/GUANTES-DE-CIRCULACION-SIN-DEDOS-GRIS.jpg","type":"image\/jpeg"}],"twitter_card":"summary_large_image","schema":{"@context":"https:\/\/schema.org","@graph":[{"@type":"WebPage","@id":"https:\/\/traumasolutions.pe\/tienda\/producto\/guantes-de-circulacion\/","url":"https:\/\/traumasolutions.pe\/tienda\/producto\/guantes-de-circulacion\/","name":"Guantes de circulaci\u00f3n - Trauma Solutions","isPartOf":{"@id":"https:\/\/traumasolutions.pe\/tienda\/#website"},"primaryImageOfPage":{"@id":"https:\/\/traumasolutions.pe\/tienda\/producto\/guantes-de-circulacion\/#primaryimage"},"image":{"@id":"https:\/\/traumasolutions.pe\/tienda\/producto\/guantes-de-circulacion\/#primaryimage"},"thumbnailUrl":"https:\/\/traumasolutions.pe\/tienda\/wp-content\/uploads\/2020\/02\/GUANTES-DE-CIRCULACION-SIN-DEDOS-GRIS.jpg","datePublished":"2021-05-15T03:20:05+00:00","dateModified":"2026-02-08T00:32:53+00:00","breadcrumb":{"@id":"https:\/\/traumasolutions.pe\/tienda\/producto\/guantes-de-circulacion\/#breadcrumb"},"inLanguage":"es","potentialAction":[{"@type":"ReadAction","target":["https:\/\/traumasolutions.pe\/tienda\/producto\/guantes-de-circulacion\/"]}]},{"@type":"ImageObject","inLanguage":"es","@id":"https:\/\/traumasolutions.pe\/tienda\/producto\/guantes-de-circulacion\/#primaryimage","url":"https:\/\/traumasolutions.pe\/tienda\/wp-content\/uploads\/2020\/02\/GUANTES-DE-CIRCULACION-SIN-DEDOS-GRIS.jpg","contentUrl":"https:\/\/traumasolutions.pe\/tienda\/wp-content\/uploads\/2020\/02\/GUANTES-DE-CIRCULACION-SIN-DEDOS-GRIS.jpg","width":2000,"height":2000,"caption":"Guantes de circulaci\u00f3n, mitones"},{"@type":"BreadcrumbList","@id":"https:\/\/traumasolutions.pe\/tienda\/producto\/guantes-de-circulacion\/#breadcrumb","itemListElement":[{"@type":"ListItem","position":1,"name":"Portada","item":"https:\/\/traumasolutions.pe\/tienda\/"},{"@type":"ListItem","position":2,"name":"Shop","item":"https:\/\/traumasolutions.pe\/tienda\/shop\/"},{"@type":"ListItem","position":3,"name":"Guantes de circulaci\u00f3n"}]},{"@type":"WebSite","@id":"https:\/\/traumasolutions.pe\/tienda\/#website","url":"https:\/\/traumasolutions.pe\/tienda\/","name":"Trauma Solutions","description":"Sitio Web Oficial","potentialAction":[{"@type":"SearchAction","target":{"@type":"EntryPoint","urlTemplate":"https:\/\/traumasolutions.pe\/tienda\/?s={search_term_string}"},"query-input":{"@type":"PropertyValueSpecification","valueRequired":true,"valueName":"search_term_string"}}],"inLanguage":"es"}]}},"_links":{"self":[{"href":"https:\/\/traumasolutions.pe\/tienda\/wp-json\/wp\/v2\/product\/6810","targetHints":{"allow":["GET"]}}],"collection":[{"href":"https:\/\/traumasolutions.pe\/tienda\/wp-json\/wp\/v2\/product"}],"about":[{"href":"https:\/\/traumasolutions.pe\/tienda\/wp-json\/wp\/v2\/types\/product"}],"replies":[{"embeddable":true,"href":"https:\/\/traumasolutions.pe\/tienda\/wp-json\/wp\/v2\/comments?post=6810"}],"version-history":[{"count":6,"href":"https:\/\/traumasolutions.pe\/tienda\/wp-json\/wp\/v2\/product\/6810\/revisions"}],"predecessor-version":[{"id":8446,"href":"https:\/\/traumasolutions.pe\/tienda\/wp-json\/wp\/v2\/product\/6810\/revisions\/8446"}],"wp:featuredmedia":[{"embeddable":true,"href":"https:\/\/traumasolutions.pe\/tienda\/wp-json\/wp\/v2\/media\/6991"}],"wp:attachment":[{"href":"https:\/\/traumasolutions.pe\/tienda\/wp-json\/wp\/v2\/media?parent=6810"}],"wp:term":[{"taxonomy":"product_brand","embeddable":true,"href":"https:\/\/traumasolutions.pe\/tienda\/wp-json\/wp\/v2\/product_brand?post=6810"},{"taxonomy":"product_cat","embeddable":true,"href":"https:\/\/traumasolutions.pe\/tienda\/wp-json\/wp\/v2\/product_cat?post=6810"},{"taxonomy":"product_tag","embeddable":true,"href":"https:\/\/traumasolutions.pe\/tienda\/wp-json\/wp\/v2\/product_tag?post=6810"}],"curies":[{"name":"wp","href":"https:\/\/api.w.org\/{rel}","templated":true}]}}