{"id":6815,"date":"2021-05-15T03:20:49","date_gmt":"2021-05-15T03:20:49","guid":{"rendered":"https:\/\/traumasolutions.pe\/tienda\/?post_type=product&#038;p=6815"},"modified":"2023-04-13T15:00:02","modified_gmt":"2023-04-13T15:00:02","slug":"medias-de-vestir-para-mujer","status":"publish","type":"product","link":"https:\/\/traumasolutions.pe\/tienda\/producto\/medias-de-vestir-para-mujer\/","title":{"rendered":"Medias de vestir para mujer"},"content":{"rendered":"","protected":false},"excerpt":{"rendered":"<p>Los calcetines de vestir para mujer de Incrediwear son para aquellos que buscan una apariencia elegante, pero a\u00fan as\u00ed, anhelan los beneficios de nuestra tecnolog\u00eda \u00fanica.\u00a0Los calcetines de vestir para mujer reducen la fatiga y mantienen los pies c\u00f3modos para el uso formal o para cualquier ocasi\u00f3n.<\/p>\n","protected":false},"featured_media":7035,"comment_status":"open","ping_status":"closed","template":"","meta":{"_acf_changed":false,"inline_featured_image":false,"_joinchat":[]},"product_brand":[],"product_cat":[185,172,177],"product_tag":[164,189],"class_list":{"0":"post-6815","1":"product","2":"type-product","3":"status-publish","4":"has-post-thumbnail","6":"product_cat-incrediwear","7":"product_cat-parte-inferior-del-cuerpo","8":"product_cat-pies","9":"product_tag-incrediwear","10":"product_tag-medias","12":"first","13":"instock","14":"shipping-taxable","15":"purchasable","16":"product-type-variable"},"acf":[],"yoast_head":"<!-- This site is optimized with the Yoast SEO plugin v27.2 - https:\/\/yoast.com\/product\/yoast-seo-wordpress\/ -->\n<title>Medias de vestir para mujer - Trauma Solutions<\/title>\n<meta name=\"robots\" content=\"index, follow, max-snippet:-1, max-image-preview:large, max-video-preview:-1\" \/>\n<link rel=\"canonical\" href=\"https:\/\/traumasolutions.pe\/tienda\/producto\/medias-de-vestir-para-mujer\/\" \/>\n<meta property=\"og:locale\" content=\"es_ES\" \/>\n<meta property=\"og:type\" content=\"article\" \/>\n<meta property=\"og:title\" content=\"Medias de vestir para mujer - Trauma Solutions\" \/>\n<meta property=\"og:description\" content=\"Los calcetines de vestir para mujer de Incrediwear son para aquellos que buscan una apariencia elegante, pero a\u00fan as\u00ed, anhelan los beneficios de nuestra tecnolog\u00eda \u00fanica.\u00a0Los calcetines de vestir para mujer reducen la fatiga y mantienen los pies c\u00f3modos para el uso formal o para cualquier ocasi\u00f3n.\" \/>\n<meta property=\"og:url\" content=\"https:\/\/traumasolutions.pe\/tienda\/producto\/medias-de-vestir-para-mujer\/\" \/>\n<meta property=\"og:site_name\" content=\"Trauma Solutions\" \/>\n<meta property=\"article:modified_time\" content=\"2023-04-13T15:00:02+00:00\" \/>\n<meta property=\"og:image\" content=\"https:\/\/traumasolutions.pe\/tienda\/wp-content\/uploads\/2020\/02\/CALCETINES-DE-VESTIR-PARA-MUJER-HASTA-LA-RODILLA-CHARCOAL-1.jpg\" \/>\n\t<meta property=\"og:image:width\" content=\"2000\" \/>\n\t<meta property=\"og:image:height\" content=\"2000\" \/>\n\t<meta property=\"og:image:type\" content=\"image\/jpeg\" \/>\n<meta name=\"twitter:card\" content=\"summary_large_image\" \/>\n<script type=\"application\/ld+json\" class=\"yoast-schema-graph\">{\"@context\":\"https:\/\/schema.org\",\"@graph\":[{\"@type\":\"WebPage\",\"@id\":\"https:\/\/traumasolutions.pe\/tienda\/producto\/medias-de-vestir-para-mujer\/\",\"url\":\"https:\/\/traumasolutions.pe\/tienda\/producto\/medias-de-vestir-para-mujer\/\",\"name\":\"Medias de vestir para mujer - Trauma Solutions\",\"isPartOf\":{\"@id\":\"https:\/\/traumasolutions.pe\/tienda\/#website\"},\"primaryImageOfPage\":{\"@id\":\"https:\/\/traumasolutions.pe\/tienda\/producto\/medias-de-vestir-para-mujer\/#primaryimage\"},\"image\":{\"@id\":\"https:\/\/traumasolutions.pe\/tienda\/producto\/medias-de-vestir-para-mujer\/#primaryimage\"},\"thumbnailUrl\":\"https:\/\/traumasolutions.pe\/tienda\/wp-content\/uploads\/2020\/02\/CALCETINES-DE-VESTIR-PARA-MUJER-HASTA-LA-RODILLA-CHARCOAL-1.jpg\",\"datePublished\":\"2021-05-15T03:20:49+00:00\",\"dateModified\":\"2023-04-13T15:00:02+00:00\",\"breadcrumb\":{\"@id\":\"https:\/\/traumasolutions.pe\/tienda\/producto\/medias-de-vestir-para-mujer\/#breadcrumb\"},\"inLanguage\":\"es\",\"potentialAction\":[{\"@type\":\"ReadAction\",\"target\":[\"https:\/\/traumasolutions.pe\/tienda\/producto\/medias-de-vestir-para-mujer\/\"]}]},{\"@type\":\"ImageObject\",\"inLanguage\":\"es\",\"@id\":\"https:\/\/traumasolutions.pe\/tienda\/producto\/medias-de-vestir-para-mujer\/#primaryimage\",\"url\":\"https:\/\/traumasolutions.pe\/tienda\/wp-content\/uploads\/2020\/02\/CALCETINES-DE-VESTIR-PARA-MUJER-HASTA-LA-RODILLA-CHARCOAL-1.jpg\",\"contentUrl\":\"https:\/\/traumasolutions.pe\/tienda\/wp-content\/uploads\/2020\/02\/CALCETINES-DE-VESTIR-PARA-MUJER-HASTA-LA-RODILLA-CHARCOAL-1.jpg\",\"width\":2000,\"height\":2000,\"caption\":\"Calcetines de vestir para mujer, medias de vestir para mujer\"},{\"@type\":\"BreadcrumbList\",\"@id\":\"https:\/\/traumasolutions.pe\/tienda\/producto\/medias-de-vestir-para-mujer\/#breadcrumb\",\"itemListElement\":[{\"@type\":\"ListItem\",\"position\":1,\"name\":\"Portada\",\"item\":\"https:\/\/traumasolutions.pe\/tienda\/\"},{\"@type\":\"ListItem\",\"position\":2,\"name\":\"Shop\",\"item\":\"https:\/\/traumasolutions.pe\/tienda\/shop\/\"},{\"@type\":\"ListItem\",\"position\":3,\"name\":\"Medias de vestir para mujer\"}]},{\"@type\":\"WebSite\",\"@id\":\"https:\/\/traumasolutions.pe\/tienda\/#website\",\"url\":\"https:\/\/traumasolutions.pe\/tienda\/\",\"name\":\"Trauma Solutions\",\"description\":\"Sitio Web Oficial\",\"potentialAction\":[{\"@type\":\"SearchAction\",\"target\":{\"@type\":\"EntryPoint\",\"urlTemplate\":\"https:\/\/traumasolutions.pe\/tienda\/?s={search_term_string}\"},\"query-input\":{\"@type\":\"PropertyValueSpecification\",\"valueRequired\":true,\"valueName\":\"search_term_string\"}}],\"inLanguage\":\"es\"}]}<\/script>\n<!-- \/ Yoast SEO plugin. -->","yoast_head_json":{"title":"Medias de vestir para mujer - Trauma Solutions","robots":{"index":"index","follow":"follow","max-snippet":"max-snippet:-1","max-image-preview":"max-image-preview:large","max-video-preview":"max-video-preview:-1"},"canonical":"https:\/\/traumasolutions.pe\/tienda\/producto\/medias-de-vestir-para-mujer\/","og_locale":"es_ES","og_type":"article","og_title":"Medias de vestir para mujer - Trauma Solutions","og_description":"Los calcetines de vestir para mujer de Incrediwear son para aquellos que buscan una apariencia elegante, pero a\u00fan as\u00ed, anhelan los beneficios de nuestra tecnolog\u00eda \u00fanica.\u00a0Los calcetines de vestir para mujer reducen la fatiga y mantienen los pies c\u00f3modos para el uso formal o para cualquier ocasi\u00f3n.","og_url":"https:\/\/traumasolutions.pe\/tienda\/producto\/medias-de-vestir-para-mujer\/","og_site_name":"Trauma Solutions","article_modified_time":"2023-04-13T15:00:02+00:00","og_image":[{"width":2000,"height":2000,"url":"https:\/\/traumasolutions.pe\/tienda\/wp-content\/uploads\/2020\/02\/CALCETINES-DE-VESTIR-PARA-MUJER-HASTA-LA-RODILLA-CHARCOAL-1.jpg","type":"image\/jpeg"}],"twitter_card":"summary_large_image","schema":{"@context":"https:\/\/schema.org","@graph":[{"@type":"WebPage","@id":"https:\/\/traumasolutions.pe\/tienda\/producto\/medias-de-vestir-para-mujer\/","url":"https:\/\/traumasolutions.pe\/tienda\/producto\/medias-de-vestir-para-mujer\/","name":"Medias de vestir para mujer - Trauma Solutions","isPartOf":{"@id":"https:\/\/traumasolutions.pe\/tienda\/#website"},"primaryImageOfPage":{"@id":"https:\/\/traumasolutions.pe\/tienda\/producto\/medias-de-vestir-para-mujer\/#primaryimage"},"image":{"@id":"https:\/\/traumasolutions.pe\/tienda\/producto\/medias-de-vestir-para-mujer\/#primaryimage"},"thumbnailUrl":"https:\/\/traumasolutions.pe\/tienda\/wp-content\/uploads\/2020\/02\/CALCETINES-DE-VESTIR-PARA-MUJER-HASTA-LA-RODILLA-CHARCOAL-1.jpg","datePublished":"2021-05-15T03:20:49+00:00","dateModified":"2023-04-13T15:00:02+00:00","breadcrumb":{"@id":"https:\/\/traumasolutions.pe\/tienda\/producto\/medias-de-vestir-para-mujer\/#breadcrumb"},"inLanguage":"es","potentialAction":[{"@type":"ReadAction","target":["https:\/\/traumasolutions.pe\/tienda\/producto\/medias-de-vestir-para-mujer\/"]}]},{"@type":"ImageObject","inLanguage":"es","@id":"https:\/\/traumasolutions.pe\/tienda\/producto\/medias-de-vestir-para-mujer\/#primaryimage","url":"https:\/\/traumasolutions.pe\/tienda\/wp-content\/uploads\/2020\/02\/CALCETINES-DE-VESTIR-PARA-MUJER-HASTA-LA-RODILLA-CHARCOAL-1.jpg","contentUrl":"https:\/\/traumasolutions.pe\/tienda\/wp-content\/uploads\/2020\/02\/CALCETINES-DE-VESTIR-PARA-MUJER-HASTA-LA-RODILLA-CHARCOAL-1.jpg","width":2000,"height":2000,"caption":"Calcetines de vestir para mujer, medias de vestir para mujer"},{"@type":"BreadcrumbList","@id":"https:\/\/traumasolutions.pe\/tienda\/producto\/medias-de-vestir-para-mujer\/#breadcrumb","itemListElement":[{"@type":"ListItem","position":1,"name":"Portada","item":"https:\/\/traumasolutions.pe\/tienda\/"},{"@type":"ListItem","position":2,"name":"Shop","item":"https:\/\/traumasolutions.pe\/tienda\/shop\/"},{"@type":"ListItem","position":3,"name":"Medias de vestir para mujer"}]},{"@type":"WebSite","@id":"https:\/\/traumasolutions.pe\/tienda\/#website","url":"https:\/\/traumasolutions.pe\/tienda\/","name":"Trauma Solutions","description":"Sitio Web Oficial","potentialAction":[{"@type":"SearchAction","target":{"@type":"EntryPoint","urlTemplate":"https:\/\/traumasolutions.pe\/tienda\/?s={search_term_string}"},"query-input":{"@type":"PropertyValueSpecification","valueRequired":true,"valueName":"search_term_string"}}],"inLanguage":"es"}]}},"_links":{"self":[{"href":"https:\/\/traumasolutions.pe\/tienda\/wp-json\/wp\/v2\/product\/6815","targetHints":{"allow":["GET"]}}],"collection":[{"href":"https:\/\/traumasolutions.pe\/tienda\/wp-json\/wp\/v2\/product"}],"about":[{"href":"https:\/\/traumasolutions.pe\/tienda\/wp-json\/wp\/v2\/types\/product"}],"replies":[{"embeddable":true,"href":"https:\/\/traumasolutions.pe\/tienda\/wp-json\/wp\/v2\/comments?post=6815"}],"version-history":[{"count":5,"href":"https:\/\/traumasolutions.pe\/tienda\/wp-json\/wp\/v2\/product\/6815\/revisions"}],"predecessor-version":[{"id":8423,"href":"https:\/\/traumasolutions.pe\/tienda\/wp-json\/wp\/v2\/product\/6815\/revisions\/8423"}],"wp:featuredmedia":[{"embeddable":true,"href":"https:\/\/traumasolutions.pe\/tienda\/wp-json\/wp\/v2\/media\/7035"}],"wp:attachment":[{"href":"https:\/\/traumasolutions.pe\/tienda\/wp-json\/wp\/v2\/media?parent=6815"}],"wp:term":[{"taxonomy":"product_brand","embeddable":true,"href":"https:\/\/traumasolutions.pe\/tienda\/wp-json\/wp\/v2\/product_brand?post=6815"},{"taxonomy":"product_cat","embeddable":true,"href":"https:\/\/traumasolutions.pe\/tienda\/wp-json\/wp\/v2\/product_cat?post=6815"},{"taxonomy":"product_tag","embeddable":true,"href":"https:\/\/traumasolutions.pe\/tienda\/wp-json\/wp\/v2\/product_tag?post=6815"}],"curies":[{"name":"wp","href":"https:\/\/api.w.org\/{rel}","templated":true}]}}