{"id":6864,"date":"2021-05-15T04:24:53","date_gmt":"2021-05-15T04:24:53","guid":{"rendered":"https:\/\/traumasolutions.pe\/tienda\/?post_type=product&#038;p=6864"},"modified":"2025-09-02T22:11:02","modified_gmt":"2025-09-02T22:11:02","slug":"medias-para-golf","status":"publish","type":"product","link":"https:\/\/traumasolutions.pe\/tienda\/producto\/medias-para-golf\/","title":{"rendered":"Medias para golf"},"content":{"rendered":"","protected":false},"excerpt":{"rendered":"<div class=\"container main content product-name--incrediwear-golf-socks\">\n<div class=\"product clearfix\">\n<div class=\"sixteen columns product__container\">\n<div class=\"product-4453651591\" data-free-text=\"Free\">\n<div class=\"section product_section clearfix js-product_section \" data-rv-handle=\"incrediwear-golf-socks\">\n<div class=\"seven columns medium-down--one-whole omega\">\n<div class=\"tabs-container\">\n<div class=\"custom-field custom-field__product-description custom-field__type--html\">\n<div class=\"custom-field--value\">\n<p>Los calcetines de golf Incrediwear alivian los dolores y la fatiga al pasar largas horas de pie o al participar en actividades como golf, tenis, ejercicio, senderismo, etc. Los calcetines de golf est\u00e1n dise\u00f1ados anat\u00f3micamente para pisada izquierda y derecha con puntera y taloneras de refrigeraci\u00f3n para proporcionar el m\u00e1ximo confort dentro y fuera del campo.<\/p>\n<\/div>\n<\/div>\n<\/div>\n<div class=\"meta\"><\/div>\n<\/div>\n<\/div>\n<\/div>\n<\/div>\n<\/div>\n<\/div>\n<div id=\"highlighted-reviews\">\n<div class=\"inner-container row\"><\/div>\n<\/div>\n","protected":false},"featured_media":7016,"comment_status":"open","ping_status":"closed","template":"","meta":{"_acf_changed":false,"inline_featured_image":false,"_joinchat":[]},"product_brand":[],"product_cat":[185,172,177],"product_tag":[188,245,164,189],"class_list":{"0":"post-6864","1":"product","2":"type-product","3":"status-publish","4":"has-post-thumbnail","6":"product_cat-incrediwear","7":"product_cat-parte-inferior-del-cuerpo","8":"product_cat-pies","9":"product_tag-calcetines","10":"product_tag-golf","11":"product_tag-incrediwear","12":"product_tag-medias","14":"first","15":"outofstock","16":"shipping-taxable","17":"purchasable","18":"product-type-variable"},"acf":[],"yoast_head":"<!-- This site is optimized with the Yoast SEO plugin v27.2 - https:\/\/yoast.com\/product\/yoast-seo-wordpress\/ -->\n<title>Medias para golf - Trauma Solutions<\/title>\n<meta name=\"robots\" content=\"index, follow, max-snippet:-1, max-image-preview:large, max-video-preview:-1\" \/>\n<link rel=\"canonical\" href=\"https:\/\/traumasolutions.pe\/tienda\/producto\/medias-para-golf\/\" \/>\n<meta property=\"og:locale\" content=\"es_ES\" \/>\n<meta property=\"og:type\" content=\"article\" \/>\n<meta property=\"og:title\" content=\"Medias para golf - Trauma Solutions\" \/>\n<meta property=\"og:description\" content=\"Los calcetines de golf Incrediwear alivian los dolores y la fatiga al pasar largas horas de pie o al participar en actividades como golf, tenis, ejercicio, senderismo, etc. Los calcetines de golf est\u00e1n dise\u00f1ados anat\u00f3micamente para pisada izquierda y derecha con puntera y taloneras de refrigeraci\u00f3n para proporcionar el m\u00e1ximo confort dentro y fuera del campo.\" \/>\n<meta property=\"og:url\" content=\"https:\/\/traumasolutions.pe\/tienda\/producto\/medias-para-golf\/\" \/>\n<meta property=\"og:site_name\" content=\"Trauma Solutions\" \/>\n<meta property=\"article:modified_time\" content=\"2025-09-02T22:11:02+00:00\" \/>\n<meta property=\"og:image\" content=\"https:\/\/traumasolutions.pe\/tienda\/wp-content\/uploads\/2020\/02\/CALCETINES-GOLF-BAJOS-NEGRO-Y-VERDE-1.jpg\" \/>\n\t<meta property=\"og:image:width\" content=\"2000\" \/>\n\t<meta property=\"og:image:height\" content=\"2000\" \/>\n\t<meta property=\"og:image:type\" content=\"image\/jpeg\" \/>\n<meta name=\"twitter:card\" content=\"summary_large_image\" \/>\n<meta name=\"twitter:label1\" content=\"Tiempo de lectura\" \/>\n\t<meta name=\"twitter:data1\" content=\"1 minuto\" \/>\n<script type=\"application\/ld+json\" class=\"yoast-schema-graph\">{\"@context\":\"https:\/\/schema.org\",\"@graph\":[{\"@type\":\"WebPage\",\"@id\":\"https:\/\/traumasolutions.pe\/tienda\/producto\/medias-para-golf\/\",\"url\":\"https:\/\/traumasolutions.pe\/tienda\/producto\/medias-para-golf\/\",\"name\":\"Medias para golf - Trauma Solutions\",\"isPartOf\":{\"@id\":\"https:\/\/traumasolutions.pe\/tienda\/#website\"},\"primaryImageOfPage\":{\"@id\":\"https:\/\/traumasolutions.pe\/tienda\/producto\/medias-para-golf\/#primaryimage\"},\"image\":{\"@id\":\"https:\/\/traumasolutions.pe\/tienda\/producto\/medias-para-golf\/#primaryimage\"},\"thumbnailUrl\":\"https:\/\/traumasolutions.pe\/tienda\/wp-content\/uploads\/2020\/02\/CALCETINES-GOLF-BAJOS-NEGRO-Y-VERDE-1.jpg\",\"datePublished\":\"2021-05-15T04:24:53+00:00\",\"dateModified\":\"2025-09-02T22:11:02+00:00\",\"breadcrumb\":{\"@id\":\"https:\/\/traumasolutions.pe\/tienda\/producto\/medias-para-golf\/#breadcrumb\"},\"inLanguage\":\"es\",\"potentialAction\":[{\"@type\":\"ReadAction\",\"target\":[\"https:\/\/traumasolutions.pe\/tienda\/producto\/medias-para-golf\/\"]}]},{\"@type\":\"ImageObject\",\"inLanguage\":\"es\",\"@id\":\"https:\/\/traumasolutions.pe\/tienda\/producto\/medias-para-golf\/#primaryimage\",\"url\":\"https:\/\/traumasolutions.pe\/tienda\/wp-content\/uploads\/2020\/02\/CALCETINES-GOLF-BAJOS-NEGRO-Y-VERDE-1.jpg\",\"contentUrl\":\"https:\/\/traumasolutions.pe\/tienda\/wp-content\/uploads\/2020\/02\/CALCETINES-GOLF-BAJOS-NEGRO-Y-VERDE-1.jpg\",\"width\":2000,\"height\":2000,\"caption\":\"Calcetines de golf, medias de golf\"},{\"@type\":\"BreadcrumbList\",\"@id\":\"https:\/\/traumasolutions.pe\/tienda\/producto\/medias-para-golf\/#breadcrumb\",\"itemListElement\":[{\"@type\":\"ListItem\",\"position\":1,\"name\":\"Portada\",\"item\":\"https:\/\/traumasolutions.pe\/tienda\/\"},{\"@type\":\"ListItem\",\"position\":2,\"name\":\"Shop\",\"item\":\"https:\/\/traumasolutions.pe\/tienda\/shop\/\"},{\"@type\":\"ListItem\",\"position\":3,\"name\":\"Medias para golf\"}]},{\"@type\":\"WebSite\",\"@id\":\"https:\/\/traumasolutions.pe\/tienda\/#website\",\"url\":\"https:\/\/traumasolutions.pe\/tienda\/\",\"name\":\"Trauma Solutions\",\"description\":\"Sitio Web Oficial\",\"potentialAction\":[{\"@type\":\"SearchAction\",\"target\":{\"@type\":\"EntryPoint\",\"urlTemplate\":\"https:\/\/traumasolutions.pe\/tienda\/?s={search_term_string}\"},\"query-input\":{\"@type\":\"PropertyValueSpecification\",\"valueRequired\":true,\"valueName\":\"search_term_string\"}}],\"inLanguage\":\"es\"}]}<\/script>\n<!-- \/ Yoast SEO plugin. -->","yoast_head_json":{"title":"Medias para golf - Trauma Solutions","robots":{"index":"index","follow":"follow","max-snippet":"max-snippet:-1","max-image-preview":"max-image-preview:large","max-video-preview":"max-video-preview:-1"},"canonical":"https:\/\/traumasolutions.pe\/tienda\/producto\/medias-para-golf\/","og_locale":"es_ES","og_type":"article","og_title":"Medias para golf - Trauma Solutions","og_description":"Los calcetines de golf Incrediwear alivian los dolores y la fatiga al pasar largas horas de pie o al participar en actividades como golf, tenis, ejercicio, senderismo, etc. Los calcetines de golf est\u00e1n dise\u00f1ados anat\u00f3micamente para pisada izquierda y derecha con puntera y taloneras de refrigeraci\u00f3n para proporcionar el m\u00e1ximo confort dentro y fuera del campo.","og_url":"https:\/\/traumasolutions.pe\/tienda\/producto\/medias-para-golf\/","og_site_name":"Trauma Solutions","article_modified_time":"2025-09-02T22:11:02+00:00","og_image":[{"width":2000,"height":2000,"url":"https:\/\/traumasolutions.pe\/tienda\/wp-content\/uploads\/2020\/02\/CALCETINES-GOLF-BAJOS-NEGRO-Y-VERDE-1.jpg","type":"image\/jpeg"}],"twitter_card":"summary_large_image","twitter_misc":{"Tiempo de lectura":"1 minuto"},"schema":{"@context":"https:\/\/schema.org","@graph":[{"@type":"WebPage","@id":"https:\/\/traumasolutions.pe\/tienda\/producto\/medias-para-golf\/","url":"https:\/\/traumasolutions.pe\/tienda\/producto\/medias-para-golf\/","name":"Medias para golf - Trauma Solutions","isPartOf":{"@id":"https:\/\/traumasolutions.pe\/tienda\/#website"},"primaryImageOfPage":{"@id":"https:\/\/traumasolutions.pe\/tienda\/producto\/medias-para-golf\/#primaryimage"},"image":{"@id":"https:\/\/traumasolutions.pe\/tienda\/producto\/medias-para-golf\/#primaryimage"},"thumbnailUrl":"https:\/\/traumasolutions.pe\/tienda\/wp-content\/uploads\/2020\/02\/CALCETINES-GOLF-BAJOS-NEGRO-Y-VERDE-1.jpg","datePublished":"2021-05-15T04:24:53+00:00","dateModified":"2025-09-02T22:11:02+00:00","breadcrumb":{"@id":"https:\/\/traumasolutions.pe\/tienda\/producto\/medias-para-golf\/#breadcrumb"},"inLanguage":"es","potentialAction":[{"@type":"ReadAction","target":["https:\/\/traumasolutions.pe\/tienda\/producto\/medias-para-golf\/"]}]},{"@type":"ImageObject","inLanguage":"es","@id":"https:\/\/traumasolutions.pe\/tienda\/producto\/medias-para-golf\/#primaryimage","url":"https:\/\/traumasolutions.pe\/tienda\/wp-content\/uploads\/2020\/02\/CALCETINES-GOLF-BAJOS-NEGRO-Y-VERDE-1.jpg","contentUrl":"https:\/\/traumasolutions.pe\/tienda\/wp-content\/uploads\/2020\/02\/CALCETINES-GOLF-BAJOS-NEGRO-Y-VERDE-1.jpg","width":2000,"height":2000,"caption":"Calcetines de golf, medias de golf"},{"@type":"BreadcrumbList","@id":"https:\/\/traumasolutions.pe\/tienda\/producto\/medias-para-golf\/#breadcrumb","itemListElement":[{"@type":"ListItem","position":1,"name":"Portada","item":"https:\/\/traumasolutions.pe\/tienda\/"},{"@type":"ListItem","position":2,"name":"Shop","item":"https:\/\/traumasolutions.pe\/tienda\/shop\/"},{"@type":"ListItem","position":3,"name":"Medias para golf"}]},{"@type":"WebSite","@id":"https:\/\/traumasolutions.pe\/tienda\/#website","url":"https:\/\/traumasolutions.pe\/tienda\/","name":"Trauma Solutions","description":"Sitio Web Oficial","potentialAction":[{"@type":"SearchAction","target":{"@type":"EntryPoint","urlTemplate":"https:\/\/traumasolutions.pe\/tienda\/?s={search_term_string}"},"query-input":{"@type":"PropertyValueSpecification","valueRequired":true,"valueName":"search_term_string"}}],"inLanguage":"es"}]}},"_links":{"self":[{"href":"https:\/\/traumasolutions.pe\/tienda\/wp-json\/wp\/v2\/product\/6864","targetHints":{"allow":["GET"]}}],"collection":[{"href":"https:\/\/traumasolutions.pe\/tienda\/wp-json\/wp\/v2\/product"}],"about":[{"href":"https:\/\/traumasolutions.pe\/tienda\/wp-json\/wp\/v2\/types\/product"}],"replies":[{"embeddable":true,"href":"https:\/\/traumasolutions.pe\/tienda\/wp-json\/wp\/v2\/comments?post=6864"}],"version-history":[{"count":8,"href":"https:\/\/traumasolutions.pe\/tienda\/wp-json\/wp\/v2\/product\/6864\/revisions"}],"predecessor-version":[{"id":9022,"href":"https:\/\/traumasolutions.pe\/tienda\/wp-json\/wp\/v2\/product\/6864\/revisions\/9022"}],"wp:featuredmedia":[{"embeddable":true,"href":"https:\/\/traumasolutions.pe\/tienda\/wp-json\/wp\/v2\/media\/7016"}],"wp:attachment":[{"href":"https:\/\/traumasolutions.pe\/tienda\/wp-json\/wp\/v2\/media?parent=6864"}],"wp:term":[{"taxonomy":"product_brand","embeddable":true,"href":"https:\/\/traumasolutions.pe\/tienda\/wp-json\/wp\/v2\/product_brand?post=6864"},{"taxonomy":"product_cat","embeddable":true,"href":"https:\/\/traumasolutions.pe\/tienda\/wp-json\/wp\/v2\/product_cat?post=6864"},{"taxonomy":"product_tag","embeddable":true,"href":"https:\/\/traumasolutions.pe\/tienda\/wp-json\/wp\/v2\/product_tag?post=6864"}],"curies":[{"name":"wp","href":"https:\/\/api.w.org\/{rel}","templated":true}]}}