{"id":6869,"date":"2021-05-15T04:26:41","date_gmt":"2021-05-15T04:26:41","guid":{"rendered":"https:\/\/traumasolutions.pe\/tienda\/?post_type=product&#038;p=6869"},"modified":"2023-01-16T22:44:27","modified_gmt":"2023-01-16T22:44:27","slug":"short-de-circulacion","status":"publish","type":"product","link":"https:\/\/traumasolutions.pe\/tienda\/producto\/short-de-circulacion\/","title":{"rendered":"Short de circulaci\u00f3n"},"content":{"rendered":"","protected":false},"excerpt":{"rendered":"<p>Para los atletas que buscan superar los l\u00edmites de su rendimiento, los pantalones cortos de circulaci\u00f3n Incrediwear mejoran la capacidad de rendimiento al acelerar la capacidad del cuerpo para recuperarse.\u00a0Los pantalones cortos de circulaci\u00f3n son una capa base que se puede usar durante y despu\u00e9s de la actividad para reducir la fatiga muscular y mejorar el rendimiento.<\/p>\n<p>Para obtener los mejores resultados, use los pantalones cortos de circulaci\u00f3n para aliviar los s\u00edntomas asociados con:<\/p>\n<ul>\n<li>Fatiga muscular<\/li>\n<li>Nervio pellizcado<\/li>\n<li>Lesiones de cadera<\/li>\n<li>Lesiones en la ingle<\/li>\n<\/ul>\n","protected":false},"featured_media":6984,"comment_status":"open","ping_status":"closed","template":"","meta":{"_acf_changed":false,"inline_featured_image":false,"_joinchat":[]},"product_brand":[],"product_cat":[185,172,174],"product_tag":[164,240],"class_list":{"0":"post-6869","1":"product","2":"type-product","3":"status-publish","4":"has-post-thumbnail","6":"product_cat-incrediwear","7":"product_cat-parte-inferior-del-cuerpo","8":"product_cat-piernas","9":"product_tag-incrediwear","10":"product_tag-short","12":"first","13":"instock","14":"shipping-taxable","15":"purchasable","16":"product-type-variable"},"acf":[],"yoast_head":"<!-- This site is optimized with the Yoast SEO plugin v27.2 - https:\/\/yoast.com\/product\/yoast-seo-wordpress\/ -->\n<title>Short de circulaci\u00f3n - Trauma Solutions<\/title>\n<meta name=\"robots\" content=\"index, follow, max-snippet:-1, max-image-preview:large, max-video-preview:-1\" \/>\n<link rel=\"canonical\" href=\"https:\/\/traumasolutions.pe\/tienda\/producto\/short-de-circulacion\/\" \/>\n<meta property=\"og:locale\" content=\"es_ES\" \/>\n<meta property=\"og:type\" content=\"article\" \/>\n<meta property=\"og:title\" content=\"Short de circulaci\u00f3n - Trauma Solutions\" \/>\n<meta property=\"og:description\" content=\"Para los atletas que buscan superar los l\u00edmites de su rendimiento, los pantalones cortos de circulaci\u00f3n Incrediwear mejoran la capacidad de rendimiento al acelerar la capacidad del cuerpo para recuperarse.\u00a0Los pantalones cortos de circulaci\u00f3n son una capa base que se puede usar durante y despu\u00e9s de la actividad para reducir la fatiga muscular y mejorar el rendimiento.  Para obtener los mejores resultados, use los pantalones cortos de circulaci\u00f3n para aliviar los s\u00edntomas asociados con:   Fatiga muscular  Nervio pellizcado  Lesiones de cadera  Lesiones en la ingle\" \/>\n<meta property=\"og:url\" content=\"https:\/\/traumasolutions.pe\/tienda\/producto\/short-de-circulacion\/\" \/>\n<meta property=\"og:site_name\" content=\"Trauma Solutions\" \/>\n<meta property=\"article:modified_time\" content=\"2023-01-16T22:44:27+00:00\" \/>\n<meta property=\"og:image\" content=\"https:\/\/traumasolutions.pe\/tienda\/wp-content\/uploads\/2020\/02\/PANTALONES-CORTOS-DE-CIRCULACION-NEGROS-1.jpg\" \/>\n\t<meta property=\"og:image:width\" content=\"2000\" \/>\n\t<meta property=\"og:image:height\" content=\"2000\" \/>\n\t<meta property=\"og:image:type\" content=\"image\/jpeg\" \/>\n<meta name=\"twitter:card\" content=\"summary_large_image\" \/>\n<script type=\"application\/ld+json\" class=\"yoast-schema-graph\">{\"@context\":\"https:\/\/schema.org\",\"@graph\":[{\"@type\":\"WebPage\",\"@id\":\"https:\/\/traumasolutions.pe\/tienda\/producto\/short-de-circulacion\/\",\"url\":\"https:\/\/traumasolutions.pe\/tienda\/producto\/short-de-circulacion\/\",\"name\":\"Short de circulaci\u00f3n - Trauma Solutions\",\"isPartOf\":{\"@id\":\"https:\/\/traumasolutions.pe\/tienda\/#website\"},\"primaryImageOfPage\":{\"@id\":\"https:\/\/traumasolutions.pe\/tienda\/producto\/short-de-circulacion\/#primaryimage\"},\"image\":{\"@id\":\"https:\/\/traumasolutions.pe\/tienda\/producto\/short-de-circulacion\/#primaryimage\"},\"thumbnailUrl\":\"https:\/\/traumasolutions.pe\/tienda\/wp-content\/uploads\/2020\/02\/PANTALONES-CORTOS-DE-CIRCULACION-NEGROS-1.jpg\",\"datePublished\":\"2021-05-15T04:26:41+00:00\",\"dateModified\":\"2023-01-16T22:44:27+00:00\",\"breadcrumb\":{\"@id\":\"https:\/\/traumasolutions.pe\/tienda\/producto\/short-de-circulacion\/#breadcrumb\"},\"inLanguage\":\"es\",\"potentialAction\":[{\"@type\":\"ReadAction\",\"target\":[\"https:\/\/traumasolutions.pe\/tienda\/producto\/short-de-circulacion\/\"]}]},{\"@type\":\"ImageObject\",\"inLanguage\":\"es\",\"@id\":\"https:\/\/traumasolutions.pe\/tienda\/producto\/short-de-circulacion\/#primaryimage\",\"url\":\"https:\/\/traumasolutions.pe\/tienda\/wp-content\/uploads\/2020\/02\/PANTALONES-CORTOS-DE-CIRCULACION-NEGROS-1.jpg\",\"contentUrl\":\"https:\/\/traumasolutions.pe\/tienda\/wp-content\/uploads\/2020\/02\/PANTALONES-CORTOS-DE-CIRCULACION-NEGROS-1.jpg\",\"width\":2000,\"height\":2000,\"caption\":\"Pantal\u00f3n, pantalones, short\"},{\"@type\":\"BreadcrumbList\",\"@id\":\"https:\/\/traumasolutions.pe\/tienda\/producto\/short-de-circulacion\/#breadcrumb\",\"itemListElement\":[{\"@type\":\"ListItem\",\"position\":1,\"name\":\"Portada\",\"item\":\"https:\/\/traumasolutions.pe\/tienda\/\"},{\"@type\":\"ListItem\",\"position\":2,\"name\":\"Shop\",\"item\":\"https:\/\/traumasolutions.pe\/tienda\/shop\/\"},{\"@type\":\"ListItem\",\"position\":3,\"name\":\"Short de circulaci\u00f3n\"}]},{\"@type\":\"WebSite\",\"@id\":\"https:\/\/traumasolutions.pe\/tienda\/#website\",\"url\":\"https:\/\/traumasolutions.pe\/tienda\/\",\"name\":\"Trauma Solutions\",\"description\":\"Sitio Web Oficial\",\"potentialAction\":[{\"@type\":\"SearchAction\",\"target\":{\"@type\":\"EntryPoint\",\"urlTemplate\":\"https:\/\/traumasolutions.pe\/tienda\/?s={search_term_string}\"},\"query-input\":{\"@type\":\"PropertyValueSpecification\",\"valueRequired\":true,\"valueName\":\"search_term_string\"}}],\"inLanguage\":\"es\"}]}<\/script>\n<!-- \/ Yoast SEO plugin. -->","yoast_head_json":{"title":"Short de circulaci\u00f3n - Trauma Solutions","robots":{"index":"index","follow":"follow","max-snippet":"max-snippet:-1","max-image-preview":"max-image-preview:large","max-video-preview":"max-video-preview:-1"},"canonical":"https:\/\/traumasolutions.pe\/tienda\/producto\/short-de-circulacion\/","og_locale":"es_ES","og_type":"article","og_title":"Short de circulaci\u00f3n - Trauma Solutions","og_description":"Para los atletas que buscan superar los l\u00edmites de su rendimiento, los pantalones cortos de circulaci\u00f3n Incrediwear mejoran la capacidad de rendimiento al acelerar la capacidad del cuerpo para recuperarse.\u00a0Los pantalones cortos de circulaci\u00f3n son una capa base que se puede usar durante y despu\u00e9s de la actividad para reducir la fatiga muscular y mejorar el rendimiento.  Para obtener los mejores resultados, use los pantalones cortos de circulaci\u00f3n para aliviar los s\u00edntomas asociados con:   Fatiga muscular  Nervio pellizcado  Lesiones de cadera  Lesiones en la ingle","og_url":"https:\/\/traumasolutions.pe\/tienda\/producto\/short-de-circulacion\/","og_site_name":"Trauma Solutions","article_modified_time":"2023-01-16T22:44:27+00:00","og_image":[{"width":2000,"height":2000,"url":"https:\/\/traumasolutions.pe\/tienda\/wp-content\/uploads\/2020\/02\/PANTALONES-CORTOS-DE-CIRCULACION-NEGROS-1.jpg","type":"image\/jpeg"}],"twitter_card":"summary_large_image","schema":{"@context":"https:\/\/schema.org","@graph":[{"@type":"WebPage","@id":"https:\/\/traumasolutions.pe\/tienda\/producto\/short-de-circulacion\/","url":"https:\/\/traumasolutions.pe\/tienda\/producto\/short-de-circulacion\/","name":"Short de circulaci\u00f3n - Trauma Solutions","isPartOf":{"@id":"https:\/\/traumasolutions.pe\/tienda\/#website"},"primaryImageOfPage":{"@id":"https:\/\/traumasolutions.pe\/tienda\/producto\/short-de-circulacion\/#primaryimage"},"image":{"@id":"https:\/\/traumasolutions.pe\/tienda\/producto\/short-de-circulacion\/#primaryimage"},"thumbnailUrl":"https:\/\/traumasolutions.pe\/tienda\/wp-content\/uploads\/2020\/02\/PANTALONES-CORTOS-DE-CIRCULACION-NEGROS-1.jpg","datePublished":"2021-05-15T04:26:41+00:00","dateModified":"2023-01-16T22:44:27+00:00","breadcrumb":{"@id":"https:\/\/traumasolutions.pe\/tienda\/producto\/short-de-circulacion\/#breadcrumb"},"inLanguage":"es","potentialAction":[{"@type":"ReadAction","target":["https:\/\/traumasolutions.pe\/tienda\/producto\/short-de-circulacion\/"]}]},{"@type":"ImageObject","inLanguage":"es","@id":"https:\/\/traumasolutions.pe\/tienda\/producto\/short-de-circulacion\/#primaryimage","url":"https:\/\/traumasolutions.pe\/tienda\/wp-content\/uploads\/2020\/02\/PANTALONES-CORTOS-DE-CIRCULACION-NEGROS-1.jpg","contentUrl":"https:\/\/traumasolutions.pe\/tienda\/wp-content\/uploads\/2020\/02\/PANTALONES-CORTOS-DE-CIRCULACION-NEGROS-1.jpg","width":2000,"height":2000,"caption":"Pantal\u00f3n, pantalones, short"},{"@type":"BreadcrumbList","@id":"https:\/\/traumasolutions.pe\/tienda\/producto\/short-de-circulacion\/#breadcrumb","itemListElement":[{"@type":"ListItem","position":1,"name":"Portada","item":"https:\/\/traumasolutions.pe\/tienda\/"},{"@type":"ListItem","position":2,"name":"Shop","item":"https:\/\/traumasolutions.pe\/tienda\/shop\/"},{"@type":"ListItem","position":3,"name":"Short de circulaci\u00f3n"}]},{"@type":"WebSite","@id":"https:\/\/traumasolutions.pe\/tienda\/#website","url":"https:\/\/traumasolutions.pe\/tienda\/","name":"Trauma Solutions","description":"Sitio Web Oficial","potentialAction":[{"@type":"SearchAction","target":{"@type":"EntryPoint","urlTemplate":"https:\/\/traumasolutions.pe\/tienda\/?s={search_term_string}"},"query-input":{"@type":"PropertyValueSpecification","valueRequired":true,"valueName":"search_term_string"}}],"inLanguage":"es"}]}},"_links":{"self":[{"href":"https:\/\/traumasolutions.pe\/tienda\/wp-json\/wp\/v2\/product\/6869","targetHints":{"allow":["GET"]}}],"collection":[{"href":"https:\/\/traumasolutions.pe\/tienda\/wp-json\/wp\/v2\/product"}],"about":[{"href":"https:\/\/traumasolutions.pe\/tienda\/wp-json\/wp\/v2\/types\/product"}],"replies":[{"embeddable":true,"href":"https:\/\/traumasolutions.pe\/tienda\/wp-json\/wp\/v2\/comments?post=6869"}],"version-history":[{"count":7,"href":"https:\/\/traumasolutions.pe\/tienda\/wp-json\/wp\/v2\/product\/6869\/revisions"}],"predecessor-version":[{"id":8425,"href":"https:\/\/traumasolutions.pe\/tienda\/wp-json\/wp\/v2\/product\/6869\/revisions\/8425"}],"wp:featuredmedia":[{"embeddable":true,"href":"https:\/\/traumasolutions.pe\/tienda\/wp-json\/wp\/v2\/media\/6984"}],"wp:attachment":[{"href":"https:\/\/traumasolutions.pe\/tienda\/wp-json\/wp\/v2\/media?parent=6869"}],"wp:term":[{"taxonomy":"product_brand","embeddable":true,"href":"https:\/\/traumasolutions.pe\/tienda\/wp-json\/wp\/v2\/product_brand?post=6869"},{"taxonomy":"product_cat","embeddable":true,"href":"https:\/\/traumasolutions.pe\/tienda\/wp-json\/wp\/v2\/product_cat?post=6869"},{"taxonomy":"product_tag","embeddable":true,"href":"https:\/\/traumasolutions.pe\/tienda\/wp-json\/wp\/v2\/product_tag?post=6869"}],"curies":[{"name":"wp","href":"https:\/\/api.w.org\/{rel}","templated":true}]}}